{"id":35505,"date":"2025-10-06T10:09:56","date_gmt":"2025-10-06T10:09:56","guid":{"rendered":"https:\/\/www.candini.com\/?post_type=product&#038;p=35505"},"modified":"2026-02-06T11:14:51","modified_gmt":"2026-02-06T11:14:51","slug":"barniz-mate-incoloro-heavy-duty-polyvine","status":"publish","type":"product","link":"https:\/\/www.candini.com\/en\/producto\/barniz-mate-incoloro-heavy-duty-polyvine\/","title":{"rendered":"Barniz mate incoloro Heavy Duty Extreme Polyvine 1L"},"content":{"rendered":"<h3 data-start=\"78\" data-end=\"120\"><strong data-start=\"82\" data-end=\"120\">Barniz Extreme de Alta Resistencia<\/strong><\/h3>\n<p data-start=\"122\" data-end=\"295\">Nuestro <strong data-start=\"130\" data-end=\"159\">barniz Heavy Duty Extreme<\/strong> es ideal para superficies <strong data-start=\"186\" data-end=\"213\">interiores y exteriores<\/strong> que necesiten un acabado <strong data-start=\"239\" data-end=\"292\">ultrarresistente, impermeable y con protecci\u00f3n UV<\/strong>.<\/p>\n<p data-start=\"297\" data-end=\"440\">Es el <strong data-start=\"303\" data-end=\"355\">barniz perfecto para lograr la m\u00e1xima protecci\u00f3n<\/strong>, ofreciendo un nivel de acabado industrial tanto en interiores como en exteriores.<\/p>\n<p data-start=\"442\" data-end=\"650\">Su <strong data-start=\"445\" data-end=\"480\">bloqueo y absorci\u00f3n de rayos UV<\/strong> reduce el <strong data-start=\"491\" data-end=\"544\">envejecimiento, el deterioro y el cambio de color<\/strong> de las superficies. Adem\u00e1s, contiene <strong data-start=\"582\" data-end=\"647\">biocidas que protegen contra el moho, los hongos y la humedad<\/strong>.<\/p>\n<p data-start=\"652\" data-end=\"852\">Disponible en acabados <strong data-start=\"675\" data-end=\"687\">satinado<\/strong> y <strong data-start=\"690\" data-end=\"719\">mate absoluto (dead flat)<\/strong>.<br data-start=\"720\" data-end=\"723\" \/>Para obtener una <strong data-start=\"740\" data-end=\"766\">protecci\u00f3n UV completa<\/strong>, aplica <strong data-start=\"775\" data-end=\"802\">tres capas del satinado<\/strong> antes de una <strong data-start=\"816\" data-end=\"849\">\u00faltima capa del mate absoluto<\/strong>.<\/p>\n<p data-start=\"854\" data-end=\"963\">La gama de barnices <strong data-start=\"874\" data-end=\"888\">Heavy Duty<\/strong> ofrece <strong data-start=\"896\" data-end=\"960\">la mayor protecci\u00f3n en un solo componente jam\u00e1s desarrollada<\/strong>.<\/p>\n<p data-start=\"965\" data-end=\"982\"><strong data-start=\"965\" data-end=\"976\">Tama\u00f1o:<\/strong> 1 L<\/p>\n","protected":false},"excerpt":{"rendered":"<h2 data-start=\"120\" data-end=\"174\"><strong data-start=\"123\" data-end=\"174\">Barniz Extreme de Alta Resistencia \u2013 Heavy Duty<\/strong><\/h2>\n<h3 data-start=\"176\" data-end=\"198\">\ud83e\uddf1 <strong data-start=\"183\" data-end=\"198\">Descripci\u00f3n<\/strong><\/h3>\n<p data-start=\"199\" data-end=\"532\">Nuestro <strong data-start=\"207\" data-end=\"236\">barniz Heavy Duty Extreme<\/strong> es ideal para superficies <strong data-start=\"263\" data-end=\"290\">interiores y exteriores<\/strong> que necesiten un acabado <strong data-start=\"316\" data-end=\"369\">ultrarresistente, impermeable y con protecci\u00f3n UV<\/strong>.<br data-start=\"370\" data-end=\"373\" \/>Proporciona un <strong data-start=\"388\" data-end=\"422\">nivel de protecci\u00f3n industrial<\/strong>, perfecto para muebles, puertas, encimeras, suelos o cualquier superficie que deba resistir el uso intensivo.<\/p>\n<hr data-start=\"534\" data-end=\"537\" \/>\n<h3 data-start=\"539\" data-end=\"565\">\ud83c\udf1e <strong data-start=\"546\" data-end=\"565\">Caracter\u00edsticas<\/strong><\/h3>\n<ul data-start=\"566\" data-end=\"939\">\n<li data-start=\"566\" data-end=\"613\">\n<p data-start=\"568\" data-end=\"613\">Acabado <strong data-start=\"576\" data-end=\"610\">impermeable y ultrarresistente<\/strong>.<\/p>\n<\/li>\n<li data-start=\"614\" data-end=\"700\">\n<p data-start=\"616\" data-end=\"700\"><strong data-start=\"616\" data-end=\"633\">Protecci\u00f3n UV<\/strong> que reduce el envejecimiento, el deterioro y el cambio de color.<\/p>\n<\/li>\n<li data-start=\"701\" data-end=\"765\">\n<p data-start=\"703\" data-end=\"765\"><strong data-start=\"703\" data-end=\"715\">Biocidas<\/strong> que previenen el moho, los hongos y la humedad.<\/p>\n<\/li>\n<li data-start=\"766\" data-end=\"843\">\n<p data-start=\"768\" data-end=\"843\">Disponible en dos acabados: <strong data-start=\"796\" data-end=\"808\">Satinado<\/strong> y <strong data-start=\"811\" data-end=\"840\">Mate absoluto (Dead Flat)<\/strong>.<\/p>\n<\/li>\n<li data-start=\"844\" data-end=\"939\">\n<p data-start=\"846\" data-end=\"939\">Formulaci\u00f3n de <strong data-start=\"861\" data-end=\"883\">un solo componente<\/strong>, con la <strong data-start=\"892\" data-end=\"913\">m\u00e1xima protecci\u00f3n<\/strong> desarrollada hasta ahora.<\/p>\n<\/li>\n<\/ul>\n<hr data-start=\"941\" data-end=\"944\" \/>\n<h3 data-start=\"946\" data-end=\"968\">\ud83c\udfa8 <strong data-start=\"953\" data-end=\"968\">Modo de uso<\/strong><\/h3>\n<ol data-start=\"969\" data-end=\"1274\">\n<li data-start=\"969\" data-end=\"1016\">\n<p data-start=\"972\" data-end=\"1016\">Aplica sobre una superficie limpia y seca.<\/p>\n<\/li>\n<li data-start=\"1017\" data-end=\"1099\">\n<p data-start=\"1020\" data-end=\"1099\">Para una <strong data-start=\"1029\" data-end=\"1055\">protecci\u00f3n UV completa<\/strong>, aplica <strong data-start=\"1064\" data-end=\"1096\">3 capas del acabado satinado<\/strong>.<\/p>\n<\/li>\n<li data-start=\"1100\" data-end=\"1195\">\n<p data-start=\"1103\" data-end=\"1195\">Finaliza con <strong data-start=\"1116\" data-end=\"1164\">1 capa del acabado mate absoluto (Dead Flat)<\/strong> para un acabado m\u00e1s natural.<\/p>\n<\/li>\n<li data-start=\"1196\" data-end=\"1274\">\n<p data-start=\"1199\" data-end=\"1274\">Deja secar completamente entre capas seg\u00fan las indicaciones del fabricante.<\/p>\n<\/li>\n<\/ol>\n<hr data-start=\"1276\" data-end=\"1279\" \/>\n<h3 data-start=\"1281\" data-end=\"1298\">\u2696\ufe0f <strong data-start=\"1288\" data-end=\"1298\">Tama\u00f1o<\/strong><\/h3>\n<p data-start=\"1299\" data-end=\"1310\"><strong data-start=\"1299\" data-end=\"1310\">1 Litro<\/strong><\/p>\n","protected":false},"featured_media":35506,"comment_status":"open","ping_status":"closed","template":"","meta":{"_genesis_hide_title":false,"_genesis_hide_breadcrumbs":false,"_genesis_hide_singular_image":false,"_genesis_hide_footer_widgets":false,"_genesis_custom_body_class":"","_genesis_custom_post_class":"","_genesis_layout":""},"product_cat":[224],"product_tag":[66,67],"class_list":{"0":"post-35505","1":"product","2":"type-product","3":"status-publish","4":"has-post-thumbnail","6":"product_cat-preparacion-y-acabados","7":"product_tag-fusion-mineral-paint","8":"product_tag-tough-coat","9":"entry","11":"first","12":"onbackorder","13":"taxable","14":"shipping-taxable","15":"purchasable","16":"product-type-simple"},"yoast_head":"<!-- This site is optimized with the Yoast SEO plugin v25.9 - https:\/\/yoast.com\/wordpress\/plugins\/seo\/ -->\n<title>Barniz mate incoloro Heavy Duty Extreme Polyvine 1L - Candini<\/title>\n<meta name=\"description\" content=\"Barniz para madera de alta resistencia, ideal para restauraci\u00f3n y decoraci\u00f3n de muebles. Heavy Duty Extreme: impermeable, con protecci\u00f3n UV y acabado satinado o mate profesional.\" \/>\n<meta name=\"robots\" content=\"index, follow, max-snippet:-1, max-image-preview:large, max-video-preview:-1\" \/>\n<link rel=\"canonical\" href=\"https:\/\/www.candini.com\/producto\/barniz-mate-incoloro-heavy-duty-polyvine\/\" \/>\n<meta property=\"og:locale\" content=\"en_US\" \/>\n<meta property=\"og:type\" content=\"article\" \/>\n<meta property=\"og:title\" content=\"Barniz mate incoloro Heavy Duty Extreme Polyvine 1L - Candini\" \/>\n<meta property=\"og:description\" content=\"Barniz para madera de alta resistencia, ideal para restauraci\u00f3n y decoraci\u00f3n de muebles. Heavy Duty Extreme: impermeable, con protecci\u00f3n UV y acabado satinado o mate profesional.\" \/>\n<meta property=\"og:url\" content=\"https:\/\/www.candini.com\/producto\/barniz-mate-incoloro-heavy-duty-polyvine\/\" \/>\n<meta property=\"og:site_name\" content=\"Candini\" \/>\n<meta property=\"article:modified_time\" content=\"2026-02-06T11:14:51+00:00\" \/>\n<meta property=\"og:image\" content=\"https:\/\/www.candini.com\/wp-content\/uploads\/2025\/10\/heavydutyextremevarnishdeadflatfinish1litre.jpg\" \/>\n\t<meta property=\"og:image:width\" content=\"1000\" \/>\n\t<meta property=\"og:image:height\" content=\"1000\" \/>\n\t<meta property=\"og:image:type\" content=\"image\/jpeg\" \/>\n<meta name=\"twitter:card\" content=\"summary_large_image\" \/>\n<meta name=\"twitter:label1\" content=\"Est. reading time\" \/>\n\t<meta name=\"twitter:data1\" content=\"1 minute\" \/>\n<script type=\"application\/ld+json\" class=\"yoast-schema-graph\">{\"@context\":\"https:\/\/schema.org\",\"@graph\":[{\"@type\":\"WebPage\",\"@id\":\"https:\/\/www.candini.com\/producto\/barniz-mate-incoloro-heavy-duty-polyvine\/\",\"url\":\"https:\/\/www.candini.com\/producto\/barniz-mate-incoloro-heavy-duty-polyvine\/\",\"name\":\"Barniz mate incoloro Heavy Duty Extreme Polyvine 1L - Candini\",\"isPartOf\":{\"@id\":\"https:\/\/www.candini.com\/#website\"},\"primaryImageOfPage\":{\"@id\":\"https:\/\/www.candini.com\/producto\/barniz-mate-incoloro-heavy-duty-polyvine\/#primaryimage\"},\"image\":{\"@id\":\"https:\/\/www.candini.com\/producto\/barniz-mate-incoloro-heavy-duty-polyvine\/#primaryimage\"},\"thumbnailUrl\":\"https:\/\/www.candini.com\/wp-content\/uploads\/2025\/10\/heavydutyextremevarnishdeadflatfinish1litre.jpg\",\"datePublished\":\"2025-10-06T10:09:56+00:00\",\"dateModified\":\"2026-02-06T11:14:51+00:00\",\"description\":\"Barniz para madera de alta resistencia, ideal para restauraci\u00f3n y decoraci\u00f3n de muebles. Heavy Duty Extreme: impermeable, con protecci\u00f3n UV y acabado satinado o mate profesional.\",\"breadcrumb\":{\"@id\":\"https:\/\/www.candini.com\/producto\/barniz-mate-incoloro-heavy-duty-polyvine\/#breadcrumb\"},\"inLanguage\":\"en-US\",\"potentialAction\":[{\"@type\":\"ReadAction\",\"target\":[\"https:\/\/www.candini.com\/producto\/barniz-mate-incoloro-heavy-duty-polyvine\/\"]}]},{\"@type\":\"ImageObject\",\"inLanguage\":\"en-US\",\"@id\":\"https:\/\/www.candini.com\/producto\/barniz-mate-incoloro-heavy-duty-polyvine\/#primaryimage\",\"url\":\"https:\/\/www.candini.com\/wp-content\/uploads\/2025\/10\/heavydutyextremevarnishdeadflatfinish1litre.jpg\",\"contentUrl\":\"https:\/\/www.candini.com\/wp-content\/uploads\/2025\/10\/heavydutyextremevarnishdeadflatfinish1litre.jpg\",\"width\":1000,\"height\":1000,\"caption\":\"Barniz para madera de alta resistencia, ideal para restauraci\u00f3n y decoraci\u00f3n de muebles. Heavy Duty Extreme: impermeable, con protecci\u00f3n UV y acabado satinado o mate profesional.\"},{\"@type\":\"BreadcrumbList\",\"@id\":\"https:\/\/www.candini.com\/producto\/barniz-mate-incoloro-heavy-duty-polyvine\/#breadcrumb\",\"itemListElement\":[{\"@type\":\"ListItem\",\"position\":1,\"name\":\"Portada\",\"item\":\"https:\/\/www.candini.com\/en\/\"},{\"@type\":\"ListItem\",\"position\":2,\"name\":\"Shop\",\"item\":\"https:\/\/www.candini.com\/en\/shop\/\"},{\"@type\":\"ListItem\",\"position\":3,\"name\":\"Barniz mate incoloro Heavy Duty Extreme Polyvine 1L\"}]},{\"@type\":\"WebSite\",\"@id\":\"https:\/\/www.candini.com\/#website\",\"url\":\"https:\/\/www.candini.com\/\",\"name\":\"Candini\",\"description\":\"Mobles i Restauraci\u00f3\",\"publisher\":{\"@id\":\"https:\/\/www.candini.com\/#organization\"},\"potentialAction\":[{\"@type\":\"SearchAction\",\"target\":{\"@type\":\"EntryPoint\",\"urlTemplate\":\"https:\/\/www.candini.com\/?s={search_term_string}\"},\"query-input\":{\"@type\":\"PropertyValueSpecification\",\"valueRequired\":true,\"valueName\":\"search_term_string\"}}],\"inLanguage\":\"en-US\"},{\"@type\":\"Organization\",\"@id\":\"https:\/\/www.candini.com\/#organization\",\"name\":\"Candini\",\"url\":\"https:\/\/www.candini.com\/\",\"logo\":{\"@type\":\"ImageObject\",\"inLanguage\":\"en-US\",\"@id\":\"https:\/\/www.candini.com\/#\/schema\/logo\/image\/\",\"url\":\"https:\/\/www.candini.com\/wp-content\/uploads\/2021\/12\/cropped-cropped-Logo_nou.png\",\"contentUrl\":\"https:\/\/www.candini.com\/wp-content\/uploads\/2021\/12\/cropped-cropped-Logo_nou.png\",\"width\":498,\"height\":194,\"caption\":\"Candini\"},\"image\":{\"@id\":\"https:\/\/www.candini.com\/#\/schema\/logo\/image\/\"}}]}<\/script>\n<!-- \/ Yoast SEO plugin. -->","yoast_head_json":{"title":"Barniz mate incoloro Heavy Duty Extreme Polyvine 1L - Candini","description":"Barniz para madera de alta resistencia, ideal para restauraci\u00f3n y decoraci\u00f3n de muebles. Heavy Duty Extreme: impermeable, con protecci\u00f3n UV y acabado satinado o mate profesional.","robots":{"index":"index","follow":"follow","max-snippet":"max-snippet:-1","max-image-preview":"max-image-preview:large","max-video-preview":"max-video-preview:-1"},"canonical":"https:\/\/www.candini.com\/producto\/barniz-mate-incoloro-heavy-duty-polyvine\/","og_locale":"en_US","og_type":"article","og_title":"Barniz mate incoloro Heavy Duty Extreme Polyvine 1L - Candini","og_description":"Barniz para madera de alta resistencia, ideal para restauraci\u00f3n y decoraci\u00f3n de muebles. Heavy Duty Extreme: impermeable, con protecci\u00f3n UV y acabado satinado o mate profesional.","og_url":"https:\/\/www.candini.com\/producto\/barniz-mate-incoloro-heavy-duty-polyvine\/","og_site_name":"Candini","article_modified_time":"2026-02-06T11:14:51+00:00","og_image":[{"width":1000,"height":1000,"url":"https:\/\/www.candini.com\/wp-content\/uploads\/2025\/10\/heavydutyextremevarnishdeadflatfinish1litre.jpg","type":"image\/jpeg"}],"twitter_card":"summary_large_image","twitter_misc":{"Est. reading time":"1 minute"},"schema":{"@context":"https:\/\/schema.org","@graph":[{"@type":"WebPage","@id":"https:\/\/www.candini.com\/producto\/barniz-mate-incoloro-heavy-duty-polyvine\/","url":"https:\/\/www.candini.com\/producto\/barniz-mate-incoloro-heavy-duty-polyvine\/","name":"Barniz mate incoloro Heavy Duty Extreme Polyvine 1L - Candini","isPartOf":{"@id":"https:\/\/www.candini.com\/#website"},"primaryImageOfPage":{"@id":"https:\/\/www.candini.com\/producto\/barniz-mate-incoloro-heavy-duty-polyvine\/#primaryimage"},"image":{"@id":"https:\/\/www.candini.com\/producto\/barniz-mate-incoloro-heavy-duty-polyvine\/#primaryimage"},"thumbnailUrl":"https:\/\/www.candini.com\/wp-content\/uploads\/2025\/10\/heavydutyextremevarnishdeadflatfinish1litre.jpg","datePublished":"2025-10-06T10:09:56+00:00","dateModified":"2026-02-06T11:14:51+00:00","description":"Barniz para madera de alta resistencia, ideal para restauraci\u00f3n y decoraci\u00f3n de muebles. Heavy Duty Extreme: impermeable, con protecci\u00f3n UV y acabado satinado o mate profesional.","breadcrumb":{"@id":"https:\/\/www.candini.com\/producto\/barniz-mate-incoloro-heavy-duty-polyvine\/#breadcrumb"},"inLanguage":"en-US","potentialAction":[{"@type":"ReadAction","target":["https:\/\/www.candini.com\/producto\/barniz-mate-incoloro-heavy-duty-polyvine\/"]}]},{"@type":"ImageObject","inLanguage":"en-US","@id":"https:\/\/www.candini.com\/producto\/barniz-mate-incoloro-heavy-duty-polyvine\/#primaryimage","url":"https:\/\/www.candini.com\/wp-content\/uploads\/2025\/10\/heavydutyextremevarnishdeadflatfinish1litre.jpg","contentUrl":"https:\/\/www.candini.com\/wp-content\/uploads\/2025\/10\/heavydutyextremevarnishdeadflatfinish1litre.jpg","width":1000,"height":1000,"caption":"Barniz para madera de alta resistencia, ideal para restauraci\u00f3n y decoraci\u00f3n de muebles. Heavy Duty Extreme: impermeable, con protecci\u00f3n UV y acabado satinado o mate profesional."},{"@type":"BreadcrumbList","@id":"https:\/\/www.candini.com\/producto\/barniz-mate-incoloro-heavy-duty-polyvine\/#breadcrumb","itemListElement":[{"@type":"ListItem","position":1,"name":"Portada","item":"https:\/\/www.candini.com\/en\/"},{"@type":"ListItem","position":2,"name":"Shop","item":"https:\/\/www.candini.com\/en\/shop\/"},{"@type":"ListItem","position":3,"name":"Barniz mate incoloro Heavy Duty Extreme Polyvine 1L"}]},{"@type":"WebSite","@id":"https:\/\/www.candini.com\/#website","url":"https:\/\/www.candini.com\/","name":"Candini","description":"Mobles i Restauraci\u00f3","publisher":{"@id":"https:\/\/www.candini.com\/#organization"},"potentialAction":[{"@type":"SearchAction","target":{"@type":"EntryPoint","urlTemplate":"https:\/\/www.candini.com\/?s={search_term_string}"},"query-input":{"@type":"PropertyValueSpecification","valueRequired":true,"valueName":"search_term_string"}}],"inLanguage":"en-US"},{"@type":"Organization","@id":"https:\/\/www.candini.com\/#organization","name":"Candini","url":"https:\/\/www.candini.com\/","logo":{"@type":"ImageObject","inLanguage":"en-US","@id":"https:\/\/www.candini.com\/#\/schema\/logo\/image\/","url":"https:\/\/www.candini.com\/wp-content\/uploads\/2021\/12\/cropped-cropped-Logo_nou.png","contentUrl":"https:\/\/www.candini.com\/wp-content\/uploads\/2021\/12\/cropped-cropped-Logo_nou.png","width":498,"height":194,"caption":"Candini"},"image":{"@id":"https:\/\/www.candini.com\/#\/schema\/logo\/image\/"}}]}},"_links":{"self":[{"href":"https:\/\/www.candini.com\/en\/wp-json\/wp\/v2\/product\/35505","targetHints":{"allow":["GET"]}}],"collection":[{"href":"https:\/\/www.candini.com\/en\/wp-json\/wp\/v2\/product"}],"about":[{"href":"https:\/\/www.candini.com\/en\/wp-json\/wp\/v2\/types\/product"}],"replies":[{"embeddable":true,"href":"https:\/\/www.candini.com\/en\/wp-json\/wp\/v2\/comments?post=35505"}],"wp:featuredmedia":[{"embeddable":true,"href":"https:\/\/www.candini.com\/en\/wp-json\/wp\/v2\/media\/35506"}],"wp:attachment":[{"href":"https:\/\/www.candini.com\/en\/wp-json\/wp\/v2\/media?parent=35505"}],"wp:term":[{"taxonomy":"product_cat","embeddable":true,"href":"https:\/\/www.candini.com\/en\/wp-json\/wp\/v2\/product_cat?post=35505"},{"taxonomy":"product_tag","embeddable":true,"href":"https:\/\/www.candini.com\/en\/wp-json\/wp\/v2\/product_tag?post=35505"}],"curies":[{"name":"wp","href":"https:\/\/api.w.org\/{rel}","templated":true}]}}