{"id":35487,"date":"2025-09-20T06:23:34","date_gmt":"2025-09-20T06:23:34","guid":{"rendered":"https:\/\/www.candini.com\/?post_type=product&#038;p=35487"},"modified":"2026-02-06T11:14:51","modified_gmt":"2026-02-06T11:14:51","slug":"barniz-ultra-guard-satinado-473ml","status":"publish","type":"product","link":"https:\/\/www.candini.com\/en\/producto\/barniz-ultra-guard-satinado-473ml\/","title":{"rendered":"Barniz Ultra Guard Satinado 473ml"},"content":{"rendered":"<p><strong><span dir=\"auto\"><span class=\"\" dir=\"auto\">El poliuretano a base de agua Ultra Guard<\/span><\/span><\/strong><span dir=\"auto\"><span class=\"\" dir=\"auto\"> es el barniz protector ideal, dise\u00f1ado para mejorar y proteger sus superficies interiores con una durabilidad excepcional y facilidad de uso. No amarillea y est\u00e1 reforzado con s\u00edlice para una mayor resistencia a la abrasi\u00f3n, garantizando que sus muebles, mesas de trabajo, suelos de madera y otras superficies luzcan impecables durante a\u00f1os.<\/span><\/span><\/p>\n<p><strong><span dir=\"auto\">Aplicaci\u00f3n vers\u00e1til<\/span><\/strong><span dir=\"auto\"> : adecuado para pinturas interiores a base de agua y todo tipo de madera en crudo.<\/span><\/p>\n<p><strong><span dir=\"auto\">Realza el color<\/span><\/strong><span dir=\"auto\">\u00a0: una vez aplicado queda blanquecino y al secarse queda transparente, realzando tanto los colores claros como los oscuros.<\/span><\/p>\n<h4><strong><span dir=\"auto\">Disponible en mate o satinado.<\/span><\/strong><\/h4>\n<h4><span dir=\"auto\">Instrucciones de aplicaci\u00f3n:<\/span><\/h4>\n<ol>\n<li><strong><span dir=\"auto\">Preparar la superficie<\/span><\/strong><span dir=\"auto\">\u00a0:<\/span>\n<ul>\n<li><strong><span dir=\"auto\">Superficies pintadas<\/span><\/strong><span dir=\"auto\">\u00a0: Limpie y desengrase con\u00a0<\/span><strong><span dir=\"auto\">TSP Alternative o similar<\/span><\/strong><span dir=\"auto\">\u00a0. Espere de 24 a 48 horas despu\u00e9s de pintar antes de aplicar.<\/span><\/li>\n<li><strong><span dir=\"auto\">Madera sin tratar<\/span><\/strong><span dir=\"auto\">\u00a0: Lije con papel de lija de grano 120 hasta que quede suave, asegur\u00e1ndose de que est\u00e9 libre de cera y contaminantes. Elimine el polvo antes de aplicar.<\/span><\/li>\n<\/ul>\n<\/li>\n<li><strong><span dir=\"auto\">Mezclando<\/span><\/strong><span dir=\"auto\">\u00a0:<\/span>\n<ul>\n<li><span dir=\"auto\">Mezclar bien con un palito y esperar 20 minutos antes de aplicar.<\/span><\/li>\n<\/ul>\n<\/li>\n<li><strong><span dir=\"auto\">Solicitud<\/span><\/strong><span dir=\"auto\">\u00a0:<\/span>\n<ul>\n<li><span dir=\"auto\">Utilice una brocha de cerdas sint\u00e9ticas o un rodillo de microfibra. Lije ligeramente con papel de lija de grano 220 entre capas.<\/span><\/li>\n<\/ul>\n<\/li>\n<\/ol>\n<h4><span dir=\"auto\">N\u00famero de capas:<\/span><\/h4>\n<ul>\n<li><strong><span dir=\"auto\">Superficies pintadas<\/span><\/strong><span dir=\"auto\">\u00a0: se recomiendan 2 capas.<\/span><\/li>\n<li><strong><span dir=\"auto\">Madera sin tratar y tintes sin sellador<\/span><\/strong><span dir=\"auto\">\u00a0: 3 capas para una protecci\u00f3n \u00f3ptima.<\/span><\/li>\n<\/ul>\n<h4><span dir=\"auto\">Tiempos de secado:<\/span><\/h4>\n<ul>\n<li><strong><span dir=\"auto\">Entre capas<\/span><\/strong><span dir=\"auto\">\u00a0: Dejar actuar de 3 a 48 horas. Despu\u00e9s de 48 horas, lijar ligeramente antes de aplicar la siguiente capa.<\/span><\/li>\n<li><strong><span dir=\"auto\">Madera en crudo<\/span><\/strong><span dir=\"auto\">\u00a0: Aplicar la segunda capa despu\u00e9s de 3 horas sin lijar.<\/span><\/li>\n<li><strong><span dir=\"auto\">Antes de lijar<\/span><\/strong><span dir=\"auto\">\u00a0: espere de 6 a 8 horas antes de lijar para obtener un acabado suave.<\/span><\/li>\n<\/ul>\n","protected":false},"excerpt":{"rendered":"<p><strong><span dir=\"auto\"><span class=\"\" dir=\"auto\">El poliuretano a base de agua Ultra Guard<\/span><\/span><\/strong><span dir=\"auto\"><span class=\"\" dir=\"auto\">\u00a0es el barniz protector ideal, dise\u00f1ado para mejorar y proteger sus superficies interiores con una durabilidad excepcional y facilidad de uso. No amarillea y est\u00e1 reforzado con s\u00edlice para una mayor resistencia a la abrasi\u00f3n, garantizando que sus muebles, mesas de trabajo, pisos de madera y otras superficies luzcan impecables durante a\u00f1os.<\/span><\/span><\/p>\n","protected":false},"featured_media":35494,"comment_status":"open","ping_status":"closed","template":"","meta":{"_genesis_hide_title":false,"_genesis_hide_breadcrumbs":false,"_genesis_hide_singular_image":false,"_genesis_hide_footer_widgets":false,"_genesis_custom_body_class":"","_genesis_custom_post_class":"","_genesis_layout":""},"product_cat":[224],"product_tag":[335,334,323,333,325,324],"class_list":{"0":"post-35487","1":"product","2":"type-product","3":"status-publish","4":"has-post-thumbnail","6":"product_cat-preparacion-y-acabados","7":"product_tag-acabados-fusion","8":"product_tag-barniz-ultra-guard","9":"product_tag-fusion-ultra-grip","10":"product_tag-fusion-utra-guard","11":"product_tag-pre-pintura","12":"product_tag-preparacion","13":"entry","15":"first","16":"outofstock","17":"sold-individually","18":"taxable","19":"shipping-taxable","20":"purchasable","21":"product-type-simple"},"yoast_head":"<!-- This site is optimized with the Yoast SEO plugin v25.9 - https:\/\/yoast.com\/wordpress\/plugins\/seo\/ -->\n<title>Barniz Ultra Guard Satinado 473ml - Candini<\/title>\n<meta name=\"description\" content=\"El poliuretano a base de agua Ultra Guard es el barniz de interiores con una durabilidad excepcional y facilidad de uso para todos sus muebles.\" \/>\n<meta name=\"robots\" content=\"index, follow, max-snippet:-1, max-image-preview:large, max-video-preview:-1\" \/>\n<link rel=\"canonical\" href=\"https:\/\/www.candini.com\/producto\/barniz-ultra-guard-satinado-473ml\/\" \/>\n<meta property=\"og:locale\" content=\"en_US\" \/>\n<meta property=\"og:type\" content=\"article\" \/>\n<meta property=\"og:title\" content=\"Barniz Ultra Guard Satinado 473ml - Candini\" \/>\n<meta property=\"og:description\" content=\"El poliuretano a base de agua Ultra Guard es el barniz de interiores con una durabilidad excepcional y facilidad de uso para todos sus muebles.\" \/>\n<meta property=\"og:url\" content=\"https:\/\/www.candini.com\/producto\/barniz-ultra-guard-satinado-473ml\/\" \/>\n<meta property=\"og:site_name\" content=\"Candini\" \/>\n<meta property=\"article:modified_time\" content=\"2026-02-06T11:14:51+00:00\" \/>\n<meta property=\"og:image\" content=\"https:\/\/www.candini.com\/wp-content\/uploads\/2025\/09\/FusionSatinPoly-437mLCAN-scaled.jpg\" \/>\n\t<meta property=\"og:image:width\" content=\"1707\" \/>\n\t<meta property=\"og:image:height\" content=\"2560\" \/>\n\t<meta property=\"og:image:type\" content=\"image\/jpeg\" \/>\n<meta name=\"twitter:card\" content=\"summary_large_image\" \/>\n<meta name=\"twitter:label1\" content=\"Est. reading time\" \/>\n\t<meta name=\"twitter:data1\" content=\"2 minutes\" \/>\n<script type=\"application\/ld+json\" class=\"yoast-schema-graph\">{\"@context\":\"https:\/\/schema.org\",\"@graph\":[{\"@type\":\"WebPage\",\"@id\":\"https:\/\/www.candini.com\/producto\/barniz-ultra-guard-satinado-473ml\/\",\"url\":\"https:\/\/www.candini.com\/producto\/barniz-ultra-guard-satinado-473ml\/\",\"name\":\"Barniz Ultra Guard Satinado 473ml - Candini\",\"isPartOf\":{\"@id\":\"https:\/\/www.candini.com\/#website\"},\"primaryImageOfPage\":{\"@id\":\"https:\/\/www.candini.com\/producto\/barniz-ultra-guard-satinado-473ml\/#primaryimage\"},\"image\":{\"@id\":\"https:\/\/www.candini.com\/producto\/barniz-ultra-guard-satinado-473ml\/#primaryimage\"},\"thumbnailUrl\":\"https:\/\/www.candini.com\/wp-content\/uploads\/2025\/09\/FusionSatinPoly-437mLCAN-scaled.jpg\",\"datePublished\":\"2025-09-20T06:23:34+00:00\",\"dateModified\":\"2026-02-06T11:14:51+00:00\",\"description\":\"El poliuretano a base de agua Ultra Guard es el barniz de interiores con una durabilidad excepcional y facilidad de uso para todos sus muebles.\",\"breadcrumb\":{\"@id\":\"https:\/\/www.candini.com\/producto\/barniz-ultra-guard-satinado-473ml\/#breadcrumb\"},\"inLanguage\":\"en-US\",\"potentialAction\":[{\"@type\":\"ReadAction\",\"target\":[\"https:\/\/www.candini.com\/producto\/barniz-ultra-guard-satinado-473ml\/\"]}]},{\"@type\":\"ImageObject\",\"inLanguage\":\"en-US\",\"@id\":\"https:\/\/www.candini.com\/producto\/barniz-ultra-guard-satinado-473ml\/#primaryimage\",\"url\":\"https:\/\/www.candini.com\/wp-content\/uploads\/2025\/09\/FusionSatinPoly-437mLCAN-scaled.jpg\",\"contentUrl\":\"https:\/\/www.candini.com\/wp-content\/uploads\/2025\/09\/FusionSatinPoly-437mLCAN-scaled.jpg\",\"width\":1707,\"height\":2560,\"caption\":\"Barniz Fusion Ultra Guard Satinado 473 ml\"},{\"@type\":\"BreadcrumbList\",\"@id\":\"https:\/\/www.candini.com\/producto\/barniz-ultra-guard-satinado-473ml\/#breadcrumb\",\"itemListElement\":[{\"@type\":\"ListItem\",\"position\":1,\"name\":\"Portada\",\"item\":\"https:\/\/www.candini.com\/en\/\"},{\"@type\":\"ListItem\",\"position\":2,\"name\":\"Shop\",\"item\":\"https:\/\/www.candini.com\/en\/shop\/\"},{\"@type\":\"ListItem\",\"position\":3,\"name\":\"Barniz Ultra Guard Satinado 473ml\"}]},{\"@type\":\"WebSite\",\"@id\":\"https:\/\/www.candini.com\/#website\",\"url\":\"https:\/\/www.candini.com\/\",\"name\":\"Candini\",\"description\":\"Mobles i Restauraci\u00f3\",\"publisher\":{\"@id\":\"https:\/\/www.candini.com\/#organization\"},\"potentialAction\":[{\"@type\":\"SearchAction\",\"target\":{\"@type\":\"EntryPoint\",\"urlTemplate\":\"https:\/\/www.candini.com\/?s={search_term_string}\"},\"query-input\":{\"@type\":\"PropertyValueSpecification\",\"valueRequired\":true,\"valueName\":\"search_term_string\"}}],\"inLanguage\":\"en-US\"},{\"@type\":\"Organization\",\"@id\":\"https:\/\/www.candini.com\/#organization\",\"name\":\"Candini\",\"url\":\"https:\/\/www.candini.com\/\",\"logo\":{\"@type\":\"ImageObject\",\"inLanguage\":\"en-US\",\"@id\":\"https:\/\/www.candini.com\/#\/schema\/logo\/image\/\",\"url\":\"https:\/\/www.candini.com\/wp-content\/uploads\/2021\/12\/cropped-cropped-Logo_nou.png\",\"contentUrl\":\"https:\/\/www.candini.com\/wp-content\/uploads\/2021\/12\/cropped-cropped-Logo_nou.png\",\"width\":498,\"height\":194,\"caption\":\"Candini\"},\"image\":{\"@id\":\"https:\/\/www.candini.com\/#\/schema\/logo\/image\/\"}}]}<\/script>\n<!-- \/ Yoast SEO plugin. -->","yoast_head_json":{"title":"Barniz Ultra Guard Satinado 473ml - Candini","description":"El poliuretano a base de agua Ultra Guard es el barniz de interiores con una durabilidad excepcional y facilidad de uso para todos sus muebles.","robots":{"index":"index","follow":"follow","max-snippet":"max-snippet:-1","max-image-preview":"max-image-preview:large","max-video-preview":"max-video-preview:-1"},"canonical":"https:\/\/www.candini.com\/producto\/barniz-ultra-guard-satinado-473ml\/","og_locale":"en_US","og_type":"article","og_title":"Barniz Ultra Guard Satinado 473ml - Candini","og_description":"El poliuretano a base de agua Ultra Guard es el barniz de interiores con una durabilidad excepcional y facilidad de uso para todos sus muebles.","og_url":"https:\/\/www.candini.com\/producto\/barniz-ultra-guard-satinado-473ml\/","og_site_name":"Candini","article_modified_time":"2026-02-06T11:14:51+00:00","og_image":[{"width":1707,"height":2560,"url":"https:\/\/www.candini.com\/wp-content\/uploads\/2025\/09\/FusionSatinPoly-437mLCAN-scaled.jpg","type":"image\/jpeg"}],"twitter_card":"summary_large_image","twitter_misc":{"Est. reading time":"2 minutes"},"schema":{"@context":"https:\/\/schema.org","@graph":[{"@type":"WebPage","@id":"https:\/\/www.candini.com\/producto\/barniz-ultra-guard-satinado-473ml\/","url":"https:\/\/www.candini.com\/producto\/barniz-ultra-guard-satinado-473ml\/","name":"Barniz Ultra Guard Satinado 473ml - Candini","isPartOf":{"@id":"https:\/\/www.candini.com\/#website"},"primaryImageOfPage":{"@id":"https:\/\/www.candini.com\/producto\/barniz-ultra-guard-satinado-473ml\/#primaryimage"},"image":{"@id":"https:\/\/www.candini.com\/producto\/barniz-ultra-guard-satinado-473ml\/#primaryimage"},"thumbnailUrl":"https:\/\/www.candini.com\/wp-content\/uploads\/2025\/09\/FusionSatinPoly-437mLCAN-scaled.jpg","datePublished":"2025-09-20T06:23:34+00:00","dateModified":"2026-02-06T11:14:51+00:00","description":"El poliuretano a base de agua Ultra Guard es el barniz de interiores con una durabilidad excepcional y facilidad de uso para todos sus muebles.","breadcrumb":{"@id":"https:\/\/www.candini.com\/producto\/barniz-ultra-guard-satinado-473ml\/#breadcrumb"},"inLanguage":"en-US","potentialAction":[{"@type":"ReadAction","target":["https:\/\/www.candini.com\/producto\/barniz-ultra-guard-satinado-473ml\/"]}]},{"@type":"ImageObject","inLanguage":"en-US","@id":"https:\/\/www.candini.com\/producto\/barniz-ultra-guard-satinado-473ml\/#primaryimage","url":"https:\/\/www.candini.com\/wp-content\/uploads\/2025\/09\/FusionSatinPoly-437mLCAN-scaled.jpg","contentUrl":"https:\/\/www.candini.com\/wp-content\/uploads\/2025\/09\/FusionSatinPoly-437mLCAN-scaled.jpg","width":1707,"height":2560,"caption":"Barniz Fusion Ultra Guard Satinado 473 ml"},{"@type":"BreadcrumbList","@id":"https:\/\/www.candini.com\/producto\/barniz-ultra-guard-satinado-473ml\/#breadcrumb","itemListElement":[{"@type":"ListItem","position":1,"name":"Portada","item":"https:\/\/www.candini.com\/en\/"},{"@type":"ListItem","position":2,"name":"Shop","item":"https:\/\/www.candini.com\/en\/shop\/"},{"@type":"ListItem","position":3,"name":"Barniz Ultra Guard Satinado 473ml"}]},{"@type":"WebSite","@id":"https:\/\/www.candini.com\/#website","url":"https:\/\/www.candini.com\/","name":"Candini","description":"Mobles i Restauraci\u00f3","publisher":{"@id":"https:\/\/www.candini.com\/#organization"},"potentialAction":[{"@type":"SearchAction","target":{"@type":"EntryPoint","urlTemplate":"https:\/\/www.candini.com\/?s={search_term_string}"},"query-input":{"@type":"PropertyValueSpecification","valueRequired":true,"valueName":"search_term_string"}}],"inLanguage":"en-US"},{"@type":"Organization","@id":"https:\/\/www.candini.com\/#organization","name":"Candini","url":"https:\/\/www.candini.com\/","logo":{"@type":"ImageObject","inLanguage":"en-US","@id":"https:\/\/www.candini.com\/#\/schema\/logo\/image\/","url":"https:\/\/www.candini.com\/wp-content\/uploads\/2021\/12\/cropped-cropped-Logo_nou.png","contentUrl":"https:\/\/www.candini.com\/wp-content\/uploads\/2021\/12\/cropped-cropped-Logo_nou.png","width":498,"height":194,"caption":"Candini"},"image":{"@id":"https:\/\/www.candini.com\/#\/schema\/logo\/image\/"}}]}},"_links":{"self":[{"href":"https:\/\/www.candini.com\/en\/wp-json\/wp\/v2\/product\/35487","targetHints":{"allow":["GET"]}}],"collection":[{"href":"https:\/\/www.candini.com\/en\/wp-json\/wp\/v2\/product"}],"about":[{"href":"https:\/\/www.candini.com\/en\/wp-json\/wp\/v2\/types\/product"}],"replies":[{"embeddable":true,"href":"https:\/\/www.candini.com\/en\/wp-json\/wp\/v2\/comments?post=35487"}],"wp:featuredmedia":[{"embeddable":true,"href":"https:\/\/www.candini.com\/en\/wp-json\/wp\/v2\/media\/35494"}],"wp:attachment":[{"href":"https:\/\/www.candini.com\/en\/wp-json\/wp\/v2\/media?parent=35487"}],"wp:term":[{"taxonomy":"product_cat","embeddable":true,"href":"https:\/\/www.candini.com\/en\/wp-json\/wp\/v2\/product_cat?post=35487"},{"taxonomy":"product_tag","embeddable":true,"href":"https:\/\/www.candini.com\/en\/wp-json\/wp\/v2\/product_tag?post=35487"}],"curies":[{"name":"wp","href":"https:\/\/api.w.org\/{rel}","templated":true}]}}