{"id":35388,"date":"2025-06-16T10:13:18","date_gmt":"2025-06-16T10:13:18","guid":{"rendered":"https:\/\/www.candini.com\/?post_type=product&#038;p=35388"},"modified":"2026-02-06T11:14:51","modified_gmt":"2026-02-06T11:14:51","slug":"decoupage-and-transfer-gel-250","status":"publish","type":"product","link":"https:\/\/www.candini.com\/en\/producto\/decoupage-and-transfer-gel-250\/","title":{"rendered":"Decoupage &#038; Transfer Gel 250 ml"},"content":{"rendered":"<p data-start=\"40\" data-end=\"406\">El Gel para Decoupage y Transferencia de Fusion Mineral Paint es un producto vers\u00e1til y ecol\u00f3gico dise\u00f1ado para proyectos de manualidades y decoraci\u00f3n. Funciona como adhesivo para decoupage y como medio para transferir im\u00e1genes impresas sobre diversas superficies, como madera, vidrio, metal, tela y superficies pintadas, siempre que est\u00e9n libres de aceites o ceras.<\/p>\n<p data-start=\"408\" data-end=\"440\"><strong data-start=\"408\" data-end=\"440\">Caracter\u00edsticas principales:<\/strong><\/p>\n<ul data-start=\"442\" data-end=\"836\">\n<li data-start=\"442\" data-end=\"497\">\n<p data-start=\"444\" data-end=\"497\"><strong data-start=\"444\" data-end=\"456\">Acabado:<\/strong> Seca con un acabado mate y transparente.<\/p>\n<\/li>\n<li data-start=\"498\" data-end=\"560\">\n<p data-start=\"500\" data-end=\"560\"><strong data-start=\"500\" data-end=\"514\">Cobertura:<\/strong> Aproximadamente 3,25 m\u00b2 por envase de 250 ml.<\/p>\n<\/li>\n<li data-start=\"561\" data-end=\"629\">\n<p data-start=\"563\" data-end=\"629\"><strong data-start=\"563\" data-end=\"584\">Tiempo de secado:<\/strong> 1 hora al tacto; curado completo en 21 d\u00edas.<\/p>\n<\/li>\n<li data-start=\"630\" data-end=\"669\">\n<p data-start=\"632\" data-end=\"669\"><strong data-start=\"632\" data-end=\"647\">Aplicaci\u00f3n:<\/strong> Se aplica con brocha.<\/p>\n<\/li>\n<li data-start=\"670\" data-end=\"717\">\n<p data-start=\"672\" data-end=\"717\"><strong data-start=\"672\" data-end=\"685\">Limpieza:<\/strong> Herramientas lavables con agua.<\/p>\n<\/li>\n<li data-start=\"718\" data-end=\"836\">\n<p data-start=\"720\" data-end=\"836\"><strong data-start=\"720\" data-end=\"739\">Compatibilidad:<\/strong> Puede aplicarse sobre pintura Fusion Mineral Paint y tambi\u00e9n puede pintarse encima una vez seco.<\/p>\n<\/li>\n<\/ul>\n<p data-start=\"838\" data-end=\"863\"><strong data-start=\"838\" data-end=\"863\">Instrucciones de uso:<\/strong><\/p>\n<ul data-start=\"865\" data-end=\"1765\">\n<li data-start=\"865\" data-end=\"1477\">\n<p data-start=\"867\" data-end=\"897\"><strong data-start=\"867\" data-end=\"897\">Transferencia de im\u00e1genes:<\/strong><\/p>\n<ol data-start=\"900\" data-end=\"1477\">\n<li data-start=\"900\" data-end=\"1046\">\n<p data-start=\"903\" data-end=\"1046\">Imprime la imagen deseada con una impresora l\u00e1ser (no se recomienda tinta de inyecci\u00f3n) y, si es necesario, invierte la imagen horizontalmente.<\/p>\n<\/li>\n<li data-start=\"1049\" data-end=\"1119\">\n<p data-start=\"1052\" data-end=\"1119\">Aplica una capa uniforme del gel sobre la superficie limpia y seca.<\/p>\n<\/li>\n<li data-start=\"1122\" data-end=\"1245\">\n<p data-start=\"1125\" data-end=\"1245\">Coloca la imagen boca abajo sobre el gel h\u00famedo y presiona firmemente con una esp\u00e1tula o tarjeta para eliminar burbujas.<\/p>\n<\/li>\n<li data-start=\"1248\" data-end=\"1279\">\n<p data-start=\"1251\" data-end=\"1279\">Deja secar durante 24 horas.<\/p>\n<\/li>\n<li data-start=\"1282\" data-end=\"1390\">\n<p data-start=\"1285\" data-end=\"1390\">Humedece el reverso del papel y frota suavemente para eliminar la pulpa, revelando la imagen transferida.<\/p>\n<\/li>\n<li data-start=\"1393\" data-end=\"1477\">\n<p data-start=\"1396\" data-end=\"1477\">Para proteger, aplica una capa adicional del gel o un acabado como cera o barniz.<\/p>\n<\/li>\n<\/ol>\n<\/li>\n<li data-start=\"1479\" data-end=\"1765\">\n<p data-start=\"1481\" data-end=\"1495\"><strong data-start=\"1481\" data-end=\"1495\">Decoupage:<\/strong><\/p>\n<ol data-start=\"1498\" data-end=\"1765\">\n<li data-start=\"1498\" data-end=\"1582\">\n<p data-start=\"1501\" data-end=\"1582\">Aplica el gel sobre la superficie y\/o en la parte posterior del papel decorativo.<\/p>\n<\/li>\n<li data-start=\"1585\" data-end=\"1688\">\n<p data-start=\"1588\" data-end=\"1688\">Coloca el papel sobre la superficie y alisa con envoltura pl\u00e1stica para eliminar arrugas o burbujas.<\/p>\n<\/li>\n<li data-start=\"1691\" data-end=\"1765\">\n<p data-start=\"1694\" data-end=\"1765\">Una vez seco, aplica una capa adicional del gel o un acabado protector.<\/p>\n<\/li>\n<\/ol>\n<\/li>\n<\/ul>\n<p data-start=\"1767\" data-end=\"1977\">Este gel es ideal para proyectos de decoraci\u00f3n personalizados, como muebles, lienzos o elementos decorativos. Su f\u00f3rmula a base de agua y sin compuestos org\u00e1nicos vol\u00e1tiles (COV) lo hace seguro y f\u00e1cil de usar.<\/p>\n","protected":false},"excerpt":{"rendered":"<p data-start=\"40\" data-end=\"406\">El Gel para Decoupage y Transferencia de Fusion Mineral Paint es un producto vers\u00e1til y ecol\u00f3gico dise\u00f1ado para proyectos de manualidades y decoraci\u00f3n. Funciona como adhesivo para decoupage y como medio para transferir im\u00e1genes impresas sobre diversas superficies, como madera, vidrio, metal, tela y superficies pintadas, siempre que est\u00e9n libres de aceites o ceras.<\/p>\n<p data-start=\"408\" data-end=\"440\"><strong data-start=\"408\" data-end=\"440\">Caracter\u00edsticas principales:<\/strong><\/p>\n<ul data-start=\"442\" data-end=\"836\">\n<li data-start=\"442\" data-end=\"497\">\n<p data-start=\"444\" data-end=\"497\"><strong data-start=\"444\" data-end=\"456\">Acabado:<\/strong> Seca con un acabado mate y transparente.<\/p>\n<\/li>\n<li data-start=\"498\" data-end=\"560\">\n<p data-start=\"500\" data-end=\"560\"><strong data-start=\"500\" data-end=\"514\">Cobertura:<\/strong> Aproximadamente 3,25 m\u00b2 por envase de 250 ml.<\/p>\n<\/li>\n<li data-start=\"561\" data-end=\"629\">\n<p data-start=\"563\" data-end=\"629\"><strong data-start=\"563\" data-end=\"584\">Tiempo de secado:<\/strong> 1 hora al tacto; curado completo en 21 d\u00edas.<\/p>\n<\/li>\n<li data-start=\"630\" data-end=\"669\">\n<p data-start=\"632\" data-end=\"669\"><strong data-start=\"632\" data-end=\"647\">Aplicaci\u00f3n:<\/strong> Se aplica con brocha.<\/p>\n<\/li>\n<li data-start=\"670\" data-end=\"717\">\n<p data-start=\"672\" data-end=\"717\"><strong data-start=\"672\" data-end=\"685\">Limpieza:<\/strong> Herramientas lavables con agua.<\/p>\n<\/li>\n<li data-start=\"718\" data-end=\"836\">\n<p data-start=\"720\" data-end=\"836\"><strong data-start=\"720\" data-end=\"739\">Compatibilidad:<\/strong> Puede aplicarse sobre pintura Fusion Mineral Paint y tambi\u00e9n puede pintarse encima una vez seco.<\/p>\n<\/li>\n<\/ul>\n","protected":false},"featured_media":35390,"comment_status":"open","ping_status":"closed","template":"","meta":{"_genesis_hide_title":false,"_genesis_hide_breadcrumbs":false,"_genesis_hide_singular_image":false,"_genesis_hide_footer_widgets":false,"_genesis_custom_body_class":"","_genesis_custom_post_class":"","_genesis_layout":""},"product_cat":[224],"product_tag":[323,325,324],"class_list":{"0":"post-35388","1":"product","2":"type-product","3":"status-publish","4":"has-post-thumbnail","6":"product_cat-preparacion-y-acabados","7":"product_tag-fusion-ultra-grip","8":"product_tag-pre-pintura","9":"product_tag-preparacion","10":"entry","12":"first","13":"outofstock","14":"taxable","15":"shipping-taxable","16":"purchasable","17":"product-type-simple"},"yoast_head":"<!-- This site is optimized with the Yoast SEO plugin v25.9 - https:\/\/yoast.com\/wordpress\/plugins\/seo\/ -->\n<title>Decoupage &amp; Transfer Gel 250 ml - Candini<\/title>\n<meta name=\"robots\" content=\"index, follow, max-snippet:-1, max-image-preview:large, max-video-preview:-1\" \/>\n<link rel=\"canonical\" href=\"https:\/\/www.candini.com\/producto\/decoupage-and-transfer-gel-250\/\" \/>\n<meta property=\"og:locale\" content=\"en_US\" \/>\n<meta property=\"og:type\" content=\"article\" \/>\n<meta property=\"og:title\" content=\"Decoupage &amp; Transfer Gel 250 ml - Candini\" \/>\n<meta property=\"og:description\" content=\"El Gel para Decoupage y Transferencia de Fusion Mineral Paint es un producto vers\u00e1til y ecol\u00f3gico dise\u00f1ado para proyectos de manualidades y decoraci\u00f3n. Funciona como adhesivo para decoupage y como medio para transferir im\u00e1genes impresas sobre diversas superficies, como madera, vidrio, metal, tela y superficies pintadas, siempre que est\u00e9n libres de aceites o ceras. Caracter\u00edsticas principales:     Acabado: Seca con un acabado mate y transparente.    Cobertura: Aproximadamente 3,25 m\u00b2 por envase de 250 ml.    Tiempo de secado: 1 hora al tacto; curado completo en 21 d\u00edas.    Aplicaci\u00f3n: Se aplica con brocha.    Limpieza: Herramientas lavables con agua.    Compatibilidad: Puede aplicarse sobre pintura Fusion Mineral Paint y tambi\u00e9n puede pintarse encima una vez seco.\" \/>\n<meta property=\"og:url\" content=\"https:\/\/www.candini.com\/producto\/decoupage-and-transfer-gel-250\/\" \/>\n<meta property=\"og:site_name\" content=\"Candini\" \/>\n<meta property=\"article:modified_time\" content=\"2026-02-06T11:14:51+00:00\" \/>\n<meta property=\"og:image\" content=\"https:\/\/www.candini.com\/wp-content\/uploads\/2025\/06\/010-Decoupage_and_Transfer_Gel_HR_220308_0419-scaled-e1750069300133.jpg\" \/>\n\t<meta property=\"og:image:width\" content=\"850\" \/>\n\t<meta property=\"og:image:height\" content=\"1067\" \/>\n\t<meta property=\"og:image:type\" content=\"image\/jpeg\" \/>\n<meta name=\"twitter:card\" content=\"summary_large_image\" \/>\n<meta name=\"twitter:label1\" content=\"Est. reading time\" \/>\n\t<meta name=\"twitter:data1\" content=\"2 minutes\" \/>\n<script type=\"application\/ld+json\" class=\"yoast-schema-graph\">{\"@context\":\"https:\/\/schema.org\",\"@graph\":[{\"@type\":\"WebPage\",\"@id\":\"https:\/\/www.candini.com\/producto\/decoupage-and-transfer-gel-250\/\",\"url\":\"https:\/\/www.candini.com\/producto\/decoupage-and-transfer-gel-250\/\",\"name\":\"Decoupage & Transfer Gel 250 ml - Candini\",\"isPartOf\":{\"@id\":\"https:\/\/www.candini.com\/#website\"},\"primaryImageOfPage\":{\"@id\":\"https:\/\/www.candini.com\/producto\/decoupage-and-transfer-gel-250\/#primaryimage\"},\"image\":{\"@id\":\"https:\/\/www.candini.com\/producto\/decoupage-and-transfer-gel-250\/#primaryimage\"},\"thumbnailUrl\":\"https:\/\/www.candini.com\/wp-content\/uploads\/2025\/06\/010-Decoupage_and_Transfer_Gel_HR_220308_0419-scaled-e1750069300133.jpg\",\"datePublished\":\"2025-06-16T10:13:18+00:00\",\"dateModified\":\"2026-02-06T11:14:51+00:00\",\"breadcrumb\":{\"@id\":\"https:\/\/www.candini.com\/producto\/decoupage-and-transfer-gel-250\/#breadcrumb\"},\"inLanguage\":\"en-US\",\"potentialAction\":[{\"@type\":\"ReadAction\",\"target\":[\"https:\/\/www.candini.com\/producto\/decoupage-and-transfer-gel-250\/\"]}]},{\"@type\":\"ImageObject\",\"inLanguage\":\"en-US\",\"@id\":\"https:\/\/www.candini.com\/producto\/decoupage-and-transfer-gel-250\/#primaryimage\",\"url\":\"https:\/\/www.candini.com\/wp-content\/uploads\/2025\/06\/010-Decoupage_and_Transfer_Gel_HR_220308_0419-scaled-e1750069300133.jpg\",\"contentUrl\":\"https:\/\/www.candini.com\/wp-content\/uploads\/2025\/06\/010-Decoupage_and_Transfer_Gel_HR_220308_0419-scaled-e1750069300133.jpg\",\"width\":850,\"height\":1067},{\"@type\":\"BreadcrumbList\",\"@id\":\"https:\/\/www.candini.com\/producto\/decoupage-and-transfer-gel-250\/#breadcrumb\",\"itemListElement\":[{\"@type\":\"ListItem\",\"position\":1,\"name\":\"Portada\",\"item\":\"https:\/\/www.candini.com\/en\/\"},{\"@type\":\"ListItem\",\"position\":2,\"name\":\"Shop\",\"item\":\"https:\/\/www.candini.com\/en\/shop\/\"},{\"@type\":\"ListItem\",\"position\":3,\"name\":\"Decoupage &#038; Transfer Gel 250 ml\"}]},{\"@type\":\"WebSite\",\"@id\":\"https:\/\/www.candini.com\/#website\",\"url\":\"https:\/\/www.candini.com\/\",\"name\":\"Candini\",\"description\":\"Mobles i Restauraci\u00f3\",\"publisher\":{\"@id\":\"https:\/\/www.candini.com\/#organization\"},\"potentialAction\":[{\"@type\":\"SearchAction\",\"target\":{\"@type\":\"EntryPoint\",\"urlTemplate\":\"https:\/\/www.candini.com\/?s={search_term_string}\"},\"query-input\":{\"@type\":\"PropertyValueSpecification\",\"valueRequired\":true,\"valueName\":\"search_term_string\"}}],\"inLanguage\":\"en-US\"},{\"@type\":\"Organization\",\"@id\":\"https:\/\/www.candini.com\/#organization\",\"name\":\"Candini\",\"url\":\"https:\/\/www.candini.com\/\",\"logo\":{\"@type\":\"ImageObject\",\"inLanguage\":\"en-US\",\"@id\":\"https:\/\/www.candini.com\/#\/schema\/logo\/image\/\",\"url\":\"https:\/\/www.candini.com\/wp-content\/uploads\/2021\/12\/cropped-cropped-Logo_nou.png\",\"contentUrl\":\"https:\/\/www.candini.com\/wp-content\/uploads\/2021\/12\/cropped-cropped-Logo_nou.png\",\"width\":498,\"height\":194,\"caption\":\"Candini\"},\"image\":{\"@id\":\"https:\/\/www.candini.com\/#\/schema\/logo\/image\/\"}}]}<\/script>\n<!-- \/ Yoast SEO plugin. -->","yoast_head_json":{"title":"Decoupage & Transfer Gel 250 ml - Candini","robots":{"index":"index","follow":"follow","max-snippet":"max-snippet:-1","max-image-preview":"max-image-preview:large","max-video-preview":"max-video-preview:-1"},"canonical":"https:\/\/www.candini.com\/producto\/decoupage-and-transfer-gel-250\/","og_locale":"en_US","og_type":"article","og_title":"Decoupage & Transfer Gel 250 ml - Candini","og_description":"El Gel para Decoupage y Transferencia de Fusion Mineral Paint es un producto vers\u00e1til y ecol\u00f3gico dise\u00f1ado para proyectos de manualidades y decoraci\u00f3n. Funciona como adhesivo para decoupage y como medio para transferir im\u00e1genes impresas sobre diversas superficies, como madera, vidrio, metal, tela y superficies pintadas, siempre que est\u00e9n libres de aceites o ceras. Caracter\u00edsticas principales:     Acabado: Seca con un acabado mate y transparente.    Cobertura: Aproximadamente 3,25 m\u00b2 por envase de 250 ml.    Tiempo de secado: 1 hora al tacto; curado completo en 21 d\u00edas.    Aplicaci\u00f3n: Se aplica con brocha.    Limpieza: Herramientas lavables con agua.    Compatibilidad: Puede aplicarse sobre pintura Fusion Mineral Paint y tambi\u00e9n puede pintarse encima una vez seco.","og_url":"https:\/\/www.candini.com\/producto\/decoupage-and-transfer-gel-250\/","og_site_name":"Candini","article_modified_time":"2026-02-06T11:14:51+00:00","og_image":[{"width":850,"height":1067,"url":"https:\/\/www.candini.com\/wp-content\/uploads\/2025\/06\/010-Decoupage_and_Transfer_Gel_HR_220308_0419-scaled-e1750069300133.jpg","type":"image\/jpeg"}],"twitter_card":"summary_large_image","twitter_misc":{"Est. reading time":"2 minutes"},"schema":{"@context":"https:\/\/schema.org","@graph":[{"@type":"WebPage","@id":"https:\/\/www.candini.com\/producto\/decoupage-and-transfer-gel-250\/","url":"https:\/\/www.candini.com\/producto\/decoupage-and-transfer-gel-250\/","name":"Decoupage & Transfer Gel 250 ml - Candini","isPartOf":{"@id":"https:\/\/www.candini.com\/#website"},"primaryImageOfPage":{"@id":"https:\/\/www.candini.com\/producto\/decoupage-and-transfer-gel-250\/#primaryimage"},"image":{"@id":"https:\/\/www.candini.com\/producto\/decoupage-and-transfer-gel-250\/#primaryimage"},"thumbnailUrl":"https:\/\/www.candini.com\/wp-content\/uploads\/2025\/06\/010-Decoupage_and_Transfer_Gel_HR_220308_0419-scaled-e1750069300133.jpg","datePublished":"2025-06-16T10:13:18+00:00","dateModified":"2026-02-06T11:14:51+00:00","breadcrumb":{"@id":"https:\/\/www.candini.com\/producto\/decoupage-and-transfer-gel-250\/#breadcrumb"},"inLanguage":"en-US","potentialAction":[{"@type":"ReadAction","target":["https:\/\/www.candini.com\/producto\/decoupage-and-transfer-gel-250\/"]}]},{"@type":"ImageObject","inLanguage":"en-US","@id":"https:\/\/www.candini.com\/producto\/decoupage-and-transfer-gel-250\/#primaryimage","url":"https:\/\/www.candini.com\/wp-content\/uploads\/2025\/06\/010-Decoupage_and_Transfer_Gel_HR_220308_0419-scaled-e1750069300133.jpg","contentUrl":"https:\/\/www.candini.com\/wp-content\/uploads\/2025\/06\/010-Decoupage_and_Transfer_Gel_HR_220308_0419-scaled-e1750069300133.jpg","width":850,"height":1067},{"@type":"BreadcrumbList","@id":"https:\/\/www.candini.com\/producto\/decoupage-and-transfer-gel-250\/#breadcrumb","itemListElement":[{"@type":"ListItem","position":1,"name":"Portada","item":"https:\/\/www.candini.com\/en\/"},{"@type":"ListItem","position":2,"name":"Shop","item":"https:\/\/www.candini.com\/en\/shop\/"},{"@type":"ListItem","position":3,"name":"Decoupage &#038; Transfer Gel 250 ml"}]},{"@type":"WebSite","@id":"https:\/\/www.candini.com\/#website","url":"https:\/\/www.candini.com\/","name":"Candini","description":"Mobles i Restauraci\u00f3","publisher":{"@id":"https:\/\/www.candini.com\/#organization"},"potentialAction":[{"@type":"SearchAction","target":{"@type":"EntryPoint","urlTemplate":"https:\/\/www.candini.com\/?s={search_term_string}"},"query-input":{"@type":"PropertyValueSpecification","valueRequired":true,"valueName":"search_term_string"}}],"inLanguage":"en-US"},{"@type":"Organization","@id":"https:\/\/www.candini.com\/#organization","name":"Candini","url":"https:\/\/www.candini.com\/","logo":{"@type":"ImageObject","inLanguage":"en-US","@id":"https:\/\/www.candini.com\/#\/schema\/logo\/image\/","url":"https:\/\/www.candini.com\/wp-content\/uploads\/2021\/12\/cropped-cropped-Logo_nou.png","contentUrl":"https:\/\/www.candini.com\/wp-content\/uploads\/2021\/12\/cropped-cropped-Logo_nou.png","width":498,"height":194,"caption":"Candini"},"image":{"@id":"https:\/\/www.candini.com\/#\/schema\/logo\/image\/"}}]}},"_links":{"self":[{"href":"https:\/\/www.candini.com\/en\/wp-json\/wp\/v2\/product\/35388","targetHints":{"allow":["GET"]}}],"collection":[{"href":"https:\/\/www.candini.com\/en\/wp-json\/wp\/v2\/product"}],"about":[{"href":"https:\/\/www.candini.com\/en\/wp-json\/wp\/v2\/types\/product"}],"replies":[{"embeddable":true,"href":"https:\/\/www.candini.com\/en\/wp-json\/wp\/v2\/comments?post=35388"}],"wp:featuredmedia":[{"embeddable":true,"href":"https:\/\/www.candini.com\/en\/wp-json\/wp\/v2\/media\/35390"}],"wp:attachment":[{"href":"https:\/\/www.candini.com\/en\/wp-json\/wp\/v2\/media?parent=35388"}],"wp:term":[{"taxonomy":"product_cat","embeddable":true,"href":"https:\/\/www.candini.com\/en\/wp-json\/wp\/v2\/product_cat?post=35388"},{"taxonomy":"product_tag","embeddable":true,"href":"https:\/\/www.candini.com\/en\/wp-json\/wp\/v2\/product_tag?post=35388"}],"curies":[{"name":"wp","href":"https:\/\/api.w.org\/{rel}","templated":true}]}}