{"id":35252,"date":"2025-05-20T09:19:53","date_gmt":"2025-05-20T09:19:53","guid":{"rendered":"https:\/\/www.candini.com\/?post_type=product&#038;p=35252"},"modified":"2026-02-06T11:14:52","modified_gmt":"2026-02-06T11:14:52","slug":"barniz-stain-finishing-oil-ebony","status":"publish","type":"product","link":"https:\/\/www.candini.com\/en\/producto\/barniz-stain-finishing-oil-ebony\/","title":{"rendered":"Stain &#038; Finishing Oil Color Ebony"},"content":{"rendered":"<p class=\"\" data-start=\"135\" data-end=\"352\"><strong data-start=\"135\" data-end=\"160\">Stain &amp; Finishing Oil<\/strong> es mucho m\u00e1s que un simple producto para madera. Es una soluci\u00f3n todo en uno que nutre, ti\u00f1e y protege, pensada per a quienes buscan belleza, calidez y resistencia en cada rinc\u00f3n de su hogar.<\/p>\n<p class=\"\" data-start=\"354\" data-end=\"566\">Su f\u00f3rmula ofrece una durabilidad excepcional incluso en las zonas m\u00e1s transitadas: mesas donde se re\u00fanen familias, armarios de cocina que se abren mil veces al d\u00eda o suelos que viven cada paso de tu d\u00eda a d\u00eda.<\/p>\n<p class=\"\" data-start=\"568\" data-end=\"787\">Puede aplicarse sobre madera desnuda o superficies ya pintadas, y no necesita ning\u00fan acabado adicional. Su resistencia lo convierte en la elecci\u00f3n perfecta para quienes quieren resultados duraderos sin complicaciones.<\/p>\n<p class=\"\" data-start=\"789\" data-end=\"978\">Y si buscas un plus de protecci\u00f3n y un sutil brillo que realce el color sin alterarlo, solo tienes que aplicar una capa extra del tono <strong data-start=\"924\" data-end=\"935\">Natural<\/strong>. Un peque\u00f1o gesto que marca la diferencia.<\/p>\n","protected":false},"excerpt":{"rendered":"<p class=\"\" data-start=\"76\" data-end=\"438\">\u2728 <strong data-start=\"78\" data-end=\"103\">Stain &amp; Finishing Oil<\/strong> es el producto todo en uno que transforma la madera con calidez y resistencia.<br data-start=\"182\" data-end=\"185\" \/>Ti\u00f1e, protege y embellece en una sola pasada. Ideal para mesas, cocinas \u00a1e incluso suelos!<br data-start=\"275\" data-end=\"278\" \/>F\u00e1cil de aplicar sobre madera desnuda o pintada, y no necesita nada m\u00e1s.<br data-start=\"350\" data-end=\"353\" \/>\u00bfQuieres m\u00e1s brillo y durabilidad? A\u00f1ade el tono <strong data-start=\"402\" data-end=\"413\">Natural<\/strong> y ver\u00e1s la diferencia.<\/p>\n<p class=\"\" data-start=\"440\" data-end=\"490\">#MaderaConCar\u00e1cter #CandiniTips #Decoraci\u00f3nConAlma<\/p>\n","protected":false},"featured_media":35256,"comment_status":"open","ping_status":"closed","template":"","meta":{"_genesis_hide_title":false,"_genesis_hide_breadcrumbs":false,"_genesis_hide_singular_image":false,"_genesis_hide_footer_widgets":false,"_genesis_custom_body_class":"","_genesis_custom_post_class":"","_genesis_layout":""},"product_cat":[224],"product_tag":[66,328,329,67],"class_list":{"0":"post-35252","1":"product","2":"type-product","3":"status-publish","4":"has-post-thumbnail","6":"product_cat-preparacion-y-acabados","7":"product_tag-fusion-mineral-paint","8":"product_tag-sfo","9":"product_tag-stain-finishing-oil","10":"product_tag-tough-coat","11":"entry","13":"first","14":"outofstock","15":"taxable","16":"shipping-taxable","17":"purchasable","18":"product-type-simple"},"yoast_head":"<!-- This site is optimized with the Yoast SEO plugin v25.9 - https:\/\/yoast.com\/wordpress\/plugins\/seo\/ -->\n<title>Stain &amp; Finishing Oil Color Ebony - Candini<\/title>\n<meta name=\"robots\" content=\"index, follow, max-snippet:-1, max-image-preview:large, max-video-preview:-1\" \/>\n<link rel=\"canonical\" href=\"https:\/\/www.candini.com\/producto\/barniz-stain-finishing-oil-ebony\/\" \/>\n<meta property=\"og:locale\" content=\"en_US\" \/>\n<meta property=\"og:type\" content=\"article\" \/>\n<meta property=\"og:title\" content=\"Stain &amp; Finishing Oil Color Ebony - Candini\" \/>\n<meta property=\"og:description\" content=\"\u2728 Stain &amp; Finishing Oil es el producto todo en uno que transforma la madera con calidez y resistencia.Ti\u00f1e, protege y embellece en una sola pasada. Ideal para mesas, cocinas \u00a1e incluso suelos!F\u00e1cil de aplicar sobre madera desnuda o pintada, y no necesita nada m\u00e1s.\u00bfQuieres m\u00e1s brillo y durabilidad? A\u00f1ade el tono Natural y ver\u00e1s la diferencia. #MaderaConCar\u00e1cter #CandiniTips #Decoraci\u00f3nConAlma\" \/>\n<meta property=\"og:url\" content=\"https:\/\/www.candini.com\/producto\/barniz-stain-finishing-oil-ebony\/\" \/>\n<meta property=\"og:site_name\" content=\"Candini\" \/>\n<meta property=\"article:modified_time\" content=\"2026-02-06T11:14:52+00:00\" \/>\n<meta property=\"og:image\" content=\"https:\/\/www.candini.com\/wp-content\/uploads\/2025\/05\/SFO-Ebony02.jpg\" \/>\n\t<meta property=\"og:image:width\" content=\"2048\" \/>\n\t<meta property=\"og:image:height\" content=\"1152\" \/>\n\t<meta property=\"og:image:type\" content=\"image\/jpeg\" \/>\n<meta name=\"twitter:card\" content=\"summary_large_image\" \/>\n<meta name=\"twitter:label1\" content=\"Est. reading time\" \/>\n\t<meta name=\"twitter:data1\" content=\"1 minute\" \/>\n<script type=\"application\/ld+json\" class=\"yoast-schema-graph\">{\"@context\":\"https:\/\/schema.org\",\"@graph\":[{\"@type\":\"WebPage\",\"@id\":\"https:\/\/www.candini.com\/producto\/barniz-stain-finishing-oil-ebony\/\",\"url\":\"https:\/\/www.candini.com\/producto\/barniz-stain-finishing-oil-ebony\/\",\"name\":\"Stain & Finishing Oil Color Ebony - Candini\",\"isPartOf\":{\"@id\":\"https:\/\/www.candini.com\/#website\"},\"primaryImageOfPage\":{\"@id\":\"https:\/\/www.candini.com\/producto\/barniz-stain-finishing-oil-ebony\/#primaryimage\"},\"image\":{\"@id\":\"https:\/\/www.candini.com\/producto\/barniz-stain-finishing-oil-ebony\/#primaryimage\"},\"thumbnailUrl\":\"https:\/\/www.candini.com\/wp-content\/uploads\/2025\/05\/SFO-Ebony02.jpg\",\"datePublished\":\"2025-05-20T09:19:53+00:00\",\"dateModified\":\"2026-02-06T11:14:52+00:00\",\"breadcrumb\":{\"@id\":\"https:\/\/www.candini.com\/producto\/barniz-stain-finishing-oil-ebony\/#breadcrumb\"},\"inLanguage\":\"en-US\",\"potentialAction\":[{\"@type\":\"ReadAction\",\"target\":[\"https:\/\/www.candini.com\/producto\/barniz-stain-finishing-oil-ebony\/\"]}]},{\"@type\":\"ImageObject\",\"inLanguage\":\"en-US\",\"@id\":\"https:\/\/www.candini.com\/producto\/barniz-stain-finishing-oil-ebony\/#primaryimage\",\"url\":\"https:\/\/www.candini.com\/wp-content\/uploads\/2025\/05\/SFO-Ebony02.jpg\",\"contentUrl\":\"https:\/\/www.candini.com\/wp-content\/uploads\/2025\/05\/SFO-Ebony02.jpg\",\"width\":2048,\"height\":1152,\"caption\":\"SFO-Ebony02\"},{\"@type\":\"BreadcrumbList\",\"@id\":\"https:\/\/www.candini.com\/producto\/barniz-stain-finishing-oil-ebony\/#breadcrumb\",\"itemListElement\":[{\"@type\":\"ListItem\",\"position\":1,\"name\":\"Portada\",\"item\":\"https:\/\/www.candini.com\/en\/\"},{\"@type\":\"ListItem\",\"position\":2,\"name\":\"Shop\",\"item\":\"https:\/\/www.candini.com\/en\/shop\/\"},{\"@type\":\"ListItem\",\"position\":3,\"name\":\"Stain &#038; Finishing Oil Color Ebony\"}]},{\"@type\":\"WebSite\",\"@id\":\"https:\/\/www.candini.com\/#website\",\"url\":\"https:\/\/www.candini.com\/\",\"name\":\"Candini\",\"description\":\"Mobles i Restauraci\u00f3\",\"publisher\":{\"@id\":\"https:\/\/www.candini.com\/#organization\"},\"potentialAction\":[{\"@type\":\"SearchAction\",\"target\":{\"@type\":\"EntryPoint\",\"urlTemplate\":\"https:\/\/www.candini.com\/?s={search_term_string}\"},\"query-input\":{\"@type\":\"PropertyValueSpecification\",\"valueRequired\":true,\"valueName\":\"search_term_string\"}}],\"inLanguage\":\"en-US\"},{\"@type\":\"Organization\",\"@id\":\"https:\/\/www.candini.com\/#organization\",\"name\":\"Candini\",\"url\":\"https:\/\/www.candini.com\/\",\"logo\":{\"@type\":\"ImageObject\",\"inLanguage\":\"en-US\",\"@id\":\"https:\/\/www.candini.com\/#\/schema\/logo\/image\/\",\"url\":\"https:\/\/www.candini.com\/wp-content\/uploads\/2021\/12\/cropped-cropped-Logo_nou.png\",\"contentUrl\":\"https:\/\/www.candini.com\/wp-content\/uploads\/2021\/12\/cropped-cropped-Logo_nou.png\",\"width\":498,\"height\":194,\"caption\":\"Candini\"},\"image\":{\"@id\":\"https:\/\/www.candini.com\/#\/schema\/logo\/image\/\"}}]}<\/script>\n<!-- \/ Yoast SEO plugin. -->","yoast_head_json":{"title":"Stain & Finishing Oil Color Ebony - Candini","robots":{"index":"index","follow":"follow","max-snippet":"max-snippet:-1","max-image-preview":"max-image-preview:large","max-video-preview":"max-video-preview:-1"},"canonical":"https:\/\/www.candini.com\/producto\/barniz-stain-finishing-oil-ebony\/","og_locale":"en_US","og_type":"article","og_title":"Stain & Finishing Oil Color Ebony - Candini","og_description":"\u2728 Stain &amp; Finishing Oil es el producto todo en uno que transforma la madera con calidez y resistencia.Ti\u00f1e, protege y embellece en una sola pasada. Ideal para mesas, cocinas \u00a1e incluso suelos!F\u00e1cil de aplicar sobre madera desnuda o pintada, y no necesita nada m\u00e1s.\u00bfQuieres m\u00e1s brillo y durabilidad? A\u00f1ade el tono Natural y ver\u00e1s la diferencia. #MaderaConCar\u00e1cter #CandiniTips #Decoraci\u00f3nConAlma","og_url":"https:\/\/www.candini.com\/producto\/barniz-stain-finishing-oil-ebony\/","og_site_name":"Candini","article_modified_time":"2026-02-06T11:14:52+00:00","og_image":[{"width":2048,"height":1152,"url":"https:\/\/www.candini.com\/wp-content\/uploads\/2025\/05\/SFO-Ebony02.jpg","type":"image\/jpeg"}],"twitter_card":"summary_large_image","twitter_misc":{"Est. reading time":"1 minute"},"schema":{"@context":"https:\/\/schema.org","@graph":[{"@type":"WebPage","@id":"https:\/\/www.candini.com\/producto\/barniz-stain-finishing-oil-ebony\/","url":"https:\/\/www.candini.com\/producto\/barniz-stain-finishing-oil-ebony\/","name":"Stain & Finishing Oil Color Ebony - Candini","isPartOf":{"@id":"https:\/\/www.candini.com\/#website"},"primaryImageOfPage":{"@id":"https:\/\/www.candini.com\/producto\/barniz-stain-finishing-oil-ebony\/#primaryimage"},"image":{"@id":"https:\/\/www.candini.com\/producto\/barniz-stain-finishing-oil-ebony\/#primaryimage"},"thumbnailUrl":"https:\/\/www.candini.com\/wp-content\/uploads\/2025\/05\/SFO-Ebony02.jpg","datePublished":"2025-05-20T09:19:53+00:00","dateModified":"2026-02-06T11:14:52+00:00","breadcrumb":{"@id":"https:\/\/www.candini.com\/producto\/barniz-stain-finishing-oil-ebony\/#breadcrumb"},"inLanguage":"en-US","potentialAction":[{"@type":"ReadAction","target":["https:\/\/www.candini.com\/producto\/barniz-stain-finishing-oil-ebony\/"]}]},{"@type":"ImageObject","inLanguage":"en-US","@id":"https:\/\/www.candini.com\/producto\/barniz-stain-finishing-oil-ebony\/#primaryimage","url":"https:\/\/www.candini.com\/wp-content\/uploads\/2025\/05\/SFO-Ebony02.jpg","contentUrl":"https:\/\/www.candini.com\/wp-content\/uploads\/2025\/05\/SFO-Ebony02.jpg","width":2048,"height":1152,"caption":"SFO-Ebony02"},{"@type":"BreadcrumbList","@id":"https:\/\/www.candini.com\/producto\/barniz-stain-finishing-oil-ebony\/#breadcrumb","itemListElement":[{"@type":"ListItem","position":1,"name":"Portada","item":"https:\/\/www.candini.com\/en\/"},{"@type":"ListItem","position":2,"name":"Shop","item":"https:\/\/www.candini.com\/en\/shop\/"},{"@type":"ListItem","position":3,"name":"Stain &#038; Finishing Oil Color Ebony"}]},{"@type":"WebSite","@id":"https:\/\/www.candini.com\/#website","url":"https:\/\/www.candini.com\/","name":"Candini","description":"Mobles i Restauraci\u00f3","publisher":{"@id":"https:\/\/www.candini.com\/#organization"},"potentialAction":[{"@type":"SearchAction","target":{"@type":"EntryPoint","urlTemplate":"https:\/\/www.candini.com\/?s={search_term_string}"},"query-input":{"@type":"PropertyValueSpecification","valueRequired":true,"valueName":"search_term_string"}}],"inLanguage":"en-US"},{"@type":"Organization","@id":"https:\/\/www.candini.com\/#organization","name":"Candini","url":"https:\/\/www.candini.com\/","logo":{"@type":"ImageObject","inLanguage":"en-US","@id":"https:\/\/www.candini.com\/#\/schema\/logo\/image\/","url":"https:\/\/www.candini.com\/wp-content\/uploads\/2021\/12\/cropped-cropped-Logo_nou.png","contentUrl":"https:\/\/www.candini.com\/wp-content\/uploads\/2021\/12\/cropped-cropped-Logo_nou.png","width":498,"height":194,"caption":"Candini"},"image":{"@id":"https:\/\/www.candini.com\/#\/schema\/logo\/image\/"}}]}},"_links":{"self":[{"href":"https:\/\/www.candini.com\/en\/wp-json\/wp\/v2\/product\/35252","targetHints":{"allow":["GET"]}}],"collection":[{"href":"https:\/\/www.candini.com\/en\/wp-json\/wp\/v2\/product"}],"about":[{"href":"https:\/\/www.candini.com\/en\/wp-json\/wp\/v2\/types\/product"}],"replies":[{"embeddable":true,"href":"https:\/\/www.candini.com\/en\/wp-json\/wp\/v2\/comments?post=35252"}],"wp:featuredmedia":[{"embeddable":true,"href":"https:\/\/www.candini.com\/en\/wp-json\/wp\/v2\/media\/35256"}],"wp:attachment":[{"href":"https:\/\/www.candini.com\/en\/wp-json\/wp\/v2\/media?parent=35252"}],"wp:term":[{"taxonomy":"product_cat","embeddable":true,"href":"https:\/\/www.candini.com\/en\/wp-json\/wp\/v2\/product_cat?post=35252"},{"taxonomy":"product_tag","embeddable":true,"href":"https:\/\/www.candini.com\/en\/wp-json\/wp\/v2\/product_tag?post=35252"}],"curies":[{"name":"wp","href":"https:\/\/api.w.org\/{rel}","templated":true}]}}