{"id":34376,"date":"2022-02-24T17:23:59","date_gmt":"2022-02-24T17:23:59","guid":{"rendered":"https:\/\/candini.com\/?post_type=product&#038;p=34376"},"modified":"2026-02-06T11:15:02","modified_gmt":"2026-02-06T11:15:02","slug":"fusion-ultra-grip","status":"publish","type":"product","link":"https:\/\/www.candini.com\/en\/producto\/fusion-ultra-grip\/","title":{"rendered":"Fusion Ultra Grip"},"content":{"rendered":"<p>\u00bfTienes una superficie muy complicada para pintar? Fusion Ultra Grip permite que Fusion\u2122 se adhiera a superficies que normalmente no son para pintar como una superficie lacada, laminada, de metal o de vidrio.<\/p>\n<p>Esta emulsi\u00f3n a base de agua aumenta la adhesi\u00f3n de los colores Fusion\u2122 a superficies brillantes y dif\u00edciles de adherir. Cuando est\u00e1 h\u00famedo, tiene un aspecto lechoso, pero cuando se seca queda totalmente transparente. Para una adhesi\u00f3n \u00f3ptima, limpia la superficie a pintar y l\u00edjala ligeramente para endurecer la superficie. Deja secar durante 12 horas antes de aplicar las capas posteriores de colores Fusion\u2122. L\u00edmpialo con agua.<\/p>\n","protected":false},"excerpt":{"rendered":"<p>\u00bfTienes una superficie muy complicada para pintar? Fusion Ultra Grip permite que Fusion\u2122 se adhiera a superficies que normalmente no son para pintar como una superficie lacada, laminada, de metal o de vidrio.<\/p>\n<p>Esta emulsi\u00f3n a base de agua aumenta la adhesi\u00f3n de los colores Fusion\u2122 a superficies brillantes y dif\u00edciles de adherir. Cuando est\u00e1 h\u00famedo, tiene un aspecto lechoso, pero cuando se seca queda totalmente transparente. Para una adhesi\u00f3n \u00f3ptima, limpia la superficie a pintar y l\u00edjala ligeramente para endurecer la superficie. Deja secar durante 12 horas antes de aplicar las capas posteriores de colores Fusion\u2122. Limpiar con agua.<\/p>\n","protected":false},"featured_media":34382,"comment_status":"open","ping_status":"closed","template":"","meta":{"_genesis_hide_title":false,"_genesis_hide_breadcrumbs":false,"_genesis_hide_singular_image":false,"_genesis_hide_footer_widgets":false,"_genesis_custom_body_class":"","_genesis_custom_post_class":"","_genesis_layout":""},"product_cat":[156,224],"product_tag":[323,325,324],"class_list":{"0":"post-34376","1":"product","2":"type-product","3":"status-publish","4":"has-post-thumbnail","6":"product_cat-fusion-ultra-grip","7":"product_cat-preparacion-y-acabados","8":"product_tag-fusion-ultra-grip","9":"product_tag-pre-pintura","10":"product_tag-preparacion","11":"entry","13":"first","14":"outofstock","15":"sold-individually","16":"taxable","17":"shipping-taxable","18":"purchasable","19":"product-type-variable","20":"has-default-attributes"},"yoast_head":"<!-- This site is optimized with the Yoast SEO plugin v25.9 - https:\/\/yoast.com\/wordpress\/plugins\/seo\/ -->\n<title>Fusion Ultra Grip - Candini<\/title>\n<meta name=\"robots\" content=\"index, follow, max-snippet:-1, max-image-preview:large, max-video-preview:-1\" \/>\n<link rel=\"canonical\" href=\"https:\/\/www.candini.com\/producto\/fusion-ultra-grip\/\" \/>\n<meta property=\"og:locale\" content=\"en_US\" \/>\n<meta property=\"og:type\" content=\"article\" \/>\n<meta property=\"og:title\" content=\"Fusion Ultra Grip - Candini\" \/>\n<meta property=\"og:description\" content=\"\u00bfTienes una superficie muy complicada para pintar? Fusion Ultra Grip permite que Fusion\u2122 se adhiera a superficies que normalmente no son para pintar como una superficie lacada, laminada, de metal o de vidrio.  Esta emulsi\u00f3n a base de agua aumenta la adhesi\u00f3n de los colores Fusion\u2122 a superficies brillantes y dif\u00edciles de adherir. Cuando est\u00e1 h\u00famedo, tiene un aspecto lechoso, pero cuando se seca queda totalmente transparente. Para una adhesi\u00f3n \u00f3ptima, limpia la superficie a pintar y l\u00edjala ligeramente para endurecer la superficie. Deja secar durante 12 horas antes de aplicar las capas posteriores de colores Fusion\u2122. Limpiar con agua.\" \/>\n<meta property=\"og:url\" content=\"https:\/\/www.candini.com\/producto\/fusion-ultra-grip\/\" \/>\n<meta property=\"og:site_name\" content=\"Candini\" \/>\n<meta property=\"article:modified_time\" content=\"2026-02-06T11:15:02+00:00\" \/>\n<meta property=\"og:image\" content=\"https:\/\/www.candini.com\/wp-content\/uploads\/2022\/02\/fusion_mineral_paint-ultragrip.jpeg\" \/>\n\t<meta property=\"og:image:width\" content=\"2074\" \/>\n\t<meta property=\"og:image:height\" content=\"2178\" \/>\n\t<meta property=\"og:image:type\" content=\"image\/jpeg\" \/>\n<meta name=\"twitter:card\" content=\"summary_large_image\" \/>\n<meta name=\"twitter:label1\" content=\"Est. reading time\" \/>\n\t<meta name=\"twitter:data1\" content=\"1 minute\" \/>\n<script type=\"application\/ld+json\" class=\"yoast-schema-graph\">{\"@context\":\"https:\/\/schema.org\",\"@graph\":[{\"@type\":\"WebPage\",\"@id\":\"https:\/\/www.candini.com\/producto\/fusion-ultra-grip\/\",\"url\":\"https:\/\/www.candini.com\/producto\/fusion-ultra-grip\/\",\"name\":\"Fusion Ultra Grip - Candini\",\"isPartOf\":{\"@id\":\"https:\/\/www.candini.com\/#website\"},\"primaryImageOfPage\":{\"@id\":\"https:\/\/www.candini.com\/producto\/fusion-ultra-grip\/#primaryimage\"},\"image\":{\"@id\":\"https:\/\/www.candini.com\/producto\/fusion-ultra-grip\/#primaryimage\"},\"thumbnailUrl\":\"https:\/\/www.candini.com\/wp-content\/uploads\/2022\/02\/fusion_mineral_paint-ultragrip.jpeg\",\"datePublished\":\"2022-02-24T17:23:59+00:00\",\"dateModified\":\"2026-02-06T11:15:02+00:00\",\"breadcrumb\":{\"@id\":\"https:\/\/www.candini.com\/producto\/fusion-ultra-grip\/#breadcrumb\"},\"inLanguage\":\"en-US\",\"potentialAction\":[{\"@type\":\"ReadAction\",\"target\":[\"https:\/\/www.candini.com\/producto\/fusion-ultra-grip\/\"]}]},{\"@type\":\"ImageObject\",\"inLanguage\":\"en-US\",\"@id\":\"https:\/\/www.candini.com\/producto\/fusion-ultra-grip\/#primaryimage\",\"url\":\"https:\/\/www.candini.com\/wp-content\/uploads\/2022\/02\/fusion_mineral_paint-ultragrip.jpeg\",\"contentUrl\":\"https:\/\/www.candini.com\/wp-content\/uploads\/2022\/02\/fusion_mineral_paint-ultragrip.jpeg\",\"width\":2074,\"height\":2178},{\"@type\":\"BreadcrumbList\",\"@id\":\"https:\/\/www.candini.com\/producto\/fusion-ultra-grip\/#breadcrumb\",\"itemListElement\":[{\"@type\":\"ListItem\",\"position\":1,\"name\":\"Portada\",\"item\":\"https:\/\/www.candini.com\/en\/\"},{\"@type\":\"ListItem\",\"position\":2,\"name\":\"Shop\",\"item\":\"https:\/\/www.candini.com\/en\/shop\/\"},{\"@type\":\"ListItem\",\"position\":3,\"name\":\"Fusion Ultra Grip\"}]},{\"@type\":\"WebSite\",\"@id\":\"https:\/\/www.candini.com\/#website\",\"url\":\"https:\/\/www.candini.com\/\",\"name\":\"Candini\",\"description\":\"Mobles i Restauraci\u00f3\",\"publisher\":{\"@id\":\"https:\/\/www.candini.com\/#organization\"},\"potentialAction\":[{\"@type\":\"SearchAction\",\"target\":{\"@type\":\"EntryPoint\",\"urlTemplate\":\"https:\/\/www.candini.com\/?s={search_term_string}\"},\"query-input\":{\"@type\":\"PropertyValueSpecification\",\"valueRequired\":true,\"valueName\":\"search_term_string\"}}],\"inLanguage\":\"en-US\"},{\"@type\":\"Organization\",\"@id\":\"https:\/\/www.candini.com\/#organization\",\"name\":\"Candini\",\"url\":\"https:\/\/www.candini.com\/\",\"logo\":{\"@type\":\"ImageObject\",\"inLanguage\":\"en-US\",\"@id\":\"https:\/\/www.candini.com\/#\/schema\/logo\/image\/\",\"url\":\"https:\/\/www.candini.com\/wp-content\/uploads\/2021\/12\/cropped-cropped-Logo_nou.png\",\"contentUrl\":\"https:\/\/www.candini.com\/wp-content\/uploads\/2021\/12\/cropped-cropped-Logo_nou.png\",\"width\":498,\"height\":194,\"caption\":\"Candini\"},\"image\":{\"@id\":\"https:\/\/www.candini.com\/#\/schema\/logo\/image\/\"}}]}<\/script>\n<!-- \/ Yoast SEO plugin. -->","yoast_head_json":{"title":"Fusion Ultra Grip - Candini","robots":{"index":"index","follow":"follow","max-snippet":"max-snippet:-1","max-image-preview":"max-image-preview:large","max-video-preview":"max-video-preview:-1"},"canonical":"https:\/\/www.candini.com\/producto\/fusion-ultra-grip\/","og_locale":"en_US","og_type":"article","og_title":"Fusion Ultra Grip - Candini","og_description":"\u00bfTienes una superficie muy complicada para pintar? Fusion Ultra Grip permite que Fusion\u2122 se adhiera a superficies que normalmente no son para pintar como una superficie lacada, laminada, de metal o de vidrio.  Esta emulsi\u00f3n a base de agua aumenta la adhesi\u00f3n de los colores Fusion\u2122 a superficies brillantes y dif\u00edciles de adherir. Cuando est\u00e1 h\u00famedo, tiene un aspecto lechoso, pero cuando se seca queda totalmente transparente. Para una adhesi\u00f3n \u00f3ptima, limpia la superficie a pintar y l\u00edjala ligeramente para endurecer la superficie. Deja secar durante 12 horas antes de aplicar las capas posteriores de colores Fusion\u2122. Limpiar con agua.","og_url":"https:\/\/www.candini.com\/producto\/fusion-ultra-grip\/","og_site_name":"Candini","article_modified_time":"2026-02-06T11:15:02+00:00","og_image":[{"width":2074,"height":2178,"url":"https:\/\/www.candini.com\/wp-content\/uploads\/2022\/02\/fusion_mineral_paint-ultragrip.jpeg","type":"image\/jpeg"}],"twitter_card":"summary_large_image","twitter_misc":{"Est. reading time":"1 minute"},"schema":{"@context":"https:\/\/schema.org","@graph":[{"@type":"WebPage","@id":"https:\/\/www.candini.com\/producto\/fusion-ultra-grip\/","url":"https:\/\/www.candini.com\/producto\/fusion-ultra-grip\/","name":"Fusion Ultra Grip - Candini","isPartOf":{"@id":"https:\/\/www.candini.com\/#website"},"primaryImageOfPage":{"@id":"https:\/\/www.candini.com\/producto\/fusion-ultra-grip\/#primaryimage"},"image":{"@id":"https:\/\/www.candini.com\/producto\/fusion-ultra-grip\/#primaryimage"},"thumbnailUrl":"https:\/\/www.candini.com\/wp-content\/uploads\/2022\/02\/fusion_mineral_paint-ultragrip.jpeg","datePublished":"2022-02-24T17:23:59+00:00","dateModified":"2026-02-06T11:15:02+00:00","breadcrumb":{"@id":"https:\/\/www.candini.com\/producto\/fusion-ultra-grip\/#breadcrumb"},"inLanguage":"en-US","potentialAction":[{"@type":"ReadAction","target":["https:\/\/www.candini.com\/producto\/fusion-ultra-grip\/"]}]},{"@type":"ImageObject","inLanguage":"en-US","@id":"https:\/\/www.candini.com\/producto\/fusion-ultra-grip\/#primaryimage","url":"https:\/\/www.candini.com\/wp-content\/uploads\/2022\/02\/fusion_mineral_paint-ultragrip.jpeg","contentUrl":"https:\/\/www.candini.com\/wp-content\/uploads\/2022\/02\/fusion_mineral_paint-ultragrip.jpeg","width":2074,"height":2178},{"@type":"BreadcrumbList","@id":"https:\/\/www.candini.com\/producto\/fusion-ultra-grip\/#breadcrumb","itemListElement":[{"@type":"ListItem","position":1,"name":"Portada","item":"https:\/\/www.candini.com\/en\/"},{"@type":"ListItem","position":2,"name":"Shop","item":"https:\/\/www.candini.com\/en\/shop\/"},{"@type":"ListItem","position":3,"name":"Fusion Ultra Grip"}]},{"@type":"WebSite","@id":"https:\/\/www.candini.com\/#website","url":"https:\/\/www.candini.com\/","name":"Candini","description":"Mobles i Restauraci\u00f3","publisher":{"@id":"https:\/\/www.candini.com\/#organization"},"potentialAction":[{"@type":"SearchAction","target":{"@type":"EntryPoint","urlTemplate":"https:\/\/www.candini.com\/?s={search_term_string}"},"query-input":{"@type":"PropertyValueSpecification","valueRequired":true,"valueName":"search_term_string"}}],"inLanguage":"en-US"},{"@type":"Organization","@id":"https:\/\/www.candini.com\/#organization","name":"Candini","url":"https:\/\/www.candini.com\/","logo":{"@type":"ImageObject","inLanguage":"en-US","@id":"https:\/\/www.candini.com\/#\/schema\/logo\/image\/","url":"https:\/\/www.candini.com\/wp-content\/uploads\/2021\/12\/cropped-cropped-Logo_nou.png","contentUrl":"https:\/\/www.candini.com\/wp-content\/uploads\/2021\/12\/cropped-cropped-Logo_nou.png","width":498,"height":194,"caption":"Candini"},"image":{"@id":"https:\/\/www.candini.com\/#\/schema\/logo\/image\/"}}]}},"_links":{"self":[{"href":"https:\/\/www.candini.com\/en\/wp-json\/wp\/v2\/product\/34376","targetHints":{"allow":["GET"]}}],"collection":[{"href":"https:\/\/www.candini.com\/en\/wp-json\/wp\/v2\/product"}],"about":[{"href":"https:\/\/www.candini.com\/en\/wp-json\/wp\/v2\/types\/product"}],"replies":[{"embeddable":true,"href":"https:\/\/www.candini.com\/en\/wp-json\/wp\/v2\/comments?post=34376"}],"wp:featuredmedia":[{"embeddable":true,"href":"https:\/\/www.candini.com\/en\/wp-json\/wp\/v2\/media\/34382"}],"wp:attachment":[{"href":"https:\/\/www.candini.com\/en\/wp-json\/wp\/v2\/media?parent=34376"}],"wp:term":[{"taxonomy":"product_cat","embeddable":true,"href":"https:\/\/www.candini.com\/en\/wp-json\/wp\/v2\/product_cat?post=34376"},{"taxonomy":"product_tag","embeddable":true,"href":"https:\/\/www.candini.com\/en\/wp-json\/wp\/v2\/product_tag?post=34376"}],"curies":[{"name":"wp","href":"https:\/\/api.w.org\/{rel}","templated":true}]}}