{"id":32902,"date":"2022-02-02T13:37:20","date_gmt":"2022-02-02T13:37:20","guid":{"rendered":"https:\/\/candini.com\/?post_type=product&#038;p=32902"},"modified":"2026-02-06T11:15:00","modified_gmt":"2026-02-06T11:15:00","slug":"victorian-lace","status":"publish","type":"product","link":"https:\/\/www.candini.com\/en\/producto\/victorian-lace\/","title":{"rendered":"Pintura FMP Victorian Lace 500 ml"},"content":{"rendered":"<p>Rom\u00e1ntico en todos los sentidos, este blanco multitono est\u00e1 perfectamente equilibrado entre c\u00e1lido y fr\u00edo. Este tono est\u00e1 inspirado en los intrincados detalles del lazo victoriano.<\/p>\n<p>Fusion Mineral Paint es pintura de alta calidad en base mineral y respetuosa con el medio ambiente. De excelente cobertura y elasticidad. Muy recomendable tanto para madera nueva como para madera ya barnizada o pintada. No es necesario decapar previamente. No necesita de barniz ni protecci\u00f3n final (ya lo lleva incorporado).<\/p>\n","protected":false},"excerpt":{"rendered":"<p>Rom\u00e1ntico en todos los sentidos, este blanco multitono est\u00e1 perfectamente equilibrado entre c\u00e1lido y fr\u00edo. Este tono est\u00e1 inspirado en los intrincados detalles del lazo victoriano.<\/p>\n<p>Fusion Mineral Paint es pintura de alta calidad en base mineral y respetuosa con el medio ambiente. De excelente cobertura y elasticidad. Muy recomendable tanto para madera nueva como para madera ya barnizada o pintada. No es necesario decapar previamente. No necesita de barniz ni protecci\u00f3n final (ya lo lleva incorporado).<\/p>\n","protected":false},"featured_media":32906,"comment_status":"open","ping_status":"closed","template":"","meta":{"_genesis_hide_title":false,"_genesis_hide_breadcrumbs":false,"_genesis_hide_singular_image":false,"_genesis_hide_footer_widgets":false,"_genesis_custom_body_class":"","_genesis_custom_post_class":"","_genesis_layout":""},"product_cat":[220,145,219,28],"product_tag":[226,228,66,214,227],"class_list":{"0":"post-32902","1":"product","2":"type-product","3":"status-publish","4":"has-post-thumbnail","6":"product_cat-blancos-neutros","7":"product_cat-colores-fusion-mineral-paint","8":"product_cat-nuevos-colores","9":"product_cat-pintura","10":"product_tag-blanco","11":"product_tag-claro","12":"product_tag-fusion-mineral-paint","13":"product_tag-pintura","14":"product_tag-pintura-mueble","15":"entry","17":"first","18":"outofstock","19":"taxable","20":"shipping-taxable","21":"purchasable","22":"product-type-simple"},"yoast_head":"<!-- This site is optimized with the Yoast SEO plugin v25.9 - https:\/\/yoast.com\/wordpress\/plugins\/seo\/ -->\n<title>Pintura FMP Victorian Lace 500 ml - Candini<\/title>\n<meta name=\"description\" content=\"Pintura FMP Bedford 500 ml con excelente cobertura, hasta 7 m\u00b2 por bote. Ideal para decoraci\u00f3n. M\u00ednima preparaci\u00f3n. Para interior y exterior.\" \/>\n<meta name=\"robots\" content=\"index, follow, max-snippet:-1, max-image-preview:large, max-video-preview:-1\" \/>\n<link rel=\"canonical\" href=\"https:\/\/www.candini.com\/producto\/victorian-lace\/\" \/>\n<meta property=\"og:locale\" content=\"en_US\" \/>\n<meta property=\"og:type\" content=\"article\" \/>\n<meta property=\"og:title\" content=\"Pintura FMP Victorian Lace 500 ml - Candini\" \/>\n<meta property=\"og:description\" content=\"Pintura FMP Bedford 500 ml con excelente cobertura, hasta 7 m\u00b2 por bote. Ideal para decoraci\u00f3n. M\u00ednima preparaci\u00f3n. Para interior y exterior.\" \/>\n<meta property=\"og:url\" content=\"https:\/\/www.candini.com\/producto\/victorian-lace\/\" \/>\n<meta property=\"og:site_name\" content=\"Candini\" \/>\n<meta property=\"article:modified_time\" content=\"2026-02-06T11:15:00+00:00\" \/>\n<meta property=\"og:image\" content=\"https:\/\/www.candini.com\/wp-content\/uploads\/2022\/02\/Victorian-Lace.png\" \/>\n\t<meta property=\"og:image:width\" content=\"1100\" \/>\n\t<meta property=\"og:image:height\" content=\"1100\" \/>\n\t<meta property=\"og:image:type\" content=\"image\/png\" \/>\n<meta name=\"twitter:card\" content=\"summary_large_image\" \/>\n<meta name=\"twitter:label1\" content=\"Est. reading time\" \/>\n\t<meta name=\"twitter:data1\" content=\"1 minute\" \/>\n<script type=\"application\/ld+json\" class=\"yoast-schema-graph\">{\"@context\":\"https:\/\/schema.org\",\"@graph\":[{\"@type\":\"WebPage\",\"@id\":\"https:\/\/www.candini.com\/producto\/victorian-lace\/\",\"url\":\"https:\/\/www.candini.com\/producto\/victorian-lace\/\",\"name\":\"Pintura FMP Victorian Lace 500 ml - Candini\",\"isPartOf\":{\"@id\":\"https:\/\/www.candini.com\/#website\"},\"primaryImageOfPage\":{\"@id\":\"https:\/\/www.candini.com\/producto\/victorian-lace\/#primaryimage\"},\"image\":{\"@id\":\"https:\/\/www.candini.com\/producto\/victorian-lace\/#primaryimage\"},\"thumbnailUrl\":\"https:\/\/www.candini.com\/wp-content\/uploads\/2022\/02\/Victorian-Lace.png\",\"datePublished\":\"2022-02-02T13:37:20+00:00\",\"dateModified\":\"2026-02-06T11:15:00+00:00\",\"description\":\"Pintura FMP Bedford 500 ml con excelente cobertura, hasta 7 m\u00b2 por bote. Ideal para decoraci\u00f3n. M\u00ednima preparaci\u00f3n. Para interior y exterior.\",\"breadcrumb\":{\"@id\":\"https:\/\/www.candini.com\/producto\/victorian-lace\/#breadcrumb\"},\"inLanguage\":\"en-US\",\"potentialAction\":[{\"@type\":\"ReadAction\",\"target\":[\"https:\/\/www.candini.com\/producto\/victorian-lace\/\"]}]},{\"@type\":\"ImageObject\",\"inLanguage\":\"en-US\",\"@id\":\"https:\/\/www.candini.com\/producto\/victorian-lace\/#primaryimage\",\"url\":\"https:\/\/www.candini.com\/wp-content\/uploads\/2022\/02\/Victorian-Lace.png\",\"contentUrl\":\"https:\/\/www.candini.com\/wp-content\/uploads\/2022\/02\/Victorian-Lace.png\",\"width\":1100,\"height\":1100},{\"@type\":\"BreadcrumbList\",\"@id\":\"https:\/\/www.candini.com\/producto\/victorian-lace\/#breadcrumb\",\"itemListElement\":[{\"@type\":\"ListItem\",\"position\":1,\"name\":\"Portada\",\"item\":\"https:\/\/www.candini.com\/en\/\"},{\"@type\":\"ListItem\",\"position\":2,\"name\":\"Shop\",\"item\":\"https:\/\/www.candini.com\/en\/shop\/\"},{\"@type\":\"ListItem\",\"position\":3,\"name\":\"Pintura FMP Victorian Lace 500 ml\"}]},{\"@type\":\"WebSite\",\"@id\":\"https:\/\/www.candini.com\/#website\",\"url\":\"https:\/\/www.candini.com\/\",\"name\":\"Candini\",\"description\":\"Mobles i Restauraci\u00f3\",\"publisher\":{\"@id\":\"https:\/\/www.candini.com\/#organization\"},\"potentialAction\":[{\"@type\":\"SearchAction\",\"target\":{\"@type\":\"EntryPoint\",\"urlTemplate\":\"https:\/\/www.candini.com\/?s={search_term_string}\"},\"query-input\":{\"@type\":\"PropertyValueSpecification\",\"valueRequired\":true,\"valueName\":\"search_term_string\"}}],\"inLanguage\":\"en-US\"},{\"@type\":\"Organization\",\"@id\":\"https:\/\/www.candini.com\/#organization\",\"name\":\"Candini\",\"url\":\"https:\/\/www.candini.com\/\",\"logo\":{\"@type\":\"ImageObject\",\"inLanguage\":\"en-US\",\"@id\":\"https:\/\/www.candini.com\/#\/schema\/logo\/image\/\",\"url\":\"https:\/\/www.candini.com\/wp-content\/uploads\/2021\/12\/cropped-cropped-Logo_nou.png\",\"contentUrl\":\"https:\/\/www.candini.com\/wp-content\/uploads\/2021\/12\/cropped-cropped-Logo_nou.png\",\"width\":498,\"height\":194,\"caption\":\"Candini\"},\"image\":{\"@id\":\"https:\/\/www.candini.com\/#\/schema\/logo\/image\/\"}}]}<\/script>\n<!-- \/ Yoast SEO plugin. -->","yoast_head_json":{"title":"Pintura FMP Victorian Lace 500 ml - Candini","description":"Pintura FMP Bedford 500 ml con excelente cobertura, hasta 7 m\u00b2 por bote. Ideal para decoraci\u00f3n. M\u00ednima preparaci\u00f3n. Para interior y exterior.","robots":{"index":"index","follow":"follow","max-snippet":"max-snippet:-1","max-image-preview":"max-image-preview:large","max-video-preview":"max-video-preview:-1"},"canonical":"https:\/\/www.candini.com\/producto\/victorian-lace\/","og_locale":"en_US","og_type":"article","og_title":"Pintura FMP Victorian Lace 500 ml - Candini","og_description":"Pintura FMP Bedford 500 ml con excelente cobertura, hasta 7 m\u00b2 por bote. Ideal para decoraci\u00f3n. M\u00ednima preparaci\u00f3n. Para interior y exterior.","og_url":"https:\/\/www.candini.com\/producto\/victorian-lace\/","og_site_name":"Candini","article_modified_time":"2026-02-06T11:15:00+00:00","og_image":[{"width":1100,"height":1100,"url":"https:\/\/www.candini.com\/wp-content\/uploads\/2022\/02\/Victorian-Lace.png","type":"image\/png"}],"twitter_card":"summary_large_image","twitter_misc":{"Est. reading time":"1 minute"},"schema":{"@context":"https:\/\/schema.org","@graph":[{"@type":"WebPage","@id":"https:\/\/www.candini.com\/producto\/victorian-lace\/","url":"https:\/\/www.candini.com\/producto\/victorian-lace\/","name":"Pintura FMP Victorian Lace 500 ml - Candini","isPartOf":{"@id":"https:\/\/www.candini.com\/#website"},"primaryImageOfPage":{"@id":"https:\/\/www.candini.com\/producto\/victorian-lace\/#primaryimage"},"image":{"@id":"https:\/\/www.candini.com\/producto\/victorian-lace\/#primaryimage"},"thumbnailUrl":"https:\/\/www.candini.com\/wp-content\/uploads\/2022\/02\/Victorian-Lace.png","datePublished":"2022-02-02T13:37:20+00:00","dateModified":"2026-02-06T11:15:00+00:00","description":"Pintura FMP Bedford 500 ml con excelente cobertura, hasta 7 m\u00b2 por bote. Ideal para decoraci\u00f3n. M\u00ednima preparaci\u00f3n. Para interior y exterior.","breadcrumb":{"@id":"https:\/\/www.candini.com\/producto\/victorian-lace\/#breadcrumb"},"inLanguage":"en-US","potentialAction":[{"@type":"ReadAction","target":["https:\/\/www.candini.com\/producto\/victorian-lace\/"]}]},{"@type":"ImageObject","inLanguage":"en-US","@id":"https:\/\/www.candini.com\/producto\/victorian-lace\/#primaryimage","url":"https:\/\/www.candini.com\/wp-content\/uploads\/2022\/02\/Victorian-Lace.png","contentUrl":"https:\/\/www.candini.com\/wp-content\/uploads\/2022\/02\/Victorian-Lace.png","width":1100,"height":1100},{"@type":"BreadcrumbList","@id":"https:\/\/www.candini.com\/producto\/victorian-lace\/#breadcrumb","itemListElement":[{"@type":"ListItem","position":1,"name":"Portada","item":"https:\/\/www.candini.com\/en\/"},{"@type":"ListItem","position":2,"name":"Shop","item":"https:\/\/www.candini.com\/en\/shop\/"},{"@type":"ListItem","position":3,"name":"Pintura FMP Victorian Lace 500 ml"}]},{"@type":"WebSite","@id":"https:\/\/www.candini.com\/#website","url":"https:\/\/www.candini.com\/","name":"Candini","description":"Mobles i Restauraci\u00f3","publisher":{"@id":"https:\/\/www.candini.com\/#organization"},"potentialAction":[{"@type":"SearchAction","target":{"@type":"EntryPoint","urlTemplate":"https:\/\/www.candini.com\/?s={search_term_string}"},"query-input":{"@type":"PropertyValueSpecification","valueRequired":true,"valueName":"search_term_string"}}],"inLanguage":"en-US"},{"@type":"Organization","@id":"https:\/\/www.candini.com\/#organization","name":"Candini","url":"https:\/\/www.candini.com\/","logo":{"@type":"ImageObject","inLanguage":"en-US","@id":"https:\/\/www.candini.com\/#\/schema\/logo\/image\/","url":"https:\/\/www.candini.com\/wp-content\/uploads\/2021\/12\/cropped-cropped-Logo_nou.png","contentUrl":"https:\/\/www.candini.com\/wp-content\/uploads\/2021\/12\/cropped-cropped-Logo_nou.png","width":498,"height":194,"caption":"Candini"},"image":{"@id":"https:\/\/www.candini.com\/#\/schema\/logo\/image\/"}}]}},"_links":{"self":[{"href":"https:\/\/www.candini.com\/en\/wp-json\/wp\/v2\/product\/32902","targetHints":{"allow":["GET"]}}],"collection":[{"href":"https:\/\/www.candini.com\/en\/wp-json\/wp\/v2\/product"}],"about":[{"href":"https:\/\/www.candini.com\/en\/wp-json\/wp\/v2\/types\/product"}],"replies":[{"embeddable":true,"href":"https:\/\/www.candini.com\/en\/wp-json\/wp\/v2\/comments?post=32902"}],"wp:featuredmedia":[{"embeddable":true,"href":"https:\/\/www.candini.com\/en\/wp-json\/wp\/v2\/media\/32906"}],"wp:attachment":[{"href":"https:\/\/www.candini.com\/en\/wp-json\/wp\/v2\/media?parent=32902"}],"wp:term":[{"taxonomy":"product_cat","embeddable":true,"href":"https:\/\/www.candini.com\/en\/wp-json\/wp\/v2\/product_cat?post=32902"},{"taxonomy":"product_tag","embeddable":true,"href":"https:\/\/www.candini.com\/en\/wp-json\/wp\/v2\/product_tag?post=32902"}],"curies":[{"name":"wp","href":"https:\/\/api.w.org\/{rel}","templated":true}]}}