{"id":35416,"date":"2025-05-20T09:19:53","date_gmt":"2025-07-27T07:41:13","guid":{"rendered":"https:\/\/www.candini.com\/producto\/stain-finishing-oil-color-ebony\/"},"modified":"2025-07-27T07:41:13","modified_gmt":"2025-07-27T07:41:13","slug":"stain-finishing-oil-color-ebony","status":"publish","type":"product","link":"https:\/\/www.candini.com\/ca\/producto\/stain-finishing-oil-color-ebony\/","title":{"rendered":"Stain &amp; Finishing Oil Color Ebony"},"content":{"rendered":"<p class=\"\" data-start=\"135\" data-end=\"352\"><strong data-start=\"135\" data-end=\"160\">Stain &amp; Finishing Oil<\/strong> \u00e9s molt m\u00e9s que un simple producte per a la fusta. \u00c9s una soluci\u00f3 tot en un que nodreix, tenyeix i protegeix, pensada per a aquells que busquen bellesa, calidesa i resist\u00e8ncia a cada rac\u00f3 de la seva llar. <\/p>\n<p class=\"\" data-start=\"354\" data-end=\"566\">La seva f\u00f3rmula ofereix una durabilitat excepcional fins i tot a les zones m\u00e9s transitades: taules on es reuneixen les fam\u00edlies, armaris de cuina que s\u2019obren mil vegades al dia o terres que viuen cada pas del teu dia a dia.<\/p>\n<p class=\"\" data-start=\"568\" data-end=\"787\">Es pot aplicar sobre fusta nua o superf\u00edcies ja pintades, i no necessita cap acabat addicional. La seva resist\u00e8ncia el converteix en l&#8217;elecci\u00f3 perfecta per a aquells que volen resultats duradors sense complicacions. <\/p>\n<p class=\"\" data-start=\"789\" data-end=\"978\">I si busques un plus de protecci\u00f3 i una subtil lluentor que realci el color sense alterar-lo, nom\u00e9s has d\u2019aplicar una capa extra del to<strong data-start=\"924\" data-end=\"935\"> Natural.<\/strong> Un petit gest que marca la difer\u00e8ncia. <\/p>\n","protected":false},"excerpt":{"rendered":"<p class=\"\" data-start=\"76\" data-end=\"438\"><strong data-start=\"78\" data-end=\"103\">\u2728 Stain &amp; Finishing Oil <\/strong>\u00e9s el producte tot en un que transforma la fusta amb calidesa i resist\u00e8ncia.<br data-start=\"182\" data-end=\"185\">Tenyeix, protegeix i embelleix en una sola passada. Ideal per a taules, cuines i fins i tot terres! <br data-start=\"275\" data-end=\"278\">F\u00e0cil d\u2019aplicar sobre fusta nua o pintada, i no necessita res m\u00e9s.<br data-start=\"350\" data-end=\"353\">Vols m\u00e9s brillantor i durabilitat? Afegeix el to <strong data-start=\"402\" data-end=\"413\">Natural<\/strong> i veur\u00e0s la difer\u00e8ncia. <\/p>\n<p class=\"\" data-start=\"440\" data-end=\"490\">#FustaAmbCar\u00e0cter #ConsellsCandini #Decoraci\u00f3Amb\u00c0nima<\/p>\n","protected":false},"featured_media":35257,"comment_status":"open","ping_status":"closed","template":"","meta":{"_genesis_hide_title":false,"_genesis_hide_breadcrumbs":false,"_genesis_hide_singular_image":false,"_genesis_hide_footer_widgets":false,"_genesis_custom_body_class":"","_genesis_custom_post_class":"","_genesis_layout":""},"product_cat":[260],"product_tag":[288,331,332,330],"class_list":{"0":"post-35416","1":"product","2":"type-product","3":"status-publish","4":"has-post-thumbnail","6":"product_cat-ceres-vernissos","7":"product_tag-fusion-mineral-paint-ca","8":"product_tag-sfo-ca","9":"product_tag-stain-finishing-oil-ca","10":"product_tag-tough-coat-ca","11":"entry","13":"first","14":"outofstock","15":"taxable","16":"shipping-taxable","17":"purchasable","18":"product-type-simple"},"yoast_head":"<!-- This site is optimized with the Yoast SEO plugin v25.9 - https:\/\/yoast.com\/wordpress\/plugins\/seo\/ -->\n<title>Stain &amp; Finishing Oil Color Ebony - Candini<\/title>\n<meta name=\"robots\" content=\"index, follow, max-snippet:-1, max-image-preview:large, max-video-preview:-1\" \/>\n<link rel=\"canonical\" href=\"https:\/\/www.candini.com\/producto\/barniz-stain-finishing-oil-ebony\/\" \/>\n<meta property=\"og:locale\" content=\"ca_ES\" \/>\n<meta property=\"og:type\" content=\"article\" \/>\n<meta property=\"og:title\" content=\"Stain &amp; Finishing Oil Color Ebony - Candini\" \/>\n<meta property=\"og:description\" content=\"\u2728 Stain &amp; Finishing Oil \u00e9s el producte tot en un que transforma la fusta amb calidesa i resist\u00e8ncia.Tenyeix, protegeix i embelleix en una sola passada. Ideal per a taules, cuines i fins i tot terres! F\u00e0cil d\u2019aplicar sobre fusta nua o pintada, i no necessita res m\u00e9s.Vols m\u00e9s brillantor i durabilitat? Afegeix el to Natural i veur\u00e0s la difer\u00e8ncia. #FustaAmbCar\u00e0cter #ConsellsCandini #Decoraci\u00f3Amb\u00c0nima\" \/>\n<meta property=\"og:url\" content=\"https:\/\/www.candini.com\/producto\/barniz-stain-finishing-oil-ebony\/\" \/>\n<meta property=\"og:site_name\" content=\"Candini\" \/>\n<meta property=\"og:image\" content=\"https:\/\/www.candini.com\/wp-content\/uploads\/2025\/05\/SFO-Ebony02.jpg\" \/>\n\t<meta property=\"og:image:width\" content=\"2048\" \/>\n\t<meta property=\"og:image:height\" content=\"1152\" \/>\n\t<meta property=\"og:image:type\" content=\"image\/jpeg\" \/>\n<meta name=\"twitter:card\" content=\"summary_large_image\" \/>\n<meta name=\"twitter:label1\" content=\"Temps estimat de lectura\" \/>\n\t<meta name=\"twitter:data1\" content=\"1 minut\" \/>\n<script type=\"application\/ld+json\" class=\"yoast-schema-graph\">{\"@context\":\"https:\/\/schema.org\",\"@graph\":[{\"@type\":\"WebPage\",\"@id\":\"https:\/\/www.candini.com\/producto\/barniz-stain-finishing-oil-ebony\/\",\"url\":\"https:\/\/www.candini.com\/producto\/barniz-stain-finishing-oil-ebony\/\",\"name\":\"Stain &amp; Finishing Oil Color Ebony - Candini\",\"isPartOf\":{\"@id\":\"https:\/\/www.candini.com\/#website\"},\"primaryImageOfPage\":{\"@id\":\"https:\/\/www.candini.com\/producto\/barniz-stain-finishing-oil-ebony\/#primaryimage\"},\"image\":{\"@id\":\"https:\/\/www.candini.com\/producto\/barniz-stain-finishing-oil-ebony\/#primaryimage\"},\"thumbnailUrl\":\"https:\/\/www.candini.com\/wp-content\/uploads\/2025\/05\/SFO-Ebony02.jpg\",\"datePublished\":\"2025-07-27T07:41:13+00:00\",\"breadcrumb\":{\"@id\":\"https:\/\/www.candini.com\/producto\/barniz-stain-finishing-oil-ebony\/#breadcrumb\"},\"inLanguage\":\"ca\",\"potentialAction\":[{\"@type\":\"ReadAction\",\"target\":[\"https:\/\/www.candini.com\/producto\/barniz-stain-finishing-oil-ebony\/\"]}]},{\"@type\":\"ImageObject\",\"inLanguage\":\"ca\",\"@id\":\"https:\/\/www.candini.com\/producto\/barniz-stain-finishing-oil-ebony\/#primaryimage\",\"url\":\"https:\/\/www.candini.com\/wp-content\/uploads\/2025\/05\/SFO-Ebony02.jpg\",\"contentUrl\":\"https:\/\/www.candini.com\/wp-content\/uploads\/2025\/05\/SFO-Ebony02.jpg\",\"width\":2048,\"height\":1152,\"caption\":\"SFO-Ebony02\"},{\"@type\":\"BreadcrumbList\",\"@id\":\"https:\/\/www.candini.com\/producto\/barniz-stain-finishing-oil-ebony\/#breadcrumb\",\"itemListElement\":[{\"@type\":\"ListItem\",\"position\":1,\"name\":\"Portada\",\"item\":\"https:\/\/www.candini.com\/ca\/\"},{\"@type\":\"ListItem\",\"position\":2,\"name\":\"Tienda\",\"item\":\"https:\/\/www.candini.com\/ca\/tienda-2\/\"},{\"@type\":\"ListItem\",\"position\":3,\"name\":\"Stain &amp; Finishing Oil Color Ebony\"}]},{\"@type\":\"WebSite\",\"@id\":\"https:\/\/www.candini.com\/#website\",\"url\":\"https:\/\/www.candini.com\/\",\"name\":\"Candini\",\"description\":\"Mobles i Restauraci\u00f3\",\"publisher\":{\"@id\":\"https:\/\/www.candini.com\/#organization\"},\"potentialAction\":[{\"@type\":\"SearchAction\",\"target\":{\"@type\":\"EntryPoint\",\"urlTemplate\":\"https:\/\/www.candini.com\/?s={search_term_string}\"},\"query-input\":{\"@type\":\"PropertyValueSpecification\",\"valueRequired\":true,\"valueName\":\"search_term_string\"}}],\"inLanguage\":\"ca\"},{\"@type\":\"Organization\",\"@id\":\"https:\/\/www.candini.com\/#organization\",\"name\":\"Candini\",\"url\":\"https:\/\/www.candini.com\/\",\"logo\":{\"@type\":\"ImageObject\",\"inLanguage\":\"ca\",\"@id\":\"https:\/\/www.candini.com\/#\/schema\/logo\/image\/\",\"url\":\"https:\/\/www.candini.com\/wp-content\/uploads\/2021\/12\/cropped-cropped-Logo_nou.png\",\"contentUrl\":\"https:\/\/www.candini.com\/wp-content\/uploads\/2021\/12\/cropped-cropped-Logo_nou.png\",\"width\":498,\"height\":194,\"caption\":\"Candini\"},\"image\":{\"@id\":\"https:\/\/www.candini.com\/#\/schema\/logo\/image\/\"}}]}<\/script>\n<!-- \/ Yoast SEO plugin. -->","yoast_head_json":{"title":"Stain &amp; Finishing Oil Color Ebony - Candini","robots":{"index":"index","follow":"follow","max-snippet":"max-snippet:-1","max-image-preview":"max-image-preview:large","max-video-preview":"max-video-preview:-1"},"canonical":"https:\/\/www.candini.com\/producto\/barniz-stain-finishing-oil-ebony\/","og_locale":"ca_ES","og_type":"article","og_title":"Stain &amp; Finishing Oil Color Ebony - Candini","og_description":"\u2728 Stain &amp; Finishing Oil \u00e9s el producte tot en un que transforma la fusta amb calidesa i resist\u00e8ncia.Tenyeix, protegeix i embelleix en una sola passada. Ideal per a taules, cuines i fins i tot terres! F\u00e0cil d\u2019aplicar sobre fusta nua o pintada, i no necessita res m\u00e9s.Vols m\u00e9s brillantor i durabilitat? Afegeix el to Natural i veur\u00e0s la difer\u00e8ncia. #FustaAmbCar\u00e0cter #ConsellsCandini #Decoraci\u00f3Amb\u00c0nima","og_url":"https:\/\/www.candini.com\/producto\/barniz-stain-finishing-oil-ebony\/","og_site_name":"Candini","og_image":[{"width":2048,"height":1152,"url":"https:\/\/www.candini.com\/wp-content\/uploads\/2025\/05\/SFO-Ebony02.jpg","type":"image\/jpeg"}],"twitter_card":"summary_large_image","twitter_misc":{"Temps estimat de lectura":"1 minut"},"schema":{"@context":"https:\/\/schema.org","@graph":[{"@type":"WebPage","@id":"https:\/\/www.candini.com\/producto\/barniz-stain-finishing-oil-ebony\/","url":"https:\/\/www.candini.com\/producto\/barniz-stain-finishing-oil-ebony\/","name":"Stain &amp; Finishing Oil Color Ebony - Candini","isPartOf":{"@id":"https:\/\/www.candini.com\/#website"},"primaryImageOfPage":{"@id":"https:\/\/www.candini.com\/producto\/barniz-stain-finishing-oil-ebony\/#primaryimage"},"image":{"@id":"https:\/\/www.candini.com\/producto\/barniz-stain-finishing-oil-ebony\/#primaryimage"},"thumbnailUrl":"https:\/\/www.candini.com\/wp-content\/uploads\/2025\/05\/SFO-Ebony02.jpg","datePublished":"2025-07-27T07:41:13+00:00","breadcrumb":{"@id":"https:\/\/www.candini.com\/producto\/barniz-stain-finishing-oil-ebony\/#breadcrumb"},"inLanguage":"ca","potentialAction":[{"@type":"ReadAction","target":["https:\/\/www.candini.com\/producto\/barniz-stain-finishing-oil-ebony\/"]}]},{"@type":"ImageObject","inLanguage":"ca","@id":"https:\/\/www.candini.com\/producto\/barniz-stain-finishing-oil-ebony\/#primaryimage","url":"https:\/\/www.candini.com\/wp-content\/uploads\/2025\/05\/SFO-Ebony02.jpg","contentUrl":"https:\/\/www.candini.com\/wp-content\/uploads\/2025\/05\/SFO-Ebony02.jpg","width":2048,"height":1152,"caption":"SFO-Ebony02"},{"@type":"BreadcrumbList","@id":"https:\/\/www.candini.com\/producto\/barniz-stain-finishing-oil-ebony\/#breadcrumb","itemListElement":[{"@type":"ListItem","position":1,"name":"Portada","item":"https:\/\/www.candini.com\/ca\/"},{"@type":"ListItem","position":2,"name":"Tienda","item":"https:\/\/www.candini.com\/ca\/tienda-2\/"},{"@type":"ListItem","position":3,"name":"Stain &amp; Finishing Oil Color Ebony"}]},{"@type":"WebSite","@id":"https:\/\/www.candini.com\/#website","url":"https:\/\/www.candini.com\/","name":"Candini","description":"Mobles i Restauraci\u00f3","publisher":{"@id":"https:\/\/www.candini.com\/#organization"},"potentialAction":[{"@type":"SearchAction","target":{"@type":"EntryPoint","urlTemplate":"https:\/\/www.candini.com\/?s={search_term_string}"},"query-input":{"@type":"PropertyValueSpecification","valueRequired":true,"valueName":"search_term_string"}}],"inLanguage":"ca"},{"@type":"Organization","@id":"https:\/\/www.candini.com\/#organization","name":"Candini","url":"https:\/\/www.candini.com\/","logo":{"@type":"ImageObject","inLanguage":"ca","@id":"https:\/\/www.candini.com\/#\/schema\/logo\/image\/","url":"https:\/\/www.candini.com\/wp-content\/uploads\/2021\/12\/cropped-cropped-Logo_nou.png","contentUrl":"https:\/\/www.candini.com\/wp-content\/uploads\/2021\/12\/cropped-cropped-Logo_nou.png","width":498,"height":194,"caption":"Candini"},"image":{"@id":"https:\/\/www.candini.com\/#\/schema\/logo\/image\/"}}]}},"_links":{"self":[{"href":"https:\/\/www.candini.com\/ca\/wp-json\/wp\/v2\/product\/35416","targetHints":{"allow":["GET"]}}],"collection":[{"href":"https:\/\/www.candini.com\/ca\/wp-json\/wp\/v2\/product"}],"about":[{"href":"https:\/\/www.candini.com\/ca\/wp-json\/wp\/v2\/types\/product"}],"replies":[{"embeddable":true,"href":"https:\/\/www.candini.com\/ca\/wp-json\/wp\/v2\/comments?post=35416"}],"wp:featuredmedia":[{"embeddable":true,"href":"https:\/\/www.candini.com\/ca\/wp-json\/wp\/v2\/media\/35257"}],"wp:attachment":[{"href":"https:\/\/www.candini.com\/ca\/wp-json\/wp\/v2\/media?parent=35416"}],"wp:term":[{"taxonomy":"product_cat","embeddable":true,"href":"https:\/\/www.candini.com\/ca\/wp-json\/wp\/v2\/product_cat?post=35416"},{"taxonomy":"product_tag","embeddable":true,"href":"https:\/\/www.candini.com\/ca\/wp-json\/wp\/v2\/product_tag?post=35416"}],"curies":[{"name":"wp","href":"https:\/\/api.w.org\/{rel}","templated":true}]}}