{"id":34069,"date":"2022-02-03T08:52:31","date_gmt":"2022-02-17T16:07:59","guid":{"rendered":"https:\/\/candini.com\/producto\/soap-stone\/"},"modified":"2022-02-17T16:07:59","modified_gmt":"2022-02-17T16:07:59","slug":"soap-stone","status":"publish","type":"product","link":"https:\/\/www.candini.com\/ca\/producto\/soap-stone\/","title":{"rendered":"Soap Stone"},"content":{"rendered":"<p>El gris fosc favorit, Soap Stone \u00e9s un d&#8217;aquests colors que dep\u00e8n totalment del seu entorn. Els seus lleugers matisos morats afegits amb la llum canviant de l&#8217;habitaci\u00f3 jugaran amb els teus ulls de la manera m\u00e9s encantadora.<\/p>\n<p>Fusion Mineral Paint \u00e9s pintura d&#8217;alta qualitat en base mineral i respectuosa amb el medi ambient. D&#8217;excel\u00b7lent cobertura i elasticitat. Molt recomanable tant per a fusta nova com per a fusta ja vernissada o pintada. No \u00e9s necessari decapar pr\u00e8viament. No necessita de vern\u00eds ni protecci\u00f3 final (ja ho porta incorporat).<\/p>\n","protected":false},"excerpt":{"rendered":"<p>El gris fosc favorit, Soap Stone \u00e9s un d&#8217;aquests colors que dep\u00e8n totalment del seu entorn. Els seus lleugers matisos morats afegits amb la llum canviant de l&#8217;habitaci\u00f3 jugaran amb els teus ulls de la manera m\u00e9s encantadora.<\/p>\n<p>Fusion Mineral Paint \u00e9s pintura d&#8217;alta qualitat en base mineral i respectuosa amb el medi ambient. D&#8217;excel\u00b7lent cobertura i elasticitat. Molt recomanable tant per a fusta nova com per a fusta ja vernissada o pintada. No \u00e9s necessari decapar pr\u00e8viament. No necessita de vern\u00eds ni protecci\u00f3 final (ja ho porta incorporat).<\/p>\n","protected":false},"featured_media":33580,"comment_status":"open","ping_status":"closed","template":"","meta":{"_genesis_hide_title":false,"_genesis_hide_breadcrumbs":false,"_genesis_hide_singular_image":false,"_genesis_hide_footer_widgets":false,"_genesis_custom_body_class":"","_genesis_custom_post_class":"","_genesis_layout":""},"product_cat":[263,269,267,262],"product_tag":[288,304,305,289,290],"class_list":{"0":"post-34069","1":"product","2":"type-product","3":"status-publish","4":"has-post-thumbnail","6":"product_cat-colors-fusion-mineral-paint","7":"product_cat-foscos","8":"product_cat-grisos-terres","9":"product_cat-pintura-ca","10":"product_tag-fusion-mineral-paint-ca","11":"product_tag-gris-ca","12":"product_tag-oscuro-ca","13":"product_tag-pintura-ca","14":"product_tag-pintura-per-a-moble","15":"entry","17":"first","18":"outofstock","19":"taxable","20":"shipping-taxable","21":"purchasable","22":"product-type-simple"},"yoast_head":"<!-- This site is optimized with the Yoast SEO plugin v25.9 - https:\/\/yoast.com\/wordpress\/plugins\/seo\/ -->\n<title>Soap Stone - Candini<\/title>\n<meta name=\"robots\" content=\"index, follow, max-snippet:-1, max-image-preview:large, max-video-preview:-1\" \/>\n<link rel=\"canonical\" href=\"https:\/\/www.candini.com\/ca\/producto\/soap-stone\/\" \/>\n<meta property=\"og:locale\" content=\"ca_ES\" \/>\n<meta property=\"og:type\" content=\"article\" \/>\n<meta property=\"og:title\" content=\"Soap Stone - Candini\" \/>\n<meta property=\"og:description\" content=\"El gris fosc favorit, Soap Stone \u00e9s un d&#039;aquests colors que dep\u00e8n totalment del seu entorn. Els seus lleugers matisos morats afegits amb la llum canviant de l&#039;habitaci\u00f3 jugaran amb els teus ulls de la manera m\u00e9s encantadora. Fusion Mineral Paint \u00e9s pintura d&#039;alta qualitat en base mineral i respectuosa amb el medi ambient. D&#039;excel\u00b7lent cobertura i elasticitat. Molt recomanable tant per a fusta nova com per a fusta ja vernissada o pintada. No \u00e9s necessari decapar pr\u00e8viament. No necessita de vern\u00eds ni protecci\u00f3 final (ja ho porta incorporat).\" \/>\n<meta property=\"og:url\" content=\"https:\/\/www.candini.com\/ca\/producto\/soap-stone\/\" \/>\n<meta property=\"og:site_name\" content=\"Candini\" \/>\n<meta property=\"og:image\" content=\"https:\/\/www.candini.com\/wp-content\/uploads\/2022\/02\/Soap-stone.png\" \/>\n\t<meta property=\"og:image:width\" content=\"550\" \/>\n\t<meta property=\"og:image:height\" content=\"550\" \/>\n\t<meta property=\"og:image:type\" content=\"image\/png\" \/>\n<meta name=\"twitter:card\" content=\"summary_large_image\" \/>\n<meta name=\"twitter:label1\" content=\"Temps estimat de lectura\" \/>\n\t<meta name=\"twitter:data1\" content=\"1 minut\" \/>\n<script type=\"application\/ld+json\" class=\"yoast-schema-graph\">{\"@context\":\"https:\/\/schema.org\",\"@graph\":[{\"@type\":\"WebPage\",\"@id\":\"https:\/\/www.candini.com\/ca\/producto\/soap-stone\/\",\"url\":\"https:\/\/www.candini.com\/ca\/producto\/soap-stone\/\",\"name\":\"Soap Stone - Candini\",\"isPartOf\":{\"@id\":\"https:\/\/www.candini.com\/#website\"},\"primaryImageOfPage\":{\"@id\":\"https:\/\/www.candini.com\/ca\/producto\/soap-stone\/#primaryimage\"},\"image\":{\"@id\":\"https:\/\/www.candini.com\/ca\/producto\/soap-stone\/#primaryimage\"},\"thumbnailUrl\":\"https:\/\/www.candini.com\/wp-content\/uploads\/2022\/02\/Soap-stone.png\",\"datePublished\":\"2022-02-17T16:07:59+00:00\",\"breadcrumb\":{\"@id\":\"https:\/\/www.candini.com\/ca\/producto\/soap-stone\/#breadcrumb\"},\"inLanguage\":\"ca\",\"potentialAction\":[{\"@type\":\"ReadAction\",\"target\":[\"https:\/\/www.candini.com\/ca\/producto\/soap-stone\/\"]}]},{\"@type\":\"ImageObject\",\"inLanguage\":\"ca\",\"@id\":\"https:\/\/www.candini.com\/ca\/producto\/soap-stone\/#primaryimage\",\"url\":\"https:\/\/www.candini.com\/wp-content\/uploads\/2022\/02\/Soap-stone.png\",\"contentUrl\":\"https:\/\/www.candini.com\/wp-content\/uploads\/2022\/02\/Soap-stone.png\",\"width\":550,\"height\":550},{\"@type\":\"BreadcrumbList\",\"@id\":\"https:\/\/www.candini.com\/ca\/producto\/soap-stone\/#breadcrumb\",\"itemListElement\":[{\"@type\":\"ListItem\",\"position\":1,\"name\":\"Portada\",\"item\":\"https:\/\/www.candini.com\/ca\/\"},{\"@type\":\"ListItem\",\"position\":2,\"name\":\"Tienda\",\"item\":\"https:\/\/www.candini.com\/ca\/tienda-2\/\"},{\"@type\":\"ListItem\",\"position\":3,\"name\":\"Soap Stone\"}]},{\"@type\":\"WebSite\",\"@id\":\"https:\/\/www.candini.com\/#website\",\"url\":\"https:\/\/www.candini.com\/\",\"name\":\"Candini\",\"description\":\"Mobles i Restauraci\u00f3\",\"publisher\":{\"@id\":\"https:\/\/www.candini.com\/#organization\"},\"potentialAction\":[{\"@type\":\"SearchAction\",\"target\":{\"@type\":\"EntryPoint\",\"urlTemplate\":\"https:\/\/www.candini.com\/?s={search_term_string}\"},\"query-input\":{\"@type\":\"PropertyValueSpecification\",\"valueRequired\":true,\"valueName\":\"search_term_string\"}}],\"inLanguage\":\"ca\"},{\"@type\":\"Organization\",\"@id\":\"https:\/\/www.candini.com\/#organization\",\"name\":\"Candini\",\"url\":\"https:\/\/www.candini.com\/\",\"logo\":{\"@type\":\"ImageObject\",\"inLanguage\":\"ca\",\"@id\":\"https:\/\/www.candini.com\/#\/schema\/logo\/image\/\",\"url\":\"https:\/\/www.candini.com\/wp-content\/uploads\/2021\/12\/cropped-cropped-Logo_nou.png\",\"contentUrl\":\"https:\/\/www.candini.com\/wp-content\/uploads\/2021\/12\/cropped-cropped-Logo_nou.png\",\"width\":498,\"height\":194,\"caption\":\"Candini\"},\"image\":{\"@id\":\"https:\/\/www.candini.com\/#\/schema\/logo\/image\/\"}}]}<\/script>\n<!-- \/ Yoast SEO plugin. -->","yoast_head_json":{"title":"Soap Stone - Candini","robots":{"index":"index","follow":"follow","max-snippet":"max-snippet:-1","max-image-preview":"max-image-preview:large","max-video-preview":"max-video-preview:-1"},"canonical":"https:\/\/www.candini.com\/ca\/producto\/soap-stone\/","og_locale":"ca_ES","og_type":"article","og_title":"Soap Stone - Candini","og_description":"El gris fosc favorit, Soap Stone \u00e9s un d'aquests colors que dep\u00e8n totalment del seu entorn. Els seus lleugers matisos morats afegits amb la llum canviant de l'habitaci\u00f3 jugaran amb els teus ulls de la manera m\u00e9s encantadora. Fusion Mineral Paint \u00e9s pintura d'alta qualitat en base mineral i respectuosa amb el medi ambient. D'excel\u00b7lent cobertura i elasticitat. Molt recomanable tant per a fusta nova com per a fusta ja vernissada o pintada. No \u00e9s necessari decapar pr\u00e8viament. No necessita de vern\u00eds ni protecci\u00f3 final (ja ho porta incorporat).","og_url":"https:\/\/www.candini.com\/ca\/producto\/soap-stone\/","og_site_name":"Candini","og_image":[{"width":550,"height":550,"url":"https:\/\/www.candini.com\/wp-content\/uploads\/2022\/02\/Soap-stone.png","type":"image\/png"}],"twitter_card":"summary_large_image","twitter_misc":{"Temps estimat de lectura":"1 minut"},"schema":{"@context":"https:\/\/schema.org","@graph":[{"@type":"WebPage","@id":"https:\/\/www.candini.com\/ca\/producto\/soap-stone\/","url":"https:\/\/www.candini.com\/ca\/producto\/soap-stone\/","name":"Soap Stone - Candini","isPartOf":{"@id":"https:\/\/www.candini.com\/#website"},"primaryImageOfPage":{"@id":"https:\/\/www.candini.com\/ca\/producto\/soap-stone\/#primaryimage"},"image":{"@id":"https:\/\/www.candini.com\/ca\/producto\/soap-stone\/#primaryimage"},"thumbnailUrl":"https:\/\/www.candini.com\/wp-content\/uploads\/2022\/02\/Soap-stone.png","datePublished":"2022-02-17T16:07:59+00:00","breadcrumb":{"@id":"https:\/\/www.candini.com\/ca\/producto\/soap-stone\/#breadcrumb"},"inLanguage":"ca","potentialAction":[{"@type":"ReadAction","target":["https:\/\/www.candini.com\/ca\/producto\/soap-stone\/"]}]},{"@type":"ImageObject","inLanguage":"ca","@id":"https:\/\/www.candini.com\/ca\/producto\/soap-stone\/#primaryimage","url":"https:\/\/www.candini.com\/wp-content\/uploads\/2022\/02\/Soap-stone.png","contentUrl":"https:\/\/www.candini.com\/wp-content\/uploads\/2022\/02\/Soap-stone.png","width":550,"height":550},{"@type":"BreadcrumbList","@id":"https:\/\/www.candini.com\/ca\/producto\/soap-stone\/#breadcrumb","itemListElement":[{"@type":"ListItem","position":1,"name":"Portada","item":"https:\/\/www.candini.com\/ca\/"},{"@type":"ListItem","position":2,"name":"Tienda","item":"https:\/\/www.candini.com\/ca\/tienda-2\/"},{"@type":"ListItem","position":3,"name":"Soap Stone"}]},{"@type":"WebSite","@id":"https:\/\/www.candini.com\/#website","url":"https:\/\/www.candini.com\/","name":"Candini","description":"Mobles i Restauraci\u00f3","publisher":{"@id":"https:\/\/www.candini.com\/#organization"},"potentialAction":[{"@type":"SearchAction","target":{"@type":"EntryPoint","urlTemplate":"https:\/\/www.candini.com\/?s={search_term_string}"},"query-input":{"@type":"PropertyValueSpecification","valueRequired":true,"valueName":"search_term_string"}}],"inLanguage":"ca"},{"@type":"Organization","@id":"https:\/\/www.candini.com\/#organization","name":"Candini","url":"https:\/\/www.candini.com\/","logo":{"@type":"ImageObject","inLanguage":"ca","@id":"https:\/\/www.candini.com\/#\/schema\/logo\/image\/","url":"https:\/\/www.candini.com\/wp-content\/uploads\/2021\/12\/cropped-cropped-Logo_nou.png","contentUrl":"https:\/\/www.candini.com\/wp-content\/uploads\/2021\/12\/cropped-cropped-Logo_nou.png","width":498,"height":194,"caption":"Candini"},"image":{"@id":"https:\/\/www.candini.com\/#\/schema\/logo\/image\/"}}]}},"_links":{"self":[{"href":"https:\/\/www.candini.com\/ca\/wp-json\/wp\/v2\/product\/34069","targetHints":{"allow":["GET"]}}],"collection":[{"href":"https:\/\/www.candini.com\/ca\/wp-json\/wp\/v2\/product"}],"about":[{"href":"https:\/\/www.candini.com\/ca\/wp-json\/wp\/v2\/types\/product"}],"replies":[{"embeddable":true,"href":"https:\/\/www.candini.com\/ca\/wp-json\/wp\/v2\/comments?post=34069"}],"wp:featuredmedia":[{"embeddable":true,"href":"https:\/\/www.candini.com\/ca\/wp-json\/wp\/v2\/media\/33580"}],"wp:attachment":[{"href":"https:\/\/www.candini.com\/ca\/wp-json\/wp\/v2\/media?parent=34069"}],"wp:term":[{"taxonomy":"product_cat","embeddable":true,"href":"https:\/\/www.candini.com\/ca\/wp-json\/wp\/v2\/product_cat?post=34069"},{"taxonomy":"product_tag","embeddable":true,"href":"https:\/\/www.candini.com\/ca\/wp-json\/wp\/v2\/product_tag?post=34069"}],"curies":[{"name":"wp","href":"https:\/\/api.w.org\/{rel}","templated":true}]}}