{"id":34024,"date":"2022-02-04T08:15:03","date_gmt":"2022-02-16T11:10:34","guid":{"rendered":"https:\/\/candini.com\/producto\/pale-gold\/"},"modified":"2022-02-16T11:10:34","modified_gmt":"2022-02-16T11:10:34","slug":"pale-gold-2","status":"publish","type":"product","link":"https:\/\/www.candini.com\/ca\/producto\/pale-gold-2\/","title":{"rendered":"Pale Gold"},"content":{"rendered":"<p>En la l\u00ednia met\u00e0l\u00b7lica no podia faltar un color inspirat en l&#8217;or. El Pale Gold Metallic de Fusion Mineral Paint \u00e9s perfecte per a complementar les peces de decoraci\u00f3. <\/p>\n<p>Fusion Mineral Paint \u00e9s pintura d&#8217;alta qualitat en base mineral i respectuosa amb el medi ambient. D&#8217;excel\u00b7lent cobertura i elasticitat. Molt recomanable tant per a fusta nova com per a fusta ja vernissada o pintada. No \u00e9s necessari decapar pr\u00e8viament. No necessita de vern\u00eds ni protecci\u00f3 final (ja ho porta incorporat).<\/p>\n","protected":false},"excerpt":{"rendered":"<p>En la l\u00ednia met\u00e0l\u00b7lica no podia faltar un color inspirat en l&#8217;or. El Pale Gold Metallic de Fusion Mineral Paint \u00e9s perfecte per a complementar les peces de decoraci\u00f3. <\/p>\n<p>Fusion Mineral Paint \u00e9s pintura d&#8217;alta qualitat en base mineral i respectuosa amb el medi ambient. D&#8217;excel\u00b7lent cobertura i elasticitat. Molt recomanable tant per a fusta nova com per a fusta ja vernissada o pintada. No \u00e9s necessari decapar pr\u00e8viament. No necessita de vern\u00eds ni protecci\u00f3 final (ja ho porta incorporat).<\/p>\n","protected":false},"featured_media":33768,"comment_status":"open","ping_status":"closed","template":"","meta":{"_genesis_hide_title":false,"_genesis_hide_breadcrumbs":false,"_genesis_hide_singular_image":false,"_genesis_hide_footer_widgets":false,"_genesis_custom_body_class":"","_genesis_custom_post_class":"","_genesis_layout":""},"product_cat":[263,262],"product_tag":[291,288,298,289,290],"class_list":{"0":"post-34024","1":"product","2":"type-product","3":"status-publish","4":"has-post-thumbnail","6":"product_cat-colors-fusion-mineral-paint","7":"product_cat-pintura-ca","8":"product_tag-color-metallic","9":"product_tag-fusion-mineral-paint-ca","10":"product_tag-oro-ca","11":"product_tag-pintura-ca","12":"product_tag-pintura-per-a-moble","13":"entry","15":"first","16":"onbackorder","17":"taxable","18":"shipping-taxable","19":"purchasable","20":"product-type-variable"},"yoast_head":"<!-- This site is optimized with the Yoast SEO plugin v25.9 - https:\/\/yoast.com\/wordpress\/plugins\/seo\/ -->\n<title>Pale Gold - Candini<\/title>\n<meta name=\"robots\" content=\"index, follow, max-snippet:-1, max-image-preview:large, max-video-preview:-1\" \/>\n<link rel=\"canonical\" href=\"https:\/\/www.candini.com\/producto\/pale-gold\/\" \/>\n<meta property=\"og:locale\" content=\"ca_ES\" \/>\n<meta property=\"og:type\" content=\"article\" \/>\n<meta property=\"og:title\" content=\"Pale Gold - Candini\" \/>\n<meta property=\"og:description\" content=\"En la l\u00ednia met\u00e0l\u00b7lica no podia faltar un color inspirat en l&#039;or. El Pale Gold Metallic de Fusion Mineral Paint \u00e9s perfecte per a complementar les peces de decoraci\u00f3.  Fusion Mineral Paint \u00e9s pintura d&#039;alta qualitat en base mineral i respectuosa amb el medi ambient. D&#039;excel\u00b7lent cobertura i elasticitat. Molt recomanable tant per a fusta nova com per a fusta ja vernissada o pintada. No \u00e9s necessari decapar pr\u00e8viament. No necessita de vern\u00eds ni protecci\u00f3 final (ja ho porta incorporat).\" \/>\n<meta property=\"og:url\" content=\"https:\/\/www.candini.com\/producto\/pale-gold\/\" \/>\n<meta property=\"og:site_name\" content=\"Candini\" \/>\n<meta property=\"og:image\" content=\"https:\/\/www.candini.com\/wp-content\/uploads\/2022\/02\/Pale-Gold.png\" \/>\n\t<meta property=\"og:image:width\" content=\"1100\" \/>\n\t<meta property=\"og:image:height\" content=\"1100\" \/>\n\t<meta property=\"og:image:type\" content=\"image\/png\" \/>\n<meta name=\"twitter:card\" content=\"summary_large_image\" \/>\n<script type=\"application\/ld+json\" class=\"yoast-schema-graph\">{\"@context\":\"https:\/\/schema.org\",\"@graph\":[{\"@type\":\"WebPage\",\"@id\":\"https:\/\/www.candini.com\/producto\/pale-gold\/\",\"url\":\"https:\/\/www.candini.com\/producto\/pale-gold\/\",\"name\":\"Pale Gold - Candini\",\"isPartOf\":{\"@id\":\"https:\/\/www.candini.com\/#website\"},\"primaryImageOfPage\":{\"@id\":\"https:\/\/www.candini.com\/producto\/pale-gold\/#primaryimage\"},\"image\":{\"@id\":\"https:\/\/www.candini.com\/producto\/pale-gold\/#primaryimage\"},\"thumbnailUrl\":\"https:\/\/www.candini.com\/wp-content\/uploads\/2022\/02\/Pale-Gold.png\",\"datePublished\":\"2022-02-16T11:10:34+00:00\",\"breadcrumb\":{\"@id\":\"https:\/\/www.candini.com\/producto\/pale-gold\/#breadcrumb\"},\"inLanguage\":\"ca\",\"potentialAction\":[{\"@type\":\"ReadAction\",\"target\":[\"https:\/\/www.candini.com\/producto\/pale-gold\/\"]}]},{\"@type\":\"ImageObject\",\"inLanguage\":\"ca\",\"@id\":\"https:\/\/www.candini.com\/producto\/pale-gold\/#primaryimage\",\"url\":\"https:\/\/www.candini.com\/wp-content\/uploads\/2022\/02\/Pale-Gold.png\",\"contentUrl\":\"https:\/\/www.candini.com\/wp-content\/uploads\/2022\/02\/Pale-Gold.png\",\"width\":1100,\"height\":1100},{\"@type\":\"BreadcrumbList\",\"@id\":\"https:\/\/www.candini.com\/producto\/pale-gold\/#breadcrumb\",\"itemListElement\":[{\"@type\":\"ListItem\",\"position\":1,\"name\":\"Portada\",\"item\":\"https:\/\/www.candini.com\/ca\/\"},{\"@type\":\"ListItem\",\"position\":2,\"name\":\"Tienda\",\"item\":\"https:\/\/www.candini.com\/ca\/tienda-2\/\"},{\"@type\":\"ListItem\",\"position\":3,\"name\":\"Pale Gold\"}]},{\"@type\":\"WebSite\",\"@id\":\"https:\/\/www.candini.com\/#website\",\"url\":\"https:\/\/www.candini.com\/\",\"name\":\"Candini\",\"description\":\"Mobles i Restauraci\u00f3\",\"publisher\":{\"@id\":\"https:\/\/www.candini.com\/#organization\"},\"potentialAction\":[{\"@type\":\"SearchAction\",\"target\":{\"@type\":\"EntryPoint\",\"urlTemplate\":\"https:\/\/www.candini.com\/?s={search_term_string}\"},\"query-input\":{\"@type\":\"PropertyValueSpecification\",\"valueRequired\":true,\"valueName\":\"search_term_string\"}}],\"inLanguage\":\"ca\"},{\"@type\":\"Organization\",\"@id\":\"https:\/\/www.candini.com\/#organization\",\"name\":\"Candini\",\"url\":\"https:\/\/www.candini.com\/\",\"logo\":{\"@type\":\"ImageObject\",\"inLanguage\":\"ca\",\"@id\":\"https:\/\/www.candini.com\/#\/schema\/logo\/image\/\",\"url\":\"https:\/\/www.candini.com\/wp-content\/uploads\/2021\/12\/cropped-cropped-Logo_nou.png\",\"contentUrl\":\"https:\/\/www.candini.com\/wp-content\/uploads\/2021\/12\/cropped-cropped-Logo_nou.png\",\"width\":498,\"height\":194,\"caption\":\"Candini\"},\"image\":{\"@id\":\"https:\/\/www.candini.com\/#\/schema\/logo\/image\/\"}}]}<\/script>\n<!-- \/ Yoast SEO plugin. -->","yoast_head_json":{"title":"Pale Gold - Candini","robots":{"index":"index","follow":"follow","max-snippet":"max-snippet:-1","max-image-preview":"max-image-preview:large","max-video-preview":"max-video-preview:-1"},"canonical":"https:\/\/www.candini.com\/producto\/pale-gold\/","og_locale":"ca_ES","og_type":"article","og_title":"Pale Gold - Candini","og_description":"En la l\u00ednia met\u00e0l\u00b7lica no podia faltar un color inspirat en l'or. El Pale Gold Metallic de Fusion Mineral Paint \u00e9s perfecte per a complementar les peces de decoraci\u00f3.  Fusion Mineral Paint \u00e9s pintura d'alta qualitat en base mineral i respectuosa amb el medi ambient. D'excel\u00b7lent cobertura i elasticitat. Molt recomanable tant per a fusta nova com per a fusta ja vernissada o pintada. No \u00e9s necessari decapar pr\u00e8viament. No necessita de vern\u00eds ni protecci\u00f3 final (ja ho porta incorporat).","og_url":"https:\/\/www.candini.com\/producto\/pale-gold\/","og_site_name":"Candini","og_image":[{"width":1100,"height":1100,"url":"https:\/\/www.candini.com\/wp-content\/uploads\/2022\/02\/Pale-Gold.png","type":"image\/png"}],"twitter_card":"summary_large_image","schema":{"@context":"https:\/\/schema.org","@graph":[{"@type":"WebPage","@id":"https:\/\/www.candini.com\/producto\/pale-gold\/","url":"https:\/\/www.candini.com\/producto\/pale-gold\/","name":"Pale Gold - Candini","isPartOf":{"@id":"https:\/\/www.candini.com\/#website"},"primaryImageOfPage":{"@id":"https:\/\/www.candini.com\/producto\/pale-gold\/#primaryimage"},"image":{"@id":"https:\/\/www.candini.com\/producto\/pale-gold\/#primaryimage"},"thumbnailUrl":"https:\/\/www.candini.com\/wp-content\/uploads\/2022\/02\/Pale-Gold.png","datePublished":"2022-02-16T11:10:34+00:00","breadcrumb":{"@id":"https:\/\/www.candini.com\/producto\/pale-gold\/#breadcrumb"},"inLanguage":"ca","potentialAction":[{"@type":"ReadAction","target":["https:\/\/www.candini.com\/producto\/pale-gold\/"]}]},{"@type":"ImageObject","inLanguage":"ca","@id":"https:\/\/www.candini.com\/producto\/pale-gold\/#primaryimage","url":"https:\/\/www.candini.com\/wp-content\/uploads\/2022\/02\/Pale-Gold.png","contentUrl":"https:\/\/www.candini.com\/wp-content\/uploads\/2022\/02\/Pale-Gold.png","width":1100,"height":1100},{"@type":"BreadcrumbList","@id":"https:\/\/www.candini.com\/producto\/pale-gold\/#breadcrumb","itemListElement":[{"@type":"ListItem","position":1,"name":"Portada","item":"https:\/\/www.candini.com\/ca\/"},{"@type":"ListItem","position":2,"name":"Tienda","item":"https:\/\/www.candini.com\/ca\/tienda-2\/"},{"@type":"ListItem","position":3,"name":"Pale Gold"}]},{"@type":"WebSite","@id":"https:\/\/www.candini.com\/#website","url":"https:\/\/www.candini.com\/","name":"Candini","description":"Mobles i Restauraci\u00f3","publisher":{"@id":"https:\/\/www.candini.com\/#organization"},"potentialAction":[{"@type":"SearchAction","target":{"@type":"EntryPoint","urlTemplate":"https:\/\/www.candini.com\/?s={search_term_string}"},"query-input":{"@type":"PropertyValueSpecification","valueRequired":true,"valueName":"search_term_string"}}],"inLanguage":"ca"},{"@type":"Organization","@id":"https:\/\/www.candini.com\/#organization","name":"Candini","url":"https:\/\/www.candini.com\/","logo":{"@type":"ImageObject","inLanguage":"ca","@id":"https:\/\/www.candini.com\/#\/schema\/logo\/image\/","url":"https:\/\/www.candini.com\/wp-content\/uploads\/2021\/12\/cropped-cropped-Logo_nou.png","contentUrl":"https:\/\/www.candini.com\/wp-content\/uploads\/2021\/12\/cropped-cropped-Logo_nou.png","width":498,"height":194,"caption":"Candini"},"image":{"@id":"https:\/\/www.candini.com\/#\/schema\/logo\/image\/"}}]}},"_links":{"self":[{"href":"https:\/\/www.candini.com\/ca\/wp-json\/wp\/v2\/product\/34024","targetHints":{"allow":["GET"]}}],"collection":[{"href":"https:\/\/www.candini.com\/ca\/wp-json\/wp\/v2\/product"}],"about":[{"href":"https:\/\/www.candini.com\/ca\/wp-json\/wp\/v2\/types\/product"}],"replies":[{"embeddable":true,"href":"https:\/\/www.candini.com\/ca\/wp-json\/wp\/v2\/comments?post=34024"}],"wp:featuredmedia":[{"embeddable":true,"href":"https:\/\/www.candini.com\/ca\/wp-json\/wp\/v2\/media\/33768"}],"wp:attachment":[{"href":"https:\/\/www.candini.com\/ca\/wp-json\/wp\/v2\/media?parent=34024"}],"wp:term":[{"taxonomy":"product_cat","embeddable":true,"href":"https:\/\/www.candini.com\/ca\/wp-json\/wp\/v2\/product_cat?post=34024"},{"taxonomy":"product_tag","embeddable":true,"href":"https:\/\/www.candini.com\/ca\/wp-json\/wp\/v2\/product_tag?post=34024"}],"curies":[{"name":"wp","href":"https:\/\/api.w.org\/{rel}","templated":true}]}}