{"id":32352,"date":"2022-01-24T15:30:04","date_gmt":"2022-01-24T15:30:04","guid":{"rendered":"https:\/\/candini.com\/?post_type=product&#038;p=32352"},"modified":"2026-02-06T11:15:00","modified_gmt":"2026-02-06T11:15:00","slug":"homestead-blue","status":"publish","type":"product","link":"https:\/\/www.candini.com\/ca\/producto\/homestead-blue\/","title":{"rendered":"Pintura FMP Homestead Blue 500 ml"},"content":{"rendered":"<p>Formato \u00fanico de 500 ml con una cobertura de hasta 7 m\u00b2.<\/p>\n<p>Este azul hist\u00f3rico de la colecci\u00f3n canadiense de Fusion Mineral Paint ha resistido la prueba del tiempo durante m\u00e1s de 20 a\u00f1os cuando lo presentaron por primera vez. Los matices grises y verde azulado apagado combinan bien con amarillos profundos, rojos y todos los neutrales.<\/p>\n<p>Pintura de alta calidad en base mineral. Es respetuosa con el medio ambiente. De excelente cobertura y elasticidad. Muy recomendable para madera nueva como madera ya barnizada o pintada. No es necesario decapar previamente. No necesita de barniz ni protecci\u00f3n final. Ya lo lleva incorporado.<\/p>\n","protected":false},"excerpt":{"rendered":"<p>Este azul hist\u00f3rico de la colecci\u00f3n canadiense de Fusion Mineral Paint ha resistido la prueba del tiempo durante m\u00e1s de 20 a\u00f1os cuando lo presentaron por primera vez. Los matices grises y verde azulado apagado combinan bien con amarillos profundos, rojos y todos los neutrales.<\/p>\n<p>Pintura de alta calidad en base mineral. Es respetuosa con el medio ambiente. De excelente cobertura y elasticidad. Muy recomendable para madera nueva como madera ya barnizada o pintada. No es necesario decapar previamente. No necesita de barniz ni protecci\u00f3n final. Ya lo lleva incorporado.<\/p>\n","protected":false},"featured_media":32415,"comment_status":"open","ping_status":"closed","template":"","meta":{"_genesis_hide_title":false,"_genesis_hide_breadcrumbs":false,"_genesis_hide_singular_image":false,"_genesis_hide_footer_widgets":false,"_genesis_custom_body_class":"","_genesis_custom_post_class":"","_genesis_layout":""},"product_cat":[216,145,223,28],"product_tag":[218,217,213,66],"class_list":{"0":"post-32352","1":"product","2":"type-product","3":"status-publish","4":"has-post-thumbnail","6":"product_cat-azules-verdes","7":"product_cat-colores-fusion-mineral-paint","8":"product_cat-oscuros","9":"product_cat-pintura","10":"product_tag-azules-y-verdes","11":"product_tag-color","12":"product_tag-colores","13":"product_tag-fusion-mineral-paint","14":"entry","16":"first","17":"outofstock","18":"taxable","19":"shipping-taxable","20":"purchasable","21":"product-type-simple"},"yoast_head":"<!-- This site is optimized with the Yoast SEO plugin v25.9 - https:\/\/yoast.com\/wordpress\/plugins\/seo\/ -->\n<title>Pintura FMP Homestead Blue 500 ml - Candini<\/title>\n<meta name=\"description\" content=\"Pintura FMP Homestead Blue 500 ml con excelente cobertura, hasta 7 m\u00b2 por bote. Ideal para decoraci\u00f3n. M\u00ednima preparaci\u00f3n. Para interior y exterior.\" \/>\n<meta name=\"robots\" content=\"index, follow, max-snippet:-1, max-image-preview:large, max-video-preview:-1\" \/>\n<link rel=\"canonical\" href=\"https:\/\/www.candini.com\/producto\/homestead-blue\/\" \/>\n<meta property=\"og:locale\" content=\"ca_ES\" \/>\n<meta property=\"og:type\" content=\"article\" \/>\n<meta property=\"og:title\" content=\"Pintura FMP Homestead Blue 500 ml - Candini\" \/>\n<meta property=\"og:description\" content=\"Pintura FMP Homestead Blue 500 ml con excelente cobertura, hasta 7 m\u00b2 por bote. Ideal para decoraci\u00f3n. M\u00ednima preparaci\u00f3n. Para interior y exterior.\" \/>\n<meta property=\"og:url\" content=\"https:\/\/www.candini.com\/producto\/homestead-blue\/\" \/>\n<meta property=\"og:site_name\" content=\"Candini\" \/>\n<meta property=\"article:modified_time\" content=\"2026-02-06T11:15:00+00:00\" \/>\n<meta property=\"og:image\" content=\"https:\/\/www.candini.com\/wp-content\/uploads\/2022\/01\/Homestead-blue-2.png\" \/>\n\t<meta property=\"og:image:width\" content=\"550\" \/>\n\t<meta property=\"og:image:height\" content=\"550\" \/>\n\t<meta property=\"og:image:type\" content=\"image\/png\" \/>\n<meta name=\"twitter:card\" content=\"summary_large_image\" \/>\n<meta name=\"twitter:label1\" content=\"Temps estimat de lectura\" \/>\n\t<meta name=\"twitter:data1\" content=\"1 minut\" \/>\n<script type=\"application\/ld+json\" class=\"yoast-schema-graph\">{\"@context\":\"https:\/\/schema.org\",\"@graph\":[{\"@type\":\"WebPage\",\"@id\":\"https:\/\/www.candini.com\/producto\/homestead-blue\/\",\"url\":\"https:\/\/www.candini.com\/producto\/homestead-blue\/\",\"name\":\"Pintura FMP Homestead Blue 500 ml - Candini\",\"isPartOf\":{\"@id\":\"https:\/\/www.candini.com\/#website\"},\"primaryImageOfPage\":{\"@id\":\"https:\/\/www.candini.com\/producto\/homestead-blue\/#primaryimage\"},\"image\":{\"@id\":\"https:\/\/www.candini.com\/producto\/homestead-blue\/#primaryimage\"},\"thumbnailUrl\":\"https:\/\/www.candini.com\/wp-content\/uploads\/2022\/01\/Homestead-blue-2.png\",\"datePublished\":\"2022-01-24T15:30:04+00:00\",\"dateModified\":\"2026-02-06T11:15:00+00:00\",\"description\":\"Pintura FMP Homestead Blue 500 ml con excelente cobertura, hasta 7 m\u00b2 por bote. Ideal para decoraci\u00f3n. M\u00ednima preparaci\u00f3n. Para interior y exterior.\",\"breadcrumb\":{\"@id\":\"https:\/\/www.candini.com\/producto\/homestead-blue\/#breadcrumb\"},\"inLanguage\":\"ca\",\"potentialAction\":[{\"@type\":\"ReadAction\",\"target\":[\"https:\/\/www.candini.com\/producto\/homestead-blue\/\"]}]},{\"@type\":\"ImageObject\",\"inLanguage\":\"ca\",\"@id\":\"https:\/\/www.candini.com\/producto\/homestead-blue\/#primaryimage\",\"url\":\"https:\/\/www.candini.com\/wp-content\/uploads\/2022\/01\/Homestead-blue-2.png\",\"contentUrl\":\"https:\/\/www.candini.com\/wp-content\/uploads\/2022\/01\/Homestead-blue-2.png\",\"width\":550,\"height\":550},{\"@type\":\"BreadcrumbList\",\"@id\":\"https:\/\/www.candini.com\/producto\/homestead-blue\/#breadcrumb\",\"itemListElement\":[{\"@type\":\"ListItem\",\"position\":1,\"name\":\"Portada\",\"item\":\"https:\/\/www.candini.com\/ca\/\"},{\"@type\":\"ListItem\",\"position\":2,\"name\":\"Tienda\",\"item\":\"https:\/\/www.candini.com\/ca\/tienda-2\/\"},{\"@type\":\"ListItem\",\"position\":3,\"name\":\"Pintura FMP Homestead Blue 500 ml\"}]},{\"@type\":\"WebSite\",\"@id\":\"https:\/\/www.candini.com\/#website\",\"url\":\"https:\/\/www.candini.com\/\",\"name\":\"Candini\",\"description\":\"Mobles i Restauraci\u00f3\",\"publisher\":{\"@id\":\"https:\/\/www.candini.com\/#organization\"},\"potentialAction\":[{\"@type\":\"SearchAction\",\"target\":{\"@type\":\"EntryPoint\",\"urlTemplate\":\"https:\/\/www.candini.com\/?s={search_term_string}\"},\"query-input\":{\"@type\":\"PropertyValueSpecification\",\"valueRequired\":true,\"valueName\":\"search_term_string\"}}],\"inLanguage\":\"ca\"},{\"@type\":\"Organization\",\"@id\":\"https:\/\/www.candini.com\/#organization\",\"name\":\"Candini\",\"url\":\"https:\/\/www.candini.com\/\",\"logo\":{\"@type\":\"ImageObject\",\"inLanguage\":\"ca\",\"@id\":\"https:\/\/www.candini.com\/#\/schema\/logo\/image\/\",\"url\":\"https:\/\/www.candini.com\/wp-content\/uploads\/2021\/12\/cropped-cropped-Logo_nou.png\",\"contentUrl\":\"https:\/\/www.candini.com\/wp-content\/uploads\/2021\/12\/cropped-cropped-Logo_nou.png\",\"width\":498,\"height\":194,\"caption\":\"Candini\"},\"image\":{\"@id\":\"https:\/\/www.candini.com\/#\/schema\/logo\/image\/\"}}]}<\/script>\n<!-- \/ Yoast SEO plugin. -->","yoast_head_json":{"title":"Pintura FMP Homestead Blue 500 ml - Candini","description":"Pintura FMP Homestead Blue 500 ml con excelente cobertura, hasta 7 m\u00b2 por bote. Ideal para decoraci\u00f3n. M\u00ednima preparaci\u00f3n. Para interior y exterior.","robots":{"index":"index","follow":"follow","max-snippet":"max-snippet:-1","max-image-preview":"max-image-preview:large","max-video-preview":"max-video-preview:-1"},"canonical":"https:\/\/www.candini.com\/producto\/homestead-blue\/","og_locale":"ca_ES","og_type":"article","og_title":"Pintura FMP Homestead Blue 500 ml - Candini","og_description":"Pintura FMP Homestead Blue 500 ml con excelente cobertura, hasta 7 m\u00b2 por bote. Ideal para decoraci\u00f3n. M\u00ednima preparaci\u00f3n. Para interior y exterior.","og_url":"https:\/\/www.candini.com\/producto\/homestead-blue\/","og_site_name":"Candini","article_modified_time":"2026-02-06T11:15:00+00:00","og_image":[{"width":550,"height":550,"url":"https:\/\/www.candini.com\/wp-content\/uploads\/2022\/01\/Homestead-blue-2.png","type":"image\/png"}],"twitter_card":"summary_large_image","twitter_misc":{"Temps estimat de lectura":"1 minut"},"schema":{"@context":"https:\/\/schema.org","@graph":[{"@type":"WebPage","@id":"https:\/\/www.candini.com\/producto\/homestead-blue\/","url":"https:\/\/www.candini.com\/producto\/homestead-blue\/","name":"Pintura FMP Homestead Blue 500 ml - Candini","isPartOf":{"@id":"https:\/\/www.candini.com\/#website"},"primaryImageOfPage":{"@id":"https:\/\/www.candini.com\/producto\/homestead-blue\/#primaryimage"},"image":{"@id":"https:\/\/www.candini.com\/producto\/homestead-blue\/#primaryimage"},"thumbnailUrl":"https:\/\/www.candini.com\/wp-content\/uploads\/2022\/01\/Homestead-blue-2.png","datePublished":"2022-01-24T15:30:04+00:00","dateModified":"2026-02-06T11:15:00+00:00","description":"Pintura FMP Homestead Blue 500 ml con excelente cobertura, hasta 7 m\u00b2 por bote. Ideal para decoraci\u00f3n. M\u00ednima preparaci\u00f3n. Para interior y exterior.","breadcrumb":{"@id":"https:\/\/www.candini.com\/producto\/homestead-blue\/#breadcrumb"},"inLanguage":"ca","potentialAction":[{"@type":"ReadAction","target":["https:\/\/www.candini.com\/producto\/homestead-blue\/"]}]},{"@type":"ImageObject","inLanguage":"ca","@id":"https:\/\/www.candini.com\/producto\/homestead-blue\/#primaryimage","url":"https:\/\/www.candini.com\/wp-content\/uploads\/2022\/01\/Homestead-blue-2.png","contentUrl":"https:\/\/www.candini.com\/wp-content\/uploads\/2022\/01\/Homestead-blue-2.png","width":550,"height":550},{"@type":"BreadcrumbList","@id":"https:\/\/www.candini.com\/producto\/homestead-blue\/#breadcrumb","itemListElement":[{"@type":"ListItem","position":1,"name":"Portada","item":"https:\/\/www.candini.com\/ca\/"},{"@type":"ListItem","position":2,"name":"Tienda","item":"https:\/\/www.candini.com\/ca\/tienda-2\/"},{"@type":"ListItem","position":3,"name":"Pintura FMP Homestead Blue 500 ml"}]},{"@type":"WebSite","@id":"https:\/\/www.candini.com\/#website","url":"https:\/\/www.candini.com\/","name":"Candini","description":"Mobles i Restauraci\u00f3","publisher":{"@id":"https:\/\/www.candini.com\/#organization"},"potentialAction":[{"@type":"SearchAction","target":{"@type":"EntryPoint","urlTemplate":"https:\/\/www.candini.com\/?s={search_term_string}"},"query-input":{"@type":"PropertyValueSpecification","valueRequired":true,"valueName":"search_term_string"}}],"inLanguage":"ca"},{"@type":"Organization","@id":"https:\/\/www.candini.com\/#organization","name":"Candini","url":"https:\/\/www.candini.com\/","logo":{"@type":"ImageObject","inLanguage":"ca","@id":"https:\/\/www.candini.com\/#\/schema\/logo\/image\/","url":"https:\/\/www.candini.com\/wp-content\/uploads\/2021\/12\/cropped-cropped-Logo_nou.png","contentUrl":"https:\/\/www.candini.com\/wp-content\/uploads\/2021\/12\/cropped-cropped-Logo_nou.png","width":498,"height":194,"caption":"Candini"},"image":{"@id":"https:\/\/www.candini.com\/#\/schema\/logo\/image\/"}}]}},"_links":{"self":[{"href":"https:\/\/www.candini.com\/ca\/wp-json\/wp\/v2\/product\/32352","targetHints":{"allow":["GET"]}}],"collection":[{"href":"https:\/\/www.candini.com\/ca\/wp-json\/wp\/v2\/product"}],"about":[{"href":"https:\/\/www.candini.com\/ca\/wp-json\/wp\/v2\/types\/product"}],"replies":[{"embeddable":true,"href":"https:\/\/www.candini.com\/ca\/wp-json\/wp\/v2\/comments?post=32352"}],"wp:featuredmedia":[{"embeddable":true,"href":"https:\/\/www.candini.com\/ca\/wp-json\/wp\/v2\/media\/32415"}],"wp:attachment":[{"href":"https:\/\/www.candini.com\/ca\/wp-json\/wp\/v2\/media?parent=32352"}],"wp:term":[{"taxonomy":"product_cat","embeddable":true,"href":"https:\/\/www.candini.com\/ca\/wp-json\/wp\/v2\/product_cat?post=32352"},{"taxonomy":"product_tag","embeddable":true,"href":"https:\/\/www.candini.com\/ca\/wp-json\/wp\/v2\/product_tag?post=32352"}],"curies":[{"name":"wp","href":"https:\/\/api.w.org\/{rel}","templated":true}]}}