{"id":33975,"date":"2022-02-09T17:28:55","date_gmt":"2022-02-09T17:28:55","guid":{"rendered":"https:\/\/candini.com\/termes-i-condicions\/"},"modified":"2026-02-06T15:27:19","modified_gmt":"2026-02-06T15:27:19","slug":"termes-i-condicions","status":"publish","type":"page","link":"https:\/\/www.candini.com\/ca\/termes-i-condicions\/","title":{"rendered":"Termes i condicions"},"content":{"rendered":"\n<div class=\"wp-block-cover alignfull is-light\" style=\"min-height:208px;aspect-ratio:unset;\"><img loading=\"lazy\" decoding=\"async\" width=\"1336\" height=\"828\" class=\"wp-block-cover__image-background wp-image-33969\" alt=\"\" src=\"https:\/\/www.candini.com\/wp-content\/uploads\/2022\/02\/Captura-de-pantalla-2022-02-01-a-las-16.43.37-1.png\" data-object-fit=\"cover\" srcset=\"https:\/\/www.candini.com\/wp-content\/uploads\/2022\/02\/Captura-de-pantalla-2022-02-01-a-las-16.43.37-1.png 1336w, https:\/\/www.candini.com\/wp-content\/uploads\/2022\/02\/Captura-de-pantalla-2022-02-01-a-las-16.43.37-1-300x186.png 300w, https:\/\/www.candini.com\/wp-content\/uploads\/2022\/02\/Captura-de-pantalla-2022-02-01-a-las-16.43.37-1-1024x635.png 1024w, https:\/\/www.candini.com\/wp-content\/uploads\/2022\/02\/Captura-de-pantalla-2022-02-01-a-las-16.43.37-1-768x476.png 768w, https:\/\/www.candini.com\/wp-content\/uploads\/2022\/02\/Captura-de-pantalla-2022-02-01-a-las-16.43.37-1-750x465.png 750w\" sizes=\"auto, (max-width: 1336px) 100vw, 1336px\" \/><span aria-hidden=\"true\" class=\"wp-block-cover__background has-white-background-color has-background-dim-70 has-background-dim\"><\/span><div class=\"wp-block-cover__inner-container is-layout-flow wp-block-cover-is-layout-flow\">\n<h1 class=\"wp-block-heading has-text-align-center has-accent-color has-text-color\" id=\"terminos-y-condiciones\">Termes i condicions<\/h1>\n<\/div><\/div>\n\n<div style=\"height:50px\" aria-hidden=\"true\" class=\"wp-block-spacer\"><\/div>\n\n<div class=\"wp-block-group alignwide\"><div class=\"wp-block-group__inner-container is-layout-flow wp-block-group-is-layout-flow\">\n<p class=\"has-normal-font-size\">Si us plau llegeixi atentament aquesta informaci\u00f3 abans de comprar productes o contractar serveis en Candini:<\/p>\n\n\n\n<h4 class=\"wp-block-heading\" id=\"h-c-mo-comprar\">Com comprar?<\/h4>\n\n\n\n<p class=\"has-normal-font-size\">A trav\u00e9s de la p\u00e0gina web podeu triar els productes que m\u00e9s us agradin. Una vegada tingueu la cistella completada, el seg\u00fcent pas si no esteu registrats \u00e9s emplenar el formulari i l&#8217;adre\u00e7a d&#8217;enviament. A continuaci\u00f3 podreu realitzar el pagament amb els diferents m\u00e8todes que disposem, rebent finalment la confirmaci\u00f3 que la comanda ha estat efectuat a trav\u00e9s de la interf\u00edcie de la web i a trav\u00e9s del correu electr\u00f2nic.<\/p>\n\n\n\n<p class=\"has-normal-font-size\">Nota: si trieu el m\u00e8tode de <em>Pagament per transfer\u00e8ncia<\/em><em>banc\u00e0ria<\/em> disposeu de dos dies laborables per a fer el pagament. La comanda es considerar\u00e0 <em>completada<\/em> i es procedir\u00e0 a la seva preparaci\u00f3 una vegada h\u00e0gim rebut el pagament.<\/p>\n\n\n\n<h4 class=\"wp-block-heading\" id=\"h-env-os\">Enviaments<\/h4>\n\n\n\n<p class=\"has-normal-font-size\">El cost de l&#8217;enviament dep\u00e8n de l&#8217;adre\u00e7a de lliurament, ja que Candini envia a diversos pa\u00efsos. La tarifa de l&#8217;enviament apareixer\u00e0 una vegada l&#8217;usuari hagi emplenat la seva adre\u00e7a de lliurament i sempre abans de conducta al pagament.<\/p>\n\n\n\n<p class=\"has-normal-font-size\">Les comandes realitzades a partir del dijous a les 12.00 hores es manaran el dilluns seg\u00fcent. Tots els enviaments es realitzen a trav\u00e9s de la nostra ag\u00e8ncia de transport.<\/p>\n\n\n\n<h4 class=\"wp-block-heading\" id=\"h-precios\">Preus<\/h4>\n\n\n\n<p class=\"has-normal-font-size\">Tots els preus tenen ja aplicat el % d&#8217;IVA corresponent.<\/p>\n\n\n\n<h4 class=\"wp-block-heading\" id=\"h-gesti-n-de-incidencias-y-reclamaciones\">Gesti\u00f3 d&#8217;incid\u00e8ncies i reclamacions<\/h4>\n\n\n\n<p class=\"has-normal-font-size\">El client podr\u00e0 reclamar en els seg\u00fcents casos:<\/p>\n\n\n\n<ul class=\"wp-block-list has-normal-font-size\">\n<li>Quan el paquet estigui completament trencat i aix\u00f2 afecti la qualitat del producte (en aquest cas s&#8217;haur\u00e0 de comunicar al transportista i fer-lo constar en l&#8217;albar\u00e0 de lliurament)<\/li>\n\n\n\n<li>Quan els productes rebuts no es corresponguin amb la comanda realitzada. Per a qualsevol incid\u00e8ncia, dubte o consulta podeu enviar un email a: victoria@candini.com indicant el nom i n\u00famero de comanda i ens posarem en contacte al m\u00e9s aviat possible.<\/li>\n<\/ul>\n\n\n\n<p class=\"has-normal-font-size\">En tots dos casos, l&#8217;usuari t\u00e9 dret a la devoluci\u00f3 dels diners que ha pagat pel producte o b\u00e9 a l&#8217;intercanvi per un altre\/altres productes disponibles a la botiga de Candini.<\/p>\n\n\n\n<h4 class=\"wp-block-heading\" id=\"derecho-de-desistimiento\">Dret de desistiment<\/h4>\n\n\n\n<p class=\"has-normal-font-size\">El comprador disposar\u00e0 d&#8217;un <strong>termini m\u00e0xim de catorze dies naturals<\/strong> per a exercir el dret de desistiment contemplat en la Llei 3\/2014 de Comer\u00e7 del 27 de mar\u00e7. En el cas de les compres fetes a trav\u00e9s de la web de candini.com, la data m\u00e0xima de 14 dies computar\u00e0 des de la recepci\u00f3 del b\u00e9 objecte del contracte de compra.<\/p>\n\n\n\n<p class=\"has-normal-font-size\">Aquest dret de desistiment no contempla aquells apartats en els quals l&#8217;usuari ha danyat totalment o parcialment el b\u00e9 objecte del contracte de compra. El cost de la devoluci\u00f3 del b\u00e9 a la botiga de Candini \u00e9s a c\u00e0rrec de l&#8217;usuari.<\/p>\n<\/div><\/div>\n\n<div style=\"height:100px\" aria-hidden=\"true\" class=\"wp-block-spacer\"><\/div>\n","protected":false},"excerpt":{"rendered":"<p>Si us plau llegeixi atentament aquesta informaci\u00f3 abans de comprar productes o contractar serveis en Candini: Com comprar? A trav\u00e9s de la p\u00e0gina web podeu triar els productes que m\u00e9s us agradin. Una vegada tingueu la cistella completada, el seg\u00fcent pas si no esteu registrats \u00e9s emplenar el formulari i l&#8217;adre\u00e7a d&#8217;enviament. A continuaci\u00f3 podreu [&hellip;]<\/p>\n","protected":false},"author":1,"featured_media":0,"parent":0,"menu_order":0,"comment_status":"closed","ping_status":"closed","template":"","meta":{"_genesis_hide_title":true,"_genesis_hide_breadcrumbs":false,"_genesis_hide_singular_image":false,"_genesis_hide_footer_widgets":false,"_genesis_custom_body_class":"","_genesis_custom_post_class":"","_genesis_layout":"","footnotes":""},"class_list":{"0":"post-33975","1":"page","2":"type-page","3":"status-publish","5":"entry","6":"has-post-thumbnail"},"yoast_head":"<!-- This site is optimized with the Yoast SEO plugin v25.9 - https:\/\/yoast.com\/wordpress\/plugins\/seo\/ -->\n<title>Termes i condicions - Candini<\/title>\n<meta name=\"robots\" content=\"index, follow, max-snippet:-1, max-image-preview:large, max-video-preview:-1\" \/>\n<link rel=\"canonical\" href=\"https:\/\/www.candini.com\/ca\/termes-i-condicions\/\" \/>\n<meta property=\"og:locale\" content=\"ca_ES\" \/>\n<meta property=\"og:type\" content=\"article\" \/>\n<meta property=\"og:title\" content=\"Termes i condicions - Candini\" \/>\n<meta property=\"og:description\" content=\"Si us plau llegeixi atentament aquesta informaci\u00f3 abans de comprar productes o contractar serveis en Candini: Com comprar? A trav\u00e9s de la p\u00e0gina web podeu triar els productes que m\u00e9s us agradin. Una vegada tingueu la cistella completada, el seg\u00fcent pas si no esteu registrats \u00e9s emplenar el formulari i l&#8217;adre\u00e7a d&#8217;enviament. A continuaci\u00f3 podreu [&hellip;]\" \/>\n<meta property=\"og:url\" content=\"https:\/\/www.candini.com\/ca\/termes-i-condicions\/\" \/>\n<meta property=\"og:site_name\" content=\"Candini\" \/>\n<meta property=\"article:modified_time\" content=\"2026-02-06T15:27:19+00:00\" \/>\n<meta property=\"og:image\" content=\"https:\/\/www.candini.com\/wp-content\/uploads\/2022\/02\/Captura-de-pantalla-2022-02-01-a-las-16.43.37-1.png\" \/>\n\t<meta property=\"og:image:width\" content=\"1336\" \/>\n\t<meta property=\"og:image:height\" content=\"828\" \/>\n\t<meta property=\"og:image:type\" content=\"image\/png\" \/>\n<meta name=\"twitter:card\" content=\"summary_large_image\" \/>\n<meta name=\"twitter:label1\" content=\"Temps estimat de lectura\" \/>\n\t<meta name=\"twitter:data1\" content=\"2 minuts\" \/>\n<script type=\"application\/ld+json\" class=\"yoast-schema-graph\">{\"@context\":\"https:\/\/schema.org\",\"@graph\":[{\"@type\":\"WebPage\",\"@id\":\"https:\/\/www.candini.com\/ca\/termes-i-condicions\/\",\"url\":\"https:\/\/www.candini.com\/ca\/termes-i-condicions\/\",\"name\":\"Termes i condicions - Candini\",\"isPartOf\":{\"@id\":\"https:\/\/www.candini.com\/#website\"},\"primaryImageOfPage\":{\"@id\":\"https:\/\/www.candini.com\/ca\/termes-i-condicions\/#primaryimage\"},\"image\":{\"@id\":\"https:\/\/www.candini.com\/ca\/termes-i-condicions\/#primaryimage\"},\"thumbnailUrl\":\"https:\/\/www.candini.com\/wp-content\/uploads\/2022\/02\/Captura-de-pantalla-2022-02-01-a-las-16.43.37-1.png\",\"datePublished\":\"2022-02-09T17:28:55+00:00\",\"dateModified\":\"2026-02-06T15:27:19+00:00\",\"breadcrumb\":{\"@id\":\"https:\/\/www.candini.com\/ca\/termes-i-condicions\/#breadcrumb\"},\"inLanguage\":\"ca\",\"potentialAction\":[{\"@type\":\"ReadAction\",\"target\":[\"https:\/\/www.candini.com\/ca\/termes-i-condicions\/\"]}]},{\"@type\":\"ImageObject\",\"inLanguage\":\"ca\",\"@id\":\"https:\/\/www.candini.com\/ca\/termes-i-condicions\/#primaryimage\",\"url\":\"https:\/\/www.candini.com\/wp-content\/uploads\/2022\/02\/Captura-de-pantalla-2022-02-01-a-las-16.43.37-1.png\",\"contentUrl\":\"https:\/\/www.candini.com\/wp-content\/uploads\/2022\/02\/Captura-de-pantalla-2022-02-01-a-las-16.43.37-1.png\"},{\"@type\":\"BreadcrumbList\",\"@id\":\"https:\/\/www.candini.com\/ca\/termes-i-condicions\/#breadcrumb\",\"itemListElement\":[{\"@type\":\"ListItem\",\"position\":1,\"name\":\"Portada\",\"item\":\"https:\/\/www.candini.com\/ca\/\"},{\"@type\":\"ListItem\",\"position\":2,\"name\":\"Termes i condicions\"}]},{\"@type\":\"WebSite\",\"@id\":\"https:\/\/www.candini.com\/#website\",\"url\":\"https:\/\/www.candini.com\/\",\"name\":\"Candini\",\"description\":\"Mobles i Restauraci\u00f3\",\"publisher\":{\"@id\":\"https:\/\/www.candini.com\/#organization\"},\"potentialAction\":[{\"@type\":\"SearchAction\",\"target\":{\"@type\":\"EntryPoint\",\"urlTemplate\":\"https:\/\/www.candini.com\/?s={search_term_string}\"},\"query-input\":{\"@type\":\"PropertyValueSpecification\",\"valueRequired\":true,\"valueName\":\"search_term_string\"}}],\"inLanguage\":\"ca\"},{\"@type\":\"Organization\",\"@id\":\"https:\/\/www.candini.com\/#organization\",\"name\":\"Candini\",\"url\":\"https:\/\/www.candini.com\/\",\"logo\":{\"@type\":\"ImageObject\",\"inLanguage\":\"ca\",\"@id\":\"https:\/\/www.candini.com\/#\/schema\/logo\/image\/\",\"url\":\"https:\/\/www.candini.com\/wp-content\/uploads\/2021\/12\/cropped-cropped-Logo_nou.png\",\"contentUrl\":\"https:\/\/www.candini.com\/wp-content\/uploads\/2021\/12\/cropped-cropped-Logo_nou.png\",\"width\":498,\"height\":194,\"caption\":\"Candini\"},\"image\":{\"@id\":\"https:\/\/www.candini.com\/#\/schema\/logo\/image\/\"}}]}<\/script>\n<!-- \/ Yoast SEO plugin. -->","yoast_head_json":{"title":"Termes i condicions - Candini","robots":{"index":"index","follow":"follow","max-snippet":"max-snippet:-1","max-image-preview":"max-image-preview:large","max-video-preview":"max-video-preview:-1"},"canonical":"https:\/\/www.candini.com\/ca\/termes-i-condicions\/","og_locale":"ca_ES","og_type":"article","og_title":"Termes i condicions - Candini","og_description":"Si us plau llegeixi atentament aquesta informaci\u00f3 abans de comprar productes o contractar serveis en Candini: Com comprar? A trav\u00e9s de la p\u00e0gina web podeu triar els productes que m\u00e9s us agradin. Una vegada tingueu la cistella completada, el seg\u00fcent pas si no esteu registrats \u00e9s emplenar el formulari i l&#8217;adre\u00e7a d&#8217;enviament. A continuaci\u00f3 podreu [&hellip;]","og_url":"https:\/\/www.candini.com\/ca\/termes-i-condicions\/","og_site_name":"Candini","article_modified_time":"2026-02-06T15:27:19+00:00","og_image":[{"width":1336,"height":828,"url":"https:\/\/www.candini.com\/wp-content\/uploads\/2022\/02\/Captura-de-pantalla-2022-02-01-a-las-16.43.37-1.png","type":"image\/png"}],"twitter_card":"summary_large_image","twitter_misc":{"Temps estimat de lectura":"2 minuts"},"schema":{"@context":"https:\/\/schema.org","@graph":[{"@type":"WebPage","@id":"https:\/\/www.candini.com\/ca\/termes-i-condicions\/","url":"https:\/\/www.candini.com\/ca\/termes-i-condicions\/","name":"Termes i condicions - Candini","isPartOf":{"@id":"https:\/\/www.candini.com\/#website"},"primaryImageOfPage":{"@id":"https:\/\/www.candini.com\/ca\/termes-i-condicions\/#primaryimage"},"image":{"@id":"https:\/\/www.candini.com\/ca\/termes-i-condicions\/#primaryimage"},"thumbnailUrl":"https:\/\/www.candini.com\/wp-content\/uploads\/2022\/02\/Captura-de-pantalla-2022-02-01-a-las-16.43.37-1.png","datePublished":"2022-02-09T17:28:55+00:00","dateModified":"2026-02-06T15:27:19+00:00","breadcrumb":{"@id":"https:\/\/www.candini.com\/ca\/termes-i-condicions\/#breadcrumb"},"inLanguage":"ca","potentialAction":[{"@type":"ReadAction","target":["https:\/\/www.candini.com\/ca\/termes-i-condicions\/"]}]},{"@type":"ImageObject","inLanguage":"ca","@id":"https:\/\/www.candini.com\/ca\/termes-i-condicions\/#primaryimage","url":"https:\/\/www.candini.com\/wp-content\/uploads\/2022\/02\/Captura-de-pantalla-2022-02-01-a-las-16.43.37-1.png","contentUrl":"https:\/\/www.candini.com\/wp-content\/uploads\/2022\/02\/Captura-de-pantalla-2022-02-01-a-las-16.43.37-1.png"},{"@type":"BreadcrumbList","@id":"https:\/\/www.candini.com\/ca\/termes-i-condicions\/#breadcrumb","itemListElement":[{"@type":"ListItem","position":1,"name":"Portada","item":"https:\/\/www.candini.com\/ca\/"},{"@type":"ListItem","position":2,"name":"Termes i condicions"}]},{"@type":"WebSite","@id":"https:\/\/www.candini.com\/#website","url":"https:\/\/www.candini.com\/","name":"Candini","description":"Mobles i Restauraci\u00f3","publisher":{"@id":"https:\/\/www.candini.com\/#organization"},"potentialAction":[{"@type":"SearchAction","target":{"@type":"EntryPoint","urlTemplate":"https:\/\/www.candini.com\/?s={search_term_string}"},"query-input":{"@type":"PropertyValueSpecification","valueRequired":true,"valueName":"search_term_string"}}],"inLanguage":"ca"},{"@type":"Organization","@id":"https:\/\/www.candini.com\/#organization","name":"Candini","url":"https:\/\/www.candini.com\/","logo":{"@type":"ImageObject","inLanguage":"ca","@id":"https:\/\/www.candini.com\/#\/schema\/logo\/image\/","url":"https:\/\/www.candini.com\/wp-content\/uploads\/2021\/12\/cropped-cropped-Logo_nou.png","contentUrl":"https:\/\/www.candini.com\/wp-content\/uploads\/2021\/12\/cropped-cropped-Logo_nou.png","width":498,"height":194,"caption":"Candini"},"image":{"@id":"https:\/\/www.candini.com\/#\/schema\/logo\/image\/"}}]}},"_links":{"self":[{"href":"https:\/\/www.candini.com\/ca\/wp-json\/wp\/v2\/pages\/33975","targetHints":{"allow":["GET"]}}],"collection":[{"href":"https:\/\/www.candini.com\/ca\/wp-json\/wp\/v2\/pages"}],"about":[{"href":"https:\/\/www.candini.com\/ca\/wp-json\/wp\/v2\/types\/page"}],"author":[{"embeddable":true,"href":"https:\/\/www.candini.com\/ca\/wp-json\/wp\/v2\/users\/1"}],"replies":[{"embeddable":true,"href":"https:\/\/www.candini.com\/ca\/wp-json\/wp\/v2\/comments?post=33975"}],"version-history":[{"count":5,"href":"https:\/\/www.candini.com\/ca\/wp-json\/wp\/v2\/pages\/33975\/revisions"}],"predecessor-version":[{"id":35821,"href":"https:\/\/www.candini.com\/ca\/wp-json\/wp\/v2\/pages\/33975\/revisions\/35821"}],"wp:attachment":[{"href":"https:\/\/www.candini.com\/ca\/wp-json\/wp\/v2\/media?parent=33975"}],"curies":[{"name":"wp","href":"https:\/\/api.w.org\/{rel}","templated":true}]}}