{"id":33965,"date":"2022-02-09T15:47:57","date_gmt":"2022-02-09T15:47:57","guid":{"rendered":"https:\/\/candini.com\/avis-legal\/"},"modified":"2025-05-23T06:09:57","modified_gmt":"2025-05-23T06:09:57","slug":"avis-legal","status":"publish","type":"page","link":"https:\/\/www.candini.com\/ca\/avis-legal\/","title":{"rendered":"Av\u00eds legal"},"content":{"rendered":"\n<div class=\"wp-block-group alignfull\"><div class=\"wp-block-group__inner-container is-layout-flow wp-block-group-is-layout-flow\">\n<div class=\"wp-block-cover alignfull is-light\" style=\"min-height:247px;aspect-ratio:unset;\"><img loading=\"lazy\" decoding=\"async\" width=\"2515\" height=\"2451\" class=\"wp-block-cover__image-background wp-image-1608\" alt=\"\" src=\"https:\/\/www.candini.com\/wp-content\/uploads\/2022\/01\/IMG_5461.jpeg\" data-object-fit=\"cover\" srcset=\"https:\/\/www.candini.com\/wp-content\/uploads\/2022\/01\/IMG_5461.jpeg 2515w, https:\/\/www.candini.com\/wp-content\/uploads\/2022\/01\/IMG_5461-300x292.jpeg 300w, https:\/\/www.candini.com\/wp-content\/uploads\/2022\/01\/IMG_5461-1024x998.jpeg 1024w, https:\/\/www.candini.com\/wp-content\/uploads\/2022\/01\/IMG_5461-768x748.jpeg 768w, https:\/\/www.candini.com\/wp-content\/uploads\/2022\/01\/IMG_5461-1600x1559.jpeg 1600w, https:\/\/www.candini.com\/wp-content\/uploads\/2022\/01\/IMG_5461-1536x1497.jpeg 1536w, https:\/\/www.candini.com\/wp-content\/uploads\/2022\/01\/IMG_5461-2048x1996.jpeg 2048w, https:\/\/www.candini.com\/wp-content\/uploads\/2022\/01\/IMG_5461-750x731.jpeg 750w\" sizes=\"auto, (max-width: 2515px) 100vw, 2515px\" \/><span aria-hidden=\"true\" class=\"wp-block-cover__background has-white-background-color has-background-dim-70 has-background-dim\"><\/span><div class=\"wp-block-cover__inner-container is-layout-flow wp-block-cover-is-layout-flow\">\n<h1 class=\"wp-block-heading has-text-align-center has-accent-color has-text-color\" id=\"aviso-legal\">Av\u00eds legal<\/h1>\n<\/div><\/div>\n\n\n\n<div class=\"wp-block-group alignwide\"><div class=\"wp-block-group__inner-container is-layout-flow wp-block-group-is-layout-flow\">\n<div style=\"height:50px\" aria-hidden=\"true\" class=\"wp-block-spacer\"><\/div>\n\n\n\n<p>En compliment amb el que s&#8217;estableix en la Llei 34\/2002 d&#8217;11 de Juliol, de Serveis de la Societat de la Informaci\u00f3 i el Comer\u00e7 Electr\u00f2nic (LSSICE), s&#8217;informa dels seg\u00fcents aspectes legals:<\/p>\n\n\n\n<h4 class=\"wp-block-heading\" id=\"h-propiedad-del-sitio-web\">Propietat del lloc web<\/h4>\n\n\n\n<ul class=\"wp-block-list\">\n<li>Titular: MARIA VICT\u00d2RIA PLADELLORENS CAMPS<\/li>\n\n\n\n<li>CIF 38****01H<\/li>\n\n\n\n<li>Adre\u00e7a: Carrer Amig\u00f3, 39 08021 , Barcelona<a href=\"https:\/\/empresite.eleconomista.es\/MAGICMEX-BCN.html#container_mapa_route\"> <\/a><\/li>\n\n\n\n<li>Contacte: victoria@candini.com<\/li>\n<\/ul>\n\n\n\n<h4 class=\"wp-block-heading\" id=\"h-condiciones-generales-de-uso\">Condicions generals d&#8217;\u00fas<\/h4>\n\n\n\n<p>La p\u00e0gina web www.candini.com t\u00e9 com a objecte facilitar al p\u00fablic en general el coneixement de les activitats que realitza i dels productes i serveis que presta per al desenvolupament de la seva activitat.<\/p>\n\n\n\n<p>L&#8217;\u00fas de qualsevol de les funcionalitats del lloc web implica l&#8217;expressa i plena acceptaci\u00f3 de les condicions aqu\u00ed exposades, sense perjudici d&#8217;aquelles particulars que poguessin aplicar-se a alguns dels serveis concrets oferts a trav\u00e9s del lloc web.<\/p>\n\n\n\n<p>El titular del lloc web es reserva la facultat d&#8217;efectuar, en qualsevol moment i sense necessitat de previ av\u00eds, modificacions i actualitzacions de la informaci\u00f3 continguda en el seu web o en la configuraci\u00f3 i presentaci\u00f3 d&#8217;aquesta.<\/p>\n\n\n\n<p>A fi de mantenir actualitzada la informaci\u00f3 publicada en el portal web, els continguts d&#8217;aquest podran ser modificats, corregits, eliminats o afegits en qualsevol moment, per la qual cosa ser\u00e0 convenient comprovar la vig\u00e8ncia o exactitud d&#8217;aquests acudint sempre a les fonts oficials.<\/p>\n\n\n\n<h4 class=\"wp-block-heading\" id=\"h-propiedad-intelectual-industrial\">Propietat intel\u00b7lectual, industrial<\/h4>\n\n\n\n<p>Tots els elements que formen el lloc web, aix\u00ed com la seva estructura, disseny, codi font, logotips, marques i altres signes distintius que apareixen en aquesta, s\u00f3n titularitat de CANDINI o dels seus col\u00b7laboradors i estan protegits pels corresponents drets de propietat intel\u00b7lectual i industrial.<\/p>\n\n\n\n<p>Igualment estan protegits pels corresponents drets de propietat intel\u00b7lectual i industrial les imatges i altres elements gr\u00e0fics continguts en el lloc web. El seu \u00fas, reproducci\u00f3, distribuci\u00f3, comunicaci\u00f3 p\u00fablica, transformaci\u00f3 o qualsevol altra activitat similar o an\u00e0loga, queda totalment prohibida tret que medi\u00ef pr\u00e8via i expressa autoritzaci\u00f3 del titular.<\/p>\n\n\n\n<p>Respecte a les cites de productes i serveis de tercers, el titular del lloc web reconeix a favor dels seus titulars els corresponents drets de propietat industrial i intel\u00b7lectual, no implicant el seu sol esment o aparici\u00f3 en la web l&#8217;exist\u00e8ncia de drets ni de cap responsabilitat sobre aquests, com tampoc patrocini o recomanaci\u00f3.<\/p>\n\n\n\n<p>El titular del lloc web declara el seu respecte als drets de propietat intel\u00b7lectual i industrial de tercers; per aix\u00f2, si considera que en el nostre lloc web es poguessin estar violant els seus drets, preguem que es posi en contacte amb el titular del lloc web.<\/p>\n\n\n\n<h4 class=\"wp-block-heading\" id=\"h-responsabilidad\">Responsabilitat<\/h4>\n\n\n\n<p>El titular del lloc web no garanteix la inexist\u00e8ncia d&#8217;errors en l&#8217;acc\u00e9s a la web, en el seu contingut, ni que aquest es trobi actualitzat, encara que el titular del lloc web desenvolupar\u00e0 els seus millors esfor\u00e7os per a, en el seu cas, evitar-los, esmenar-los o actualitzar-los.<\/p>\n\n\n\n<p>Tant l&#8217;acc\u00e9s al lloc web, com l&#8217;\u00fas que es pugui fer de la informaci\u00f3 continguda en els mateixos \u00e9s d&#8217;exclusiva responsabilitat de qui el realitza.<\/p>\n\n\n\n<p>En cas que l&#8217;usuari consideri que existeix algun contingut que pogu\u00e9s ser susceptible d&#8217;aquesta classificaci\u00f3, preguem que es posi en contacte amb el titular del lloc web.<\/p>\n\n\n\n<h4 class=\"wp-block-heading\" id=\"h-enlaces\">Enlla\u00e7os<\/h4>\n\n\n\n<p>Els enlla\u00e7os continguts en el nostre lloc web poden dirigir a continguts web de tercers. L&#8217;objectiu d&#8217;aquests enlla\u00e7os \u00e9s \u00fanicament facilitar-li la cerca dels recursos que li puguin interessar a trav\u00e9s d&#8217;Internet. No obstant aix\u00f2, aquestes p\u00e0gines no pertanyen al mateix titular del lloc web, ni fa una revisi\u00f3 dels seus continguts i, per aix\u00f2, el titular del lloc web no assumeix cap responsabilitat pel contingut, informacions o serveis que poguessin apar\u00e8ixer en aquests llocs, que tindran exclusivament car\u00e0cter informatiu i que en cap cas impliquen cap relaci\u00f3 entre el titular del lloc web i les persones o entitats titulars d&#8217;aquests continguts o titulars d&#8217;altres llocs on es trobin. El titular del lloc web tampoc pot fer-se responsable del funcionament de la p\u00e0gina enlla\u00e7ada o dels possibles danys que puguin derivar-se de l&#8217;acc\u00e9s o \u00fas d&#8217;aquesta.<\/p>\n\n\n\n<h4 class=\"wp-block-heading\" id=\"h-protecci-n-de-datos\">Protecci\u00f3 de dades<\/h4>\n\n\n\n<p>Per a aquells casos que es recaptin, tractin o emmagatzemin dades personals, es far\u00e0 de conformitat amb la <a rel=\"noreferrer noopener\" href=\"https:\/\/www.conusrodellas.com\/politica-privacidad\" target=\"_blank\">Pol\u00edtica de<\/a> <a href=\"\/candini\/politica-privacidad\" target=\"_blank\" rel=\"noreferrer noopener\">Privacidad<\/a> publicada en el website i que pot consultar al peu d&#8217;aquesta.<\/p>\n\n\n\n<h4 class=\"wp-block-heading\" id=\"h-ley-aplicable-y-jurisdicci-n\">Llei Aplicable i jurisdicci\u00f3<\/h4>\n\n\n\n<p>La llei aplicable en cas de disputa o conflicte d&#8217;interpretaci\u00f3 dels termes que conformen aquest Av\u00eds Legal, aix\u00ed com qualsevol q\u00fcesti\u00f3 relacionada amb els serveis del present Portal, ser\u00e0 la llei espanyola.<\/p>\n\n\n\n<p>Per a la resoluci\u00f3 de qualsevol conflicte que pugui sorgir en ocasi\u00f3 de la visita al lloc web o de l&#8217;\u00fas dels serveis que en ell es puguin oferir, el titular del lloc web i l&#8217;usuari acorden sotmetre&#8217;s als Jutges i Tribunals de domicili de l&#8217;usuari, sempre que el mateix estigui situat en territori espanyol i actu\u00ef en condici\u00f3 de consumidor.<\/p>\n\n\n\n<p>Els Termes i condicions de compra estan especificats en l&#8217;apartat corresponent i es poden consultar al peu de la p\u00e0gina web.<\/p>\n<\/div><\/div>\n<\/div><\/div>\n\n<div style=\"height:100px\" aria-hidden=\"true\" class=\"wp-block-spacer\"><\/div>\n","protected":false},"excerpt":{"rendered":"<p>En compliment amb el que s&#8217;estableix en la Llei 34\/2002 d&#8217;11 de Juliol, de Serveis de la Societat de la Informaci\u00f3 i el Comer\u00e7 Electr\u00f2nic (LSSICE), s&#8217;informa dels seg\u00fcents aspectes legals: Propietat del lloc web Condicions generals d&#8217;\u00fas La p\u00e0gina web www.candini.com t\u00e9 com a objecte facilitar al p\u00fablic en general el coneixement de les [&hellip;]<\/p>\n","protected":false},"author":1,"featured_media":0,"parent":0,"menu_order":0,"comment_status":"closed","ping_status":"closed","template":"","meta":{"_genesis_hide_title":true,"_genesis_hide_breadcrumbs":false,"_genesis_hide_singular_image":false,"_genesis_hide_footer_widgets":false,"_genesis_custom_body_class":"","_genesis_custom_post_class":"","_genesis_layout":"","footnotes":""},"class_list":{"0":"post-33965","1":"page","2":"type-page","3":"status-publish","5":"entry"},"yoast_head":"<!-- This site is optimized with the Yoast SEO plugin v25.9 - https:\/\/yoast.com\/wordpress\/plugins\/seo\/ -->\n<title>Av\u00eds legal - Candini<\/title>\n<meta name=\"robots\" content=\"index, follow, max-snippet:-1, max-image-preview:large, max-video-preview:-1\" \/>\n<link rel=\"canonical\" href=\"https:\/\/www.candini.com\/aviso-legal\/\" \/>\n<meta property=\"og:locale\" content=\"ca_ES\" \/>\n<meta property=\"og:type\" content=\"article\" \/>\n<meta property=\"og:title\" content=\"Av\u00eds legal - Candini\" \/>\n<meta property=\"og:description\" content=\"En compliment amb el que s&#8217;estableix en la Llei 34\/2002 d&#8217;11 de Juliol, de Serveis de la Societat de la Informaci\u00f3 i el Comer\u00e7 Electr\u00f2nic (LSSICE), s&#8217;informa dels seg\u00fcents aspectes legals: Propietat del lloc web Condicions generals d&#8217;\u00fas La p\u00e0gina web www.candini.com t\u00e9 com a objecte facilitar al p\u00fablic en general el coneixement de les [&hellip;]\" \/>\n<meta property=\"og:url\" content=\"https:\/\/www.candini.com\/aviso-legal\/\" \/>\n<meta property=\"og:site_name\" content=\"Candini\" \/>\n<meta property=\"article:modified_time\" content=\"2025-05-23T06:09:57+00:00\" \/>\n<meta property=\"og:image\" content=\"https:\/\/www.candini.com\/wp-content\/uploads\/2022\/01\/IMG_5461.jpeg\" \/>\n<meta name=\"twitter:card\" content=\"summary_large_image\" \/>\n<meta name=\"twitter:label1\" content=\"Temps estimat de lectura\" \/>\n\t<meta name=\"twitter:data1\" content=\"4 minuts\" \/>\n<script type=\"application\/ld+json\" class=\"yoast-schema-graph\">{\"@context\":\"https:\/\/schema.org\",\"@graph\":[{\"@type\":\"WebPage\",\"@id\":\"https:\/\/www.candini.com\/aviso-legal\/\",\"url\":\"https:\/\/www.candini.com\/aviso-legal\/\",\"name\":\"Av\u00eds legal - Candini\",\"isPartOf\":{\"@id\":\"https:\/\/www.candini.com\/#website\"},\"primaryImageOfPage\":{\"@id\":\"https:\/\/www.candini.com\/aviso-legal\/#primaryimage\"},\"image\":{\"@id\":\"https:\/\/www.candini.com\/aviso-legal\/#primaryimage\"},\"thumbnailUrl\":\"https:\/\/www.candini.com\/wp-content\/uploads\/2022\/01\/IMG_5461.jpeg\",\"datePublished\":\"2022-02-09T15:47:57+00:00\",\"dateModified\":\"2025-05-23T06:09:57+00:00\",\"breadcrumb\":{\"@id\":\"https:\/\/www.candini.com\/aviso-legal\/#breadcrumb\"},\"inLanguage\":\"ca\",\"potentialAction\":[{\"@type\":\"ReadAction\",\"target\":[\"https:\/\/www.candini.com\/aviso-legal\/\"]}]},{\"@type\":\"ImageObject\",\"inLanguage\":\"ca\",\"@id\":\"https:\/\/www.candini.com\/aviso-legal\/#primaryimage\",\"url\":\"https:\/\/www.candini.com\/wp-content\/uploads\/2022\/01\/IMG_5461.jpeg\",\"contentUrl\":\"https:\/\/www.candini.com\/wp-content\/uploads\/2022\/01\/IMG_5461.jpeg\"},{\"@type\":\"BreadcrumbList\",\"@id\":\"https:\/\/www.candini.com\/aviso-legal\/#breadcrumb\",\"itemListElement\":[{\"@type\":\"ListItem\",\"position\":1,\"name\":\"Portada\",\"item\":\"https:\/\/www.candini.com\/ca\/\"},{\"@type\":\"ListItem\",\"position\":2,\"name\":\"Av\u00eds legal\"}]},{\"@type\":\"WebSite\",\"@id\":\"https:\/\/www.candini.com\/#website\",\"url\":\"https:\/\/www.candini.com\/\",\"name\":\"Candini\",\"description\":\"Mobles i Restauraci\u00f3\",\"publisher\":{\"@id\":\"https:\/\/www.candini.com\/#organization\"},\"potentialAction\":[{\"@type\":\"SearchAction\",\"target\":{\"@type\":\"EntryPoint\",\"urlTemplate\":\"https:\/\/www.candini.com\/?s={search_term_string}\"},\"query-input\":{\"@type\":\"PropertyValueSpecification\",\"valueRequired\":true,\"valueName\":\"search_term_string\"}}],\"inLanguage\":\"ca\"},{\"@type\":\"Organization\",\"@id\":\"https:\/\/www.candini.com\/#organization\",\"name\":\"Candini\",\"url\":\"https:\/\/www.candini.com\/\",\"logo\":{\"@type\":\"ImageObject\",\"inLanguage\":\"ca\",\"@id\":\"https:\/\/www.candini.com\/#\/schema\/logo\/image\/\",\"url\":\"https:\/\/www.candini.com\/wp-content\/uploads\/2021\/12\/cropped-cropped-Logo_nou.png\",\"contentUrl\":\"https:\/\/www.candini.com\/wp-content\/uploads\/2021\/12\/cropped-cropped-Logo_nou.png\",\"width\":498,\"height\":194,\"caption\":\"Candini\"},\"image\":{\"@id\":\"https:\/\/www.candini.com\/#\/schema\/logo\/image\/\"}}]}<\/script>\n<!-- \/ Yoast SEO plugin. -->","yoast_head_json":{"title":"Av\u00eds legal - Candini","robots":{"index":"index","follow":"follow","max-snippet":"max-snippet:-1","max-image-preview":"max-image-preview:large","max-video-preview":"max-video-preview:-1"},"canonical":"https:\/\/www.candini.com\/aviso-legal\/","og_locale":"ca_ES","og_type":"article","og_title":"Av\u00eds legal - Candini","og_description":"En compliment amb el que s&#8217;estableix en la Llei 34\/2002 d&#8217;11 de Juliol, de Serveis de la Societat de la Informaci\u00f3 i el Comer\u00e7 Electr\u00f2nic (LSSICE), s&#8217;informa dels seg\u00fcents aspectes legals: Propietat del lloc web Condicions generals d&#8217;\u00fas La p\u00e0gina web www.candini.com t\u00e9 com a objecte facilitar al p\u00fablic en general el coneixement de les [&hellip;]","og_url":"https:\/\/www.candini.com\/aviso-legal\/","og_site_name":"Candini","article_modified_time":"2025-05-23T06:09:57+00:00","og_image":[{"url":"https:\/\/www.candini.com\/wp-content\/uploads\/2022\/01\/IMG_5461.jpeg","type":"","width":"","height":""}],"twitter_card":"summary_large_image","twitter_misc":{"Temps estimat de lectura":"4 minuts"},"schema":{"@context":"https:\/\/schema.org","@graph":[{"@type":"WebPage","@id":"https:\/\/www.candini.com\/aviso-legal\/","url":"https:\/\/www.candini.com\/aviso-legal\/","name":"Av\u00eds legal - Candini","isPartOf":{"@id":"https:\/\/www.candini.com\/#website"},"primaryImageOfPage":{"@id":"https:\/\/www.candini.com\/aviso-legal\/#primaryimage"},"image":{"@id":"https:\/\/www.candini.com\/aviso-legal\/#primaryimage"},"thumbnailUrl":"https:\/\/www.candini.com\/wp-content\/uploads\/2022\/01\/IMG_5461.jpeg","datePublished":"2022-02-09T15:47:57+00:00","dateModified":"2025-05-23T06:09:57+00:00","breadcrumb":{"@id":"https:\/\/www.candini.com\/aviso-legal\/#breadcrumb"},"inLanguage":"ca","potentialAction":[{"@type":"ReadAction","target":["https:\/\/www.candini.com\/aviso-legal\/"]}]},{"@type":"ImageObject","inLanguage":"ca","@id":"https:\/\/www.candini.com\/aviso-legal\/#primaryimage","url":"https:\/\/www.candini.com\/wp-content\/uploads\/2022\/01\/IMG_5461.jpeg","contentUrl":"https:\/\/www.candini.com\/wp-content\/uploads\/2022\/01\/IMG_5461.jpeg"},{"@type":"BreadcrumbList","@id":"https:\/\/www.candini.com\/aviso-legal\/#breadcrumb","itemListElement":[{"@type":"ListItem","position":1,"name":"Portada","item":"https:\/\/www.candini.com\/ca\/"},{"@type":"ListItem","position":2,"name":"Av\u00eds legal"}]},{"@type":"WebSite","@id":"https:\/\/www.candini.com\/#website","url":"https:\/\/www.candini.com\/","name":"Candini","description":"Mobles i Restauraci\u00f3","publisher":{"@id":"https:\/\/www.candini.com\/#organization"},"potentialAction":[{"@type":"SearchAction","target":{"@type":"EntryPoint","urlTemplate":"https:\/\/www.candini.com\/?s={search_term_string}"},"query-input":{"@type":"PropertyValueSpecification","valueRequired":true,"valueName":"search_term_string"}}],"inLanguage":"ca"},{"@type":"Organization","@id":"https:\/\/www.candini.com\/#organization","name":"Candini","url":"https:\/\/www.candini.com\/","logo":{"@type":"ImageObject","inLanguage":"ca","@id":"https:\/\/www.candini.com\/#\/schema\/logo\/image\/","url":"https:\/\/www.candini.com\/wp-content\/uploads\/2021\/12\/cropped-cropped-Logo_nou.png","contentUrl":"https:\/\/www.candini.com\/wp-content\/uploads\/2021\/12\/cropped-cropped-Logo_nou.png","width":498,"height":194,"caption":"Candini"},"image":{"@id":"https:\/\/www.candini.com\/#\/schema\/logo\/image\/"}}]}},"_links":{"self":[{"href":"https:\/\/www.candini.com\/ca\/wp-json\/wp\/v2\/pages\/33965","targetHints":{"allow":["GET"]}}],"collection":[{"href":"https:\/\/www.candini.com\/ca\/wp-json\/wp\/v2\/pages"}],"about":[{"href":"https:\/\/www.candini.com\/ca\/wp-json\/wp\/v2\/types\/page"}],"author":[{"embeddable":true,"href":"https:\/\/www.candini.com\/ca\/wp-json\/wp\/v2\/users\/1"}],"replies":[{"embeddable":true,"href":"https:\/\/www.candini.com\/ca\/wp-json\/wp\/v2\/comments?post=33965"}],"version-history":[{"count":4,"href":"https:\/\/www.candini.com\/ca\/wp-json\/wp\/v2\/pages\/33965\/revisions"}],"predecessor-version":[{"id":35319,"href":"https:\/\/www.candini.com\/ca\/wp-json\/wp\/v2\/pages\/33965\/revisions\/35319"}],"wp:attachment":[{"href":"https:\/\/www.candini.com\/ca\/wp-json\/wp\/v2\/media?parent=33965"}],"curies":[{"name":"wp","href":"https:\/\/api.w.org\/{rel}","templated":true}]}}