{"id":33960,"date":"2022-02-09T15:34:50","date_gmt":"2022-02-09T15:34:50","guid":{"rendered":"https:\/\/candini.com\/politica-de-cookies\/"},"modified":"2022-02-09T15:39:12","modified_gmt":"2022-02-09T15:39:12","slug":"politica-de-cookies","status":"publish","type":"page","link":"https:\/\/www.candini.com\/ca\/politica-de-cookies\/","title":{"rendered":"Pol\u00edtica de cookies"},"content":{"rendered":"\n<div class=\"wp-block-cover alignfull is-light\" style=\"min-height:224px;aspect-ratio:unset;\"><span aria-hidden=\"true\" class=\"has-white-background-color has-background-dim-80 wp-block-cover__gradient-background has-background-dim\"><\/span><img loading=\"lazy\" decoding=\"async\" width=\"2560\" height=\"1920\" class=\"wp-block-cover__image-background wp-image-1811\" alt=\"\" src=\"https:\/\/candini.com\/wp-content\/uploads\/2022\/01\/IMG_5402-1-scaled.jpeg\" data-object-fit=\"cover\" srcset=\"https:\/\/www.candini.com\/wp-content\/uploads\/2022\/01\/IMG_5402-1-scaled.jpeg 2560w, https:\/\/www.candini.com\/wp-content\/uploads\/2022\/01\/IMG_5402-1-300x225.jpeg 300w, https:\/\/www.candini.com\/wp-content\/uploads\/2022\/01\/IMG_5402-1-1024x768.jpeg 1024w, https:\/\/www.candini.com\/wp-content\/uploads\/2022\/01\/IMG_5402-1-768x576.jpeg 768w, https:\/\/www.candini.com\/wp-content\/uploads\/2022\/01\/IMG_5402-1-1600x1200.jpeg 1600w, https:\/\/www.candini.com\/wp-content\/uploads\/2022\/01\/IMG_5402-1-1536x1152.jpeg 1536w, https:\/\/www.candini.com\/wp-content\/uploads\/2022\/01\/IMG_5402-1-2048x1536.jpeg 2048w, https:\/\/www.candini.com\/wp-content\/uploads\/2022\/01\/IMG_5402-1-750x563.jpeg 750w\" sizes=\"auto, (max-width: 2560px) 100vw, 2560px\" \/><div class=\"wp-block-cover__inner-container is-layout-flow wp-block-cover-is-layout-flow\">\n<h1 class=\"has-text-align-center has-accent-color has-text-color wp-block-heading\" id=\"politica-de-cookies\">Pol\u00edtica de cookies<\/h1>\n<\/div><\/div>\n\n<div style=\"height:50px\" aria-hidden=\"true\" class=\"wp-block-spacer\"><\/div>\n\n<div class=\"wp-block-group alignwide\"><div class=\"wp-block-group__inner-container is-layout-flow wp-block-group-is-layout-flow\">\n<p class=\"has-normal-font-size\">Les cookies s\u00f3n petits arxius que s&#8217;instal\u00b7len en l&#8217;ordinador de l&#8217;usuari i que permeten al responsable d&#8217;un servei millorar la manera d&#8217;interactuar entre els seus visitants i el seu lloc web: per exemple, en el moment de seleccionar l&#8217;idioma i que aquest de mantingui en tota la web. En alguns casos, la instal\u00b7laci\u00f3 d&#8217;aquestes cookies requereix del consentiment de l&#8217;usuari.<\/p>\n\n\n\n<p class=\"has-normal-font-size\">Les cookies en cap cas serveixen per a obtenir dades sensibles de l&#8217;usuari ni del navegador.<\/p>\n\n\n\n<p class=\"has-normal-font-size\">Existeixen diferents classes de cookies, afectades i no afectades per la Llei:<\/p>\n\n\n\n<p>Cookies no afectades:<\/p>\n\n\n\n<ul class=\"has-normal-font-size wp-block-list\"><li>T\u00e8cniques: S\u00f3n necess\u00e0ries per a la navegaci\u00f3. Sense elles la p\u00e0gina no funcionaria adequadament.<\/li><li>De personalitzaci\u00f3 o configuraci\u00f3: Permeten que la p\u00e0gina reconegui l&#8217;idioma de l&#8217;usuari, la grand\u00e0ria de lletres, etc.<\/li><li>De seguretat: Impedeixen o dificulten atacs contra el lloc web o els seus usuaris.<\/li><\/ul>\n\n\n<p class=\"has-normal-font-size\">Cookies afectades:<\/p>\n\n\n\n<ul class=\"has-normal-font-size wp-block-list\"><li>Anal\u00edtiques: Permeten mesurar l&#8217;activitat dels usuaris i elaborar estad\u00edstiques de navegaci\u00f3.<\/li><li>Publicit\u00e0ries: Gestionen la freq\u00fc\u00e8ncia i el contingut dels anuncis.<\/li><li>De seguiment: Emmagatzemen informaci\u00f3 sobre els usuaris per a mostrar-los publicitat personalitzada.<\/li><\/ul>\n\n\n<p class=\"has-normal-font-size\">&#8220;Candini.com&#8221; informa que el lloc web utilitza Google Analytics, un servei anal\u00edtic de web prestat per Google, Inc., una companyia de Delaware l&#8217;oficina principal de la qual est\u00e0 en 1600 Amphitheatre Parkway, Mountain View (Calif\u00f2rnia), CA 94043, els Estats Units (\u00abGoogle\u00bb).<\/p>\n\n\n\n<p class=\"has-normal-font-size\">Google Analytics utilitza \u00abcookies\u00bb, que s\u00f3n arxius de text situats en el seu ordinador, per a ajudar el website a analitzar l&#8217;\u00fas que fan els usuaris del lloc web. La informaci\u00f3 que genera la cookie sobre el seu \u00fas del website (incloent la seva adre\u00e7a IP) ser\u00e0 directament transmesa i arxivada per Google en els servidors dels Estats Units.<\/p>\n\n\n\n<p class=\"has-normal-font-size\">Quan visita la web de \u201cCandini.com\u201d, algunes cookies no les instal\u00b7larem nosaltres, sin\u00f3 que les instal\u00b7laran tercers. Per exemple, si fa clic en un anunci d&#8217;un tercer que apareix en el lloc web (\u00e9s a dir, que anuncia un producte que no venem nosaltres), aquest tercer pot instal\u00b7lar les cookies en el seu dispositiu. Tenim una relaci\u00f3 comercial amb aquests tercers per\u00f2 no instal\u00b7lem les cookies en el seu dispositiu. Per tant, suggerim que vagi als llocs web d&#8217;aquests tercers per a obtenir m\u00e9s informaci\u00f3 sobre les cookies que instal\u00b7len i com vost\u00e8 pot gestionar-les.<\/p>\n\n\n\n<p class=\"has-normal-font-size\">Pot vost\u00e8 rebutjar el tractament de les dades o la informaci\u00f3 rebutjant l&#8217;\u00fas de cookies mitjan\u00e7ant la selecci\u00f3 de la configuraci\u00f3 apropiada del seu navegador, no obstant aix\u00f2, deu vost\u00e8 saber que si ho fa pot ser que no pugui usar la plena funcionabilidad d&#8217;aquest website. En utilitzar aquest lloc web vost\u00e8 consent el tractament d&#8217;informaci\u00f3 sobre vost\u00e8 per Google en la forma i per als fins a dalt indicats.<\/p>\n\n\n\n<p class=\"has-normal-font-size\">Per a desactivar\/activar cookies del seu dispositiu, haur\u00e0 de fer-ho a trav\u00e9s del seu navegador d&#8217;Internet, mitjan\u00e7ant la icona que apareix a la cantonada inferior esquerra de la seva pantalla.<\/p>\n\n\n\n<h4 class=\"wp-block-heading\" id=\"h-c-mo-desactivar-activar-las-cookies-de-terceros\">Com desactivar\/activar les cookies de tercers?<\/h4>\n\n\n\n<p class=\"has-normal-font-size\">Les cookies de tercers no les instal\u00b7lem nosaltres. Per tant, suggerim que miri en els llocs web d&#8217;aquests tercers per a obtenir informaci\u00f3 sobre les cookies que instal\u00b7len i com les pot gestionar.<\/p>\n<\/div><\/div>\n\n<div style=\"height:100px\" aria-hidden=\"true\" class=\"wp-block-spacer\"><\/div>\n","protected":false},"excerpt":{"rendered":"<p>Les cookies s\u00f3n petits arxius que s&#8217;instal\u00b7len en l&#8217;ordinador de l&#8217;usuari i que permeten al responsable d&#8217;un servei millorar la manera d&#8217;interactuar entre els seus visitants i el seu lloc web: per exemple, en el moment de seleccionar l&#8217;idioma i que aquest de mantingui en tota la web. En alguns casos, la instal\u00b7laci\u00f3 d&#8217;aquestes cookies [&hellip;]<\/p>\n","protected":false},"author":1,"featured_media":0,"parent":0,"menu_order":0,"comment_status":"closed","ping_status":"closed","template":"","meta":{"_genesis_hide_title":true,"_genesis_hide_breadcrumbs":false,"_genesis_hide_singular_image":false,"_genesis_hide_footer_widgets":false,"_genesis_custom_body_class":"","_genesis_custom_post_class":"","_genesis_layout":"","footnotes":""},"class_list":{"0":"post-33960","1":"page","2":"type-page","3":"status-publish","5":"entry","6":"has-post-thumbnail"},"yoast_head":"<!-- This site is optimized with the Yoast SEO plugin v25.9 - https:\/\/yoast.com\/wordpress\/plugins\/seo\/ -->\n<title>Pol\u00edtica de cookies - Candini<\/title>\n<meta name=\"robots\" content=\"index, follow, max-snippet:-1, max-image-preview:large, max-video-preview:-1\" \/>\n<link rel=\"canonical\" href=\"https:\/\/www.candini.com\/politica-de-cookies\/\" \/>\n<meta property=\"og:locale\" content=\"ca_ES\" \/>\n<meta property=\"og:type\" content=\"article\" \/>\n<meta property=\"og:title\" content=\"Pol\u00edtica de cookies - Candini\" \/>\n<meta property=\"og:description\" content=\"Les cookies s\u00f3n petits arxius que s&#8217;instal\u00b7len en l&#8217;ordinador de l&#8217;usuari i que permeten al responsable d&#8217;un servei millorar la manera d&#8217;interactuar entre els seus visitants i el seu lloc web: per exemple, en el moment de seleccionar l&#8217;idioma i que aquest de mantingui en tota la web. En alguns casos, la instal\u00b7laci\u00f3 d&#8217;aquestes cookies [&hellip;]\" \/>\n<meta property=\"og:url\" content=\"https:\/\/www.candini.com\/politica-de-cookies\/\" \/>\n<meta property=\"og:site_name\" content=\"Candini\" \/>\n<meta property=\"article:modified_time\" content=\"2022-02-09T15:39:12+00:00\" \/>\n<meta property=\"og:image\" content=\"https:\/\/candini.com\/wp-content\/uploads\/2022\/01\/IMG_5402-1-scaled.jpeg\" \/>\n<meta name=\"twitter:card\" content=\"summary_large_image\" \/>\n<meta name=\"twitter:label1\" content=\"Temps estimat de lectura\" \/>\n\t<meta name=\"twitter:data1\" content=\"3 minuts\" \/>\n<script type=\"application\/ld+json\" class=\"yoast-schema-graph\">{\"@context\":\"https:\/\/schema.org\",\"@graph\":[{\"@type\":\"WebPage\",\"@id\":\"https:\/\/www.candini.com\/politica-de-cookies\/\",\"url\":\"https:\/\/www.candini.com\/politica-de-cookies\/\",\"name\":\"Pol\u00edtica de cookies - Candini\",\"isPartOf\":{\"@id\":\"https:\/\/www.candini.com\/#website\"},\"primaryImageOfPage\":{\"@id\":\"https:\/\/www.candini.com\/politica-de-cookies\/#primaryimage\"},\"image\":{\"@id\":\"https:\/\/www.candini.com\/politica-de-cookies\/#primaryimage\"},\"thumbnailUrl\":\"https:\/\/candini.com\/wp-content\/uploads\/2022\/01\/IMG_5402-1-scaled.jpeg\",\"datePublished\":\"2022-02-09T15:34:50+00:00\",\"dateModified\":\"2022-02-09T15:39:12+00:00\",\"breadcrumb\":{\"@id\":\"https:\/\/www.candini.com\/politica-de-cookies\/#breadcrumb\"},\"inLanguage\":\"ca\",\"potentialAction\":[{\"@type\":\"ReadAction\",\"target\":[\"https:\/\/www.candini.com\/politica-de-cookies\/\"]}]},{\"@type\":\"ImageObject\",\"inLanguage\":\"ca\",\"@id\":\"https:\/\/www.candini.com\/politica-de-cookies\/#primaryimage\",\"url\":\"https:\/\/candini.com\/wp-content\/uploads\/2022\/01\/IMG_5402-1-scaled.jpeg\",\"contentUrl\":\"https:\/\/candini.com\/wp-content\/uploads\/2022\/01\/IMG_5402-1-scaled.jpeg\"},{\"@type\":\"BreadcrumbList\",\"@id\":\"https:\/\/www.candini.com\/politica-de-cookies\/#breadcrumb\",\"itemListElement\":[{\"@type\":\"ListItem\",\"position\":1,\"name\":\"Portada\",\"item\":\"https:\/\/www.candini.com\/ca\/\"},{\"@type\":\"ListItem\",\"position\":2,\"name\":\"Pol\u00edtica de cookies\"}]},{\"@type\":\"WebSite\",\"@id\":\"https:\/\/www.candini.com\/#website\",\"url\":\"https:\/\/www.candini.com\/\",\"name\":\"Candini\",\"description\":\"Mobles i Restauraci\u00f3\",\"publisher\":{\"@id\":\"https:\/\/www.candini.com\/#organization\"},\"potentialAction\":[{\"@type\":\"SearchAction\",\"target\":{\"@type\":\"EntryPoint\",\"urlTemplate\":\"https:\/\/www.candini.com\/?s={search_term_string}\"},\"query-input\":{\"@type\":\"PropertyValueSpecification\",\"valueRequired\":true,\"valueName\":\"search_term_string\"}}],\"inLanguage\":\"ca\"},{\"@type\":\"Organization\",\"@id\":\"https:\/\/www.candini.com\/#organization\",\"name\":\"Candini\",\"url\":\"https:\/\/www.candini.com\/\",\"logo\":{\"@type\":\"ImageObject\",\"inLanguage\":\"ca\",\"@id\":\"https:\/\/www.candini.com\/#\/schema\/logo\/image\/\",\"url\":\"https:\/\/www.candini.com\/wp-content\/uploads\/2021\/12\/cropped-cropped-Logo_nou.png\",\"contentUrl\":\"https:\/\/www.candini.com\/wp-content\/uploads\/2021\/12\/cropped-cropped-Logo_nou.png\",\"width\":498,\"height\":194,\"caption\":\"Candini\"},\"image\":{\"@id\":\"https:\/\/www.candini.com\/#\/schema\/logo\/image\/\"}}]}<\/script>\n<!-- \/ Yoast SEO plugin. -->","yoast_head_json":{"title":"Pol\u00edtica de cookies - Candini","robots":{"index":"index","follow":"follow","max-snippet":"max-snippet:-1","max-image-preview":"max-image-preview:large","max-video-preview":"max-video-preview:-1"},"canonical":"https:\/\/www.candini.com\/politica-de-cookies\/","og_locale":"ca_ES","og_type":"article","og_title":"Pol\u00edtica de cookies - Candini","og_description":"Les cookies s\u00f3n petits arxius que s&#8217;instal\u00b7len en l&#8217;ordinador de l&#8217;usuari i que permeten al responsable d&#8217;un servei millorar la manera d&#8217;interactuar entre els seus visitants i el seu lloc web: per exemple, en el moment de seleccionar l&#8217;idioma i que aquest de mantingui en tota la web. En alguns casos, la instal\u00b7laci\u00f3 d&#8217;aquestes cookies [&hellip;]","og_url":"https:\/\/www.candini.com\/politica-de-cookies\/","og_site_name":"Candini","article_modified_time":"2022-02-09T15:39:12+00:00","og_image":[{"url":"https:\/\/candini.com\/wp-content\/uploads\/2022\/01\/IMG_5402-1-scaled.jpeg","type":"","width":"","height":""}],"twitter_card":"summary_large_image","twitter_misc":{"Temps estimat de lectura":"3 minuts"},"schema":{"@context":"https:\/\/schema.org","@graph":[{"@type":"WebPage","@id":"https:\/\/www.candini.com\/politica-de-cookies\/","url":"https:\/\/www.candini.com\/politica-de-cookies\/","name":"Pol\u00edtica de cookies - Candini","isPartOf":{"@id":"https:\/\/www.candini.com\/#website"},"primaryImageOfPage":{"@id":"https:\/\/www.candini.com\/politica-de-cookies\/#primaryimage"},"image":{"@id":"https:\/\/www.candini.com\/politica-de-cookies\/#primaryimage"},"thumbnailUrl":"https:\/\/candini.com\/wp-content\/uploads\/2022\/01\/IMG_5402-1-scaled.jpeg","datePublished":"2022-02-09T15:34:50+00:00","dateModified":"2022-02-09T15:39:12+00:00","breadcrumb":{"@id":"https:\/\/www.candini.com\/politica-de-cookies\/#breadcrumb"},"inLanguage":"ca","potentialAction":[{"@type":"ReadAction","target":["https:\/\/www.candini.com\/politica-de-cookies\/"]}]},{"@type":"ImageObject","inLanguage":"ca","@id":"https:\/\/www.candini.com\/politica-de-cookies\/#primaryimage","url":"https:\/\/candini.com\/wp-content\/uploads\/2022\/01\/IMG_5402-1-scaled.jpeg","contentUrl":"https:\/\/candini.com\/wp-content\/uploads\/2022\/01\/IMG_5402-1-scaled.jpeg"},{"@type":"BreadcrumbList","@id":"https:\/\/www.candini.com\/politica-de-cookies\/#breadcrumb","itemListElement":[{"@type":"ListItem","position":1,"name":"Portada","item":"https:\/\/www.candini.com\/ca\/"},{"@type":"ListItem","position":2,"name":"Pol\u00edtica de cookies"}]},{"@type":"WebSite","@id":"https:\/\/www.candini.com\/#website","url":"https:\/\/www.candini.com\/","name":"Candini","description":"Mobles i Restauraci\u00f3","publisher":{"@id":"https:\/\/www.candini.com\/#organization"},"potentialAction":[{"@type":"SearchAction","target":{"@type":"EntryPoint","urlTemplate":"https:\/\/www.candini.com\/?s={search_term_string}"},"query-input":{"@type":"PropertyValueSpecification","valueRequired":true,"valueName":"search_term_string"}}],"inLanguage":"ca"},{"@type":"Organization","@id":"https:\/\/www.candini.com\/#organization","name":"Candini","url":"https:\/\/www.candini.com\/","logo":{"@type":"ImageObject","inLanguage":"ca","@id":"https:\/\/www.candini.com\/#\/schema\/logo\/image\/","url":"https:\/\/www.candini.com\/wp-content\/uploads\/2021\/12\/cropped-cropped-Logo_nou.png","contentUrl":"https:\/\/www.candini.com\/wp-content\/uploads\/2021\/12\/cropped-cropped-Logo_nou.png","width":498,"height":194,"caption":"Candini"},"image":{"@id":"https:\/\/www.candini.com\/#\/schema\/logo\/image\/"}}]}},"_links":{"self":[{"href":"https:\/\/www.candini.com\/ca\/wp-json\/wp\/v2\/pages\/33960","targetHints":{"allow":["GET"]}}],"collection":[{"href":"https:\/\/www.candini.com\/ca\/wp-json\/wp\/v2\/pages"}],"about":[{"href":"https:\/\/www.candini.com\/ca\/wp-json\/wp\/v2\/types\/page"}],"author":[{"embeddable":true,"href":"https:\/\/www.candini.com\/ca\/wp-json\/wp\/v2\/users\/1"}],"replies":[{"embeddable":true,"href":"https:\/\/www.candini.com\/ca\/wp-json\/wp\/v2\/comments?post=33960"}],"version-history":[{"count":1,"href":"https:\/\/www.candini.com\/ca\/wp-json\/wp\/v2\/pages\/33960\/revisions"}],"predecessor-version":[{"id":33961,"href":"https:\/\/www.candini.com\/ca\/wp-json\/wp\/v2\/pages\/33960\/revisions\/33961"}],"wp:attachment":[{"href":"https:\/\/www.candini.com\/ca\/wp-json\/wp\/v2\/media?parent=33960"}],"curies":[{"name":"wp","href":"https:\/\/api.w.org\/{rel}","templated":true}]}}